{"id":793,"date":"2023-11-22T08:56:25","date_gmt":"2023-11-22T08:56:25","guid":{"rendered":"https:\/\/digesco.com\/?page_id=793"},"modified":"2024-01-18T10:46:54","modified_gmt":"2024-01-18T10:46:54","slug":"reformas-integrales-sabadell","status":"publish","type":"page","link":"https:\/\/digesco.com\/es\/reformas-integrales-sabadell\/","title":{"rendered":"Reformas integrales Sabadell"},"content":{"rendered":"<div data-elementor-type=\"wp-page\" data-elementor-id=\"793\" class=\"elementor elementor-793\" data-elementor-post-type=\"page\">\n\t\t\t\t\t\t<section class=\"elementor-section elementor-top-section elementor-element elementor-element-5eb36b22 elementor-section-boxed elementor-section-height-default elementor-section-height-default\" data-id=\"5eb36b22\" data-element_type=\"section\" data-e-type=\"section\">\n\t\t\t\t\t\t<div class=\"elementor-container elementor-column-gap-default\">\n\t\t\t\t\t<div class=\"elementor-column elementor-col-50 elementor-top-column elementor-element elementor-element-20b07713\" data-id=\"20b07713\" data-element_type=\"column\" data-e-type=\"column\">\n\t\t\t<div class=\"elementor-widget-wrap elementor-element-populated\">\n\t\t\t\t\t\t<section class=\"elementor-section elementor-inner-section elementor-element elementor-element-2b4bc00f elementor-section-boxed elementor-section-height-default elementor-section-height-default\" data-id=\"2b4bc00f\" data-element_type=\"section\" data-e-type=\"section\">\n\t\t\t\t\t\t<div class=\"elementor-container elementor-column-gap-default\">\n\t\t\t\t\t<div class=\"elementor-column elementor-col-100 elementor-inner-column elementor-element elementor-element-2c71c917 elementor-invisible\" data-id=\"2c71c917\" data-element_type=\"column\" data-e-type=\"column\" data-settings=\"{&quot;animation&quot;:&quot;fadeInUp&quot;}\">\n\t\t\t<div class=\"elementor-widget-wrap elementor-element-populated\">\n\t\t\t\t\t\t<div class=\"elementor-element elementor-element-331a93e1 elementor-widget elementor-widget-heading\" data-id=\"331a93e1\" data-element_type=\"widget\" data-e-type=\"widget\" data-widget_type=\"heading.default\">\n\t\t\t\t<div class=\"elementor-widget-container\">\n\t\t\t\t\t<h1 class=\"elementor-heading-title elementor-size-default\">Reformas integrales Sabadell<\/h1>\t\t\t\t<\/div>\n\t\t\t\t<\/div>\n\t\t\t\t<div class=\"elementor-element elementor-element-70cd8a3a elementor-widget elementor-widget-text-editor\" data-id=\"70cd8a3a\" data-element_type=\"widget\" data-e-type=\"widget\" data-widget_type=\"text-editor.default\">\n\t\t\t\t<div class=\"elementor-widget-container\">\n\t\t\t\t\t\t\t\t\t<p>Bienvenido a Digesco: Transformamos Tu Espacio cono <strong>Reformas Integrales en Sabadell<\/strong><\/p><p>En Digesco, nos complace ser t\u00fa aliado confiable para <strong>reformas integrales en Sabadell<\/strong>. Nos destacamos en la oferta de servicios de construcci\u00f3n y dise\u00f1o que no s\u00f3lo mejoran, sino que transforman completamente tu hogar o espacio comercial. Nuestra dedicaci\u00f3n a la excelencia y la meticulosa atenci\u00f3n al detalle nos posiciona como l\u00edderes indiscutibles en el sector de las <strong>reformas integrales en Sabadell<\/strong>.<\/p><p>Entendemos que cada espacio es \u00fanico, y en Digesco, nos comprometemos a adaptarlo a tus necesidades y gustos espec\u00edficos. Nuestro equipo altamente capacitado trabaja en estrecha colaboraci\u00f3n contigo desde la fase inicial de planificaci\u00f3n hasta la ejecuci\u00f3n final, garantizando una transformaci\u00f3n completa y sin complicaciones que se alinee con tus expectativas.<\/p><p>\u00bfVisualizas una cocina moderna y eficiente o un ba\u00f1o relajante y elegante? En Digesco, convertimos tus sue\u00f1os en realidad con nuestras <strong>reformas integrales en Sabadell<\/strong>. Cada proyecto se adapta a tus necesidades y gustos, creando un espacio \u00fanico ya medida que refleja tu personalidad. Nos ocupamos de todos los detalles, desde la cuidadosa selecci\u00f3n de materiales de alta calidad hasta una ejecuci\u00f3n precisa, garantizando resultados duraderos y est\u00e9ticamente atractivos.<\/p><p>\u00a0<\/p>\t\t\t\t\t\t\t\t<\/div>\n\t\t\t\t<\/div>\n\t\t\t\t<div class=\"elementor-element elementor-element-a20a47a elementor-align-center elementor-widget elementor-widget-button\" data-id=\"a20a47a\" data-element_type=\"widget\" data-e-type=\"widget\" data-widget_type=\"button.default\">\n\t\t\t\t<div class=\"elementor-widget-container\">\n\t\t\t\t\t\t\t\t\t<div class=\"elementor-button-wrapper\">\n\t\t\t\t\t<a class=\"elementor-button elementor-button-link elementor-size-sm\" href=\"https:\/\/digesco.com\/es\/contacto\/\">\n\t\t\t\t\t\t<span class=\"elementor-button-content-wrapper\">\n\t\t\t\t\t\t\t\t\t<span class=\"elementor-button-text\">CONTACTA CON NOSOTROS<\/span>\n\t\t\t\t\t<\/span>\n\t\t\t\t\t<\/a>\n\t\t\t\t<\/div>\n\t\t\t\t\t\t\t\t<\/div>\n\t\t\t\t<\/div>\n\t\t\t\t<div class=\"elementor-element elementor-element-e64a8c6 elementor-widget elementor-widget-text-editor\" data-id=\"e64a8c6\" data-element_type=\"widget\" data-e-type=\"widget\" data-widget_type=\"text-editor.default\">\n\t\t\t\t<div class=\"elementor-widget-container\">\n\t\t\t\t\t\t\t\t\t<p style=\"text-align: justify;\">Cuando decides confiar en Digesco para llevar a cabo sus reformas integrales en Sabadell, est\u00e1s tomando la decisi\u00f3n de liberarte de las preocupaciones y el estr\u00e9s que conlleva la gesti\u00f3n de un proyecto de esta magnitud. En Digesco, asumimos la responsabilidad de todos los aspectos, permiti\u00e9ndote disfrutar de los beneficios sin la carga de la gesti\u00f3n. \u00c9sta es nuestra promesa y compromiso contigo.<\/p><p style=\"text-align: justify;\">Nuestra misi\u00f3n es hacer que todo el proceso sea eficiente, ajust\u00e1ndonos al presupuesto acordado y siguiendo el plan detallado. Nos consolidamos como t\u00fa socio de confianza en la transformaci\u00f3n de tu espacio, garantizando que cada fase del proyecto se lleve a cabo con profesionalismo y precisi\u00f3n. En Digesco, comprendemos que confiar en alguien con la renovaci\u00f3n de tu hogar o espacio comercial es una decisi\u00f3n significativa, y estamos aqu\u00ed para ser tu apoyo s\u00f3lido en todo el proceso.<\/p><p style=\"text-align: justify;\">En Digesco, la calidad es nuestra m\u00e1xima prioridad. Cada detalle de tu proyecto de reforma integral se maneja con esmero y atenci\u00f3n meticulosa, desde la fase inicial de dise\u00f1o hasta la ejecuci\u00f3n final. Nuestra vasta experiencia y dedicaci\u00f3n se reflejan en cada etapa del proceso, asegurando que tu espacio renovado cumple con los m\u00e1s altos est\u00e1ndares de calidad y dise\u00f1o. Cada decisi\u00f3n, cada material seleccionado, cada mano de obra aplicada, est\u00e1 imbuida con el compromiso inquebrantable de proporcionarte resultados que superen tus expectativas.<\/p><p style=\"text-align: justify;\">Te invitamos a transformar tu hogar o espacio comercial con las reformas integrales en Sabadell de Digesco. Conf\u00eda en nosotros para hacer realidad tu visi\u00f3n. \u00a1Cont\u00e1ctanos hoy y descubre c\u00f3mo podemos transformar tu espacio de forma excepcional! Reformas integrales en Sabadell, porque tu espacio merece lo mejor. Estamos aqu\u00ed para convertir tus sue\u00f1os en una realidad tangible y hacer de ti espacio un testimonio de calidad y estilo.<\/p>\t\t\t\t\t\t\t\t<\/div>\n\t\t\t\t<\/div>\n\t\t\t\t\t<\/div>\n\t\t<\/div>\n\t\t\t\t\t<\/div>\n\t\t<\/section>\n\t\t\t\t\t<\/div>\n\t\t<\/div>\n\t\t\t\t<div class=\"elementor-column elementor-col-50 elementor-top-column elementor-element elementor-element-2461a1e\" data-id=\"2461a1e\" data-element_type=\"column\" data-e-type=\"column\">\n\t\t\t<div class=\"elementor-widget-wrap elementor-element-populated\">\n\t\t\t\t\t\t<section class=\"elementor-section elementor-inner-section elementor-element elementor-element-81b39c6 elementor-section-boxed elementor-section-height-default elementor-section-height-default\" data-id=\"81b39c6\" data-element_type=\"section\" data-e-type=\"section\">\n\t\t\t\t\t\t<div class=\"elementor-container elementor-column-gap-default\">\n\t\t\t\t\t<div class=\"elementor-column elementor-col-100 elementor-inner-column elementor-element elementor-element-15a0742c elementor-invisible\" data-id=\"15a0742c\" data-element_type=\"column\" data-e-type=\"column\" data-settings=\"{&quot;animation&quot;:&quot;fadeInRight&quot;,&quot;background_background&quot;:&quot;classic&quot;}\">\n\t\t\t<div class=\"elementor-widget-wrap elementor-element-populated\">\n\t\t\t\t\t\t<div class=\"elementor-element elementor-element-f211b16 elementor-widget elementor-widget-heading\" data-id=\"f211b16\" data-element_type=\"widget\" data-e-type=\"widget\" data-widget_type=\"heading.default\">\n\t\t\t\t<div class=\"elementor-widget-container\">\n\t\t\t\t\t<h3 class=\"elementor-heading-title elementor-size-default\">P\u00f3ngase en contacto con nosotros<\/h3>\t\t\t\t<\/div>\n\t\t\t\t<\/div>\n\t\t\t\t<div class=\"elementor-element elementor-element-025291a elementor-widget-divider--view-line elementor-widget elementor-widget-divider\" data-id=\"025291a\" data-element_type=\"widget\" data-e-type=\"widget\" data-widget_type=\"divider.default\">\n\t\t\t\t<div class=\"elementor-widget-container\">\n\t\t\t\t\t\t\t<div class=\"elementor-divider\">\n\t\t\t<span class=\"elementor-divider-separator\">\n\t\t\t\t\t\t<\/span>\n\t\t<\/div>\n\t\t\t\t\t\t<\/div>\n\t\t\t\t<\/div>\n\t\t\t\t<div class=\"elementor-element elementor-element-6fe87dc7 elementor-button-align-start elementor-mobile-button-align-stretch elementor-widget elementor-widget-form\" data-id=\"6fe87dc7\" data-element_type=\"widget\" data-e-type=\"widget\" data-settings=\"{&quot;step_next_label&quot;:&quot;Next&quot;,&quot;step_previous_label&quot;:&quot;Previous&quot;,&quot;button_width&quot;:&quot;100&quot;,&quot;step_type&quot;:&quot;number_text&quot;,&quot;step_icon_shape&quot;:&quot;circle&quot;}\" data-widget_type=\"form.default\">\n\t\t\t\t<div class=\"elementor-widget-container\">\n\t\t\t\t\t\t\t<form class=\"elementor-form\" method=\"post\" name=\"New Form\" aria-label=\"New Form\" action=\"\">\r\n\t\t\t<input type=\"hidden\" name=\"post_id\" value=\"793\"\/>\r\n\t\t\t<input type=\"hidden\" name=\"form_id\" value=\"6fe87dc7\"\/>\r\n\t\t\t<input type=\"hidden\" name=\"referer_title\" value=\"Reformas integrales Sabadell - Digesco | Empresa de Reformas\" \/>\r\n\r\n\t\t\t\t\t\t\t<input type=\"hidden\" name=\"queried_id\" value=\"793\"\/>\r\n\t\t\t\r\n\t\t\t<div class=\"elementor-form-fields-wrapper elementor-labels-above\">\r\n\t\t\t\t\t\t\t\t<div class=\"elementor-field-type-text elementor-field-group elementor-column elementor-field-group-name elementor-col-100 elementor-field-required\">\r\n\t\t\t\t\t\t\t\t\t\t\t\t<label for=\"form-field-name\" class=\"elementor-field-label\">\r\n\t\t\t\t\t\t\t\tNombre\t\t\t\t\t\t\t<\/label>\r\n\t\t\t\t\t\t\t\t\t\t\t\t\t\t<input size=\"1\" type=\"text\" name=\"form_fields[name]\" id=\"form-field-name\" class=\"elementor-field elementor-size-md  elementor-field-textual\" placeholder=\"Nombre\" required=\"required\">\r\n\t\t\t\t\t\t\t\t\t\t\t<\/div>\r\n\t\t\t\t\t\t\t\t<div class=\"elementor-field-type-email elementor-field-group elementor-column elementor-field-group-email elementor-col-100 elementor-field-required\">\r\n\t\t\t\t\t\t\t\t\t\t\t\t<label for=\"form-field-email\" class=\"elementor-field-label\">\r\n\t\t\t\t\t\t\t\tCorreo electr\u00f3nico\t\t\t\t\t\t\t<\/label>\r\n\t\t\t\t\t\t\t\t\t\t\t\t\t\t<input size=\"1\" type=\"email\" name=\"form_fields[email]\" id=\"form-field-email\" class=\"elementor-field elementor-size-md  elementor-field-textual\" placeholder=\"Correo electr\u00f3nico\" required=\"required\">\r\n\t\t\t\t\t\t\t\t\t\t\t<\/div>\r\n\t\t\t\t\t\t\t\t<div class=\"elementor-field-type-text elementor-field-group elementor-column elementor-field-group-field_29a6e76 elementor-col-100\">\r\n\t\t\t\t\t\t\t\t\t\t\t\t<label for=\"form-field-field_29a6e76\" class=\"elementor-field-label\">\r\n\t\t\t\t\t\t\t\tAsunto\t\t\t\t\t\t\t<\/label>\r\n\t\t\t\t\t\t\t\t\t\t\t\t\t\t<input size=\"1\" type=\"text\" name=\"form_fields[field_29a6e76]\" id=\"form-field-field_29a6e76\" class=\"elementor-field elementor-size-md  elementor-field-textual\" placeholder=\"Asunto\">\r\n\t\t\t\t\t\t\t\t\t\t\t<\/div>\r\n\t\t\t\t\t\t\t\t<div class=\"elementor-field-type-textarea elementor-field-group elementor-column elementor-field-group-message elementor-col-100 elementor-field-required\">\r\n\t\t\t\t\t\t\t\t\t\t\t\t<label for=\"form-field-message\" class=\"elementor-field-label\">\r\n\t\t\t\t\t\t\t\tMensaje\t\t\t\t\t\t\t<\/label>\r\n\t\t\t\t\t\t<textarea class=\"elementor-field-textual elementor-field  elementor-size-md\" name=\"form_fields[message]\" id=\"form-field-message\" rows=\"4\" placeholder=\"Mensaje\" required=\"required\"><\/textarea>\t\t\t\t<\/div>\r\n\t\t\t\t\t\t\t\t<div class=\"elementor-field-type-acceptance elementor-field-group elementor-column elementor-field-group-field_2b576c2 elementor-col-100 elementor-field-required\">\r\n\t\t\t\t\t\t\t<div class=\"elementor-field-subgroup\">\r\n\t\t\t<span class=\"elementor-field-option\">\r\n\t\t\t\t<input type=\"checkbox\" name=\"form_fields[field_2b576c2]\" id=\"form-field-field_2b576c2\" class=\"elementor-field elementor-size-md  elementor-acceptance-field\" required=\"required\">\r\n\t\t\t\t<label for=\"form-field-field_2b576c2\">He le\u00eddo y acepto la <a href=\"https:\/\/digesco.com\/es\/politica-de-proteccio-de-dades\/\">pol\u00edtica de privacidad.<\/a><\/label>\t\t\t<\/span>\r\n\t\t<\/div>\r\n\t\t\t\t\t\t<\/div>\r\n\t\t\t\t\t\t\t\t<div class=\"elementor-field-group elementor-column elementor-field-type-submit elementor-col-100 e-form__buttons\">\r\n\t\t\t\t\t<button class=\"elementor-button elementor-size-md\" type=\"submit\">\r\n\t\t\t\t\t\t<span class=\"elementor-button-content-wrapper\">\r\n\t\t\t\t\t\t\t\t\t\t\t\t\t\t\t\t\t\t\t\t\t\t<span class=\"elementor-button-text\">ENVIAR<\/span>\r\n\t\t\t\t\t\t\t\t\t\t\t\t\t<\/span>\r\n\t\t\t\t\t<\/button>\r\n\t\t\t\t<\/div>\r\n\t\t\t<\/div>\r\n\t\t<input type=\"hidden\" name=\"trp-form-language\" value=\"es\"\/><\/form>\r\n\t\t\t\t\t\t<\/div>\n\t\t\t\t<\/div>\n\t\t\t\t\t<\/div>\n\t\t<\/div>\n\t\t\t\t\t<\/div>\n\t\t<\/section>\n\t\t\t\t\t<\/div>\n\t\t<\/div>\n\t\t\t\t\t<\/div>\n\t\t<\/section>\n\t\t\t\t<\/div>","protected":false},"excerpt":{"rendered":"<p>Reformas integrales Sabadell Bienvenido a Digesco: Transformamos Tu Espacio con Reformas Integrales en Sabadell En Digesco, nos complace ser tu aliado confiable para reformas integrales en Sabadell. Nos destacamos en la oferta de servicios de construcci\u00f3n y dise\u00f1o que no solo mejoran, sino que transforman completamente tu hogar o espacio comercial. Nuestra dedicaci\u00f3n a la&hellip;&nbsp;<a href=\"https:\/\/digesco.com\/es\/reformas-integrales-sabadell\/\" rel=\"bookmark\"><span class=\"screen-reader-text\">Reformas integrales Sabadell<\/span><\/a><\/p>","protected":false},"author":2,"featured_media":0,"parent":0,"menu_order":0,"comment_status":"closed","ping_status":"closed","template":"page-templates\/template-pagebuilder-full-width.php","meta":{"neve_meta_sidebar":"","neve_meta_container":"","neve_meta_enable_content_width":"off","neve_meta_content_width":100,"neve_meta_title_alignment":"","neve_meta_author_avatar":"","neve_post_elements_order":"","neve_meta_disable_header":"","neve_meta_disable_footer":"","neve_meta_disable_title":"","_joinchat":[],"footnotes":""},"class_list":["post-793","page","type-page","status-publish","hentry"],"yoast_head":"<!-- This site is optimized with the Yoast SEO plugin v26.9 - https:\/\/yoast.com\/product\/yoast-seo-wordpress\/ -->\n<title>Reformas integrales Sabadell - Digesco | Empresa de Reformas<\/title>\n<meta name=\"robots\" content=\"index, follow, max-snippet:-1, max-image-preview:large, max-video-preview:-1\" \/>\n<link rel=\"canonical\" href=\"https:\/\/digesco.com\/es\/reformas-integrales-sabadell\/\" \/>\n<meta property=\"og:locale\" content=\"es_ES\" \/>\n<meta property=\"og:type\" content=\"article\" \/>\n<meta property=\"og:title\" content=\"Reformas integrales Sabadell - Digesco | Empresa de Reformas\" \/>\n<meta property=\"og:description\" content=\"Reformas integrales Sabadell Bienvenido a Digesco: Transformamos Tu Espacio con Reformas Integrales en Sabadell En Digesco, nos complace ser tu aliado confiable para reformas integrales en Sabadell. Nos destacamos en la oferta de servicios de construcci\u00f3n y dise\u00f1o que no solo mejoran, sino que transforman completamente tu hogar o espacio comercial. Nuestra dedicaci\u00f3n a la&hellip;&nbsp;Reformas integrales Sabadell\" \/>\n<meta property=\"og:url\" content=\"https:\/\/digesco.com\/es\/reformas-integrales-sabadell\/\" \/>\n<meta property=\"og:site_name\" content=\"Digesco | Empresa de Reformas\" \/>\n<meta property=\"article:modified_time\" content=\"2024-01-18T10:46:54+00:00\" \/>\n<meta name=\"twitter:card\" content=\"summary_large_image\" \/>\n<meta name=\"twitter:label1\" content=\"Tiempo de lectura\" \/>\n\t<meta name=\"twitter:data1\" content=\"3 minutos\" \/>\n<script type=\"application\/ld+json\" class=\"yoast-schema-graph\">{\"@context\":\"https:\/\/schema.org\",\"@graph\":[{\"@type\":\"WebPage\",\"@id\":\"https:\/\/digesco.com\/es\/reformas-integrales-sabadell\/\",\"url\":\"https:\/\/digesco.com\/es\/reformas-integrales-sabadell\/\",\"name\":\"Reformas integrales Sabadell - Digesco | Empresa de Reformas\",\"isPartOf\":{\"@id\":\"https:\/\/digesco.com\/es\/#website\"},\"datePublished\":\"2023-11-22T08:56:25+00:00\",\"dateModified\":\"2024-01-18T10:46:54+00:00\",\"breadcrumb\":{\"@id\":\"https:\/\/digesco.com\/es\/reformas-integrales-sabadell\/#breadcrumb\"},\"inLanguage\":\"es\",\"potentialAction\":[{\"@type\":\"ReadAction\",\"target\":[\"https:\/\/digesco.com\/es\/reformas-integrales-sabadell\/\"]}]},{\"@type\":\"BreadcrumbList\",\"@id\":\"https:\/\/digesco.com\/es\/reformas-integrales-sabadell\/#breadcrumb\",\"itemListElement\":[{\"@type\":\"ListItem\",\"position\":1,\"name\":\"Portada\",\"item\":\"https:\/\/digesco.com\/es\/\"},{\"@type\":\"ListItem\",\"position\":2,\"name\":\"Reformas integrales Sabadell\"}]},{\"@type\":\"WebSite\",\"@id\":\"https:\/\/digesco.com\/es\/#website\",\"url\":\"https:\/\/digesco.com\/es\/\",\"name\":\"Digesco | Empresa de Reformas\",\"description\":\"Empresa especializada y dedicada al mundo de la construcci\u00f3n, con trabajos tanto en el \u00e1mbito p\u00fablico como privado. En digesco ofrecemos un servicio integral para la construcci\u00f3n\",\"potentialAction\":[{\"@type\":\"SearchAction\",\"target\":{\"@type\":\"EntryPoint\",\"urlTemplate\":\"https:\/\/digesco.com\/es\/?s={search_term_string}\"},\"query-input\":{\"@type\":\"PropertyValueSpecification\",\"valueRequired\":true,\"valueName\":\"search_term_string\"}}],\"inLanguage\":\"es\"}]}<\/script>\n<!-- \/ Yoast SEO plugin. -->","yoast_head_json":{"title":"Reformas integrales Sabadell - Digesco | Empresa de Reformas","robots":{"index":"index","follow":"follow","max-snippet":"max-snippet:-1","max-image-preview":"max-image-preview:large","max-video-preview":"max-video-preview:-1"},"canonical":"https:\/\/digesco.com\/es\/reformas-integrales-sabadell\/","og_locale":"es_ES","og_type":"article","og_title":"Reformas integrales Sabadell - Digesco | Empresa de Reformas","og_description":"Reformas integrales Sabadell Bienvenido a Digesco: Transformamos Tu Espacio con Reformas Integrales en Sabadell En Digesco, nos complace ser tu aliado confiable para reformas integrales en Sabadell. Nos destacamos en la oferta de servicios de construcci\u00f3n y dise\u00f1o que no solo mejoran, sino que transforman completamente tu hogar o espacio comercial. Nuestra dedicaci\u00f3n a la&hellip;&nbsp;Reformas integrales Sabadell","og_url":"https:\/\/digesco.com\/es\/reformas-integrales-sabadell\/","og_site_name":"Digesco | Empresa de Reformas","article_modified_time":"2024-01-18T10:46:54+00:00","twitter_card":"summary_large_image","twitter_misc":{"Tiempo de lectura":"3 minutos"},"schema":{"@context":"https:\/\/schema.org","@graph":[{"@type":"WebPage","@id":"https:\/\/digesco.com\/es\/reformas-integrales-sabadell\/","url":"https:\/\/digesco.com\/es\/reformas-integrales-sabadell\/","name":"Reformas integrales Sabadell - Digesco | Empresa de Reformas","isPartOf":{"@id":"https:\/\/digesco.com\/es\/#website"},"datePublished":"2023-11-22T08:56:25+00:00","dateModified":"2024-01-18T10:46:54+00:00","breadcrumb":{"@id":"https:\/\/digesco.com\/es\/reformas-integrales-sabadell\/#breadcrumb"},"inLanguage":"es","potentialAction":[{"@type":"ReadAction","target":["https:\/\/digesco.com\/es\/reformas-integrales-sabadell\/"]}]},{"@type":"BreadcrumbList","@id":"https:\/\/digesco.com\/es\/reformas-integrales-sabadell\/#breadcrumb","itemListElement":[{"@type":"ListItem","position":1,"name":"Portada","item":"https:\/\/digesco.com\/es\/"},{"@type":"ListItem","position":2,"name":"Reformas integrales Sabadell"}]},{"@type":"WebSite","@id":"https:\/\/digesco.com\/es\/#website","url":"https:\/\/digesco.com\/es\/","name":"Digesco | Empresa de Reformas","description":"Empresa especializada y dedicada al mundo de la construcci\u00f3n, con trabajos tanto en el \u00e1mbito p\u00fablico como privado. En digesco ofrecemos un servicio integral para la construcci\u00f3n","potentialAction":[{"@type":"SearchAction","target":{"@type":"EntryPoint","urlTemplate":"https:\/\/digesco.com\/es\/?s={search_term_string}"},"query-input":{"@type":"PropertyValueSpecification","valueRequired":true,"valueName":"search_term_string"}}],"inLanguage":"es"}]}},"_links":{"self":[{"href":"https:\/\/digesco.com\/es\/wp-json\/wp\/v2\/pages\/793","targetHints":{"allow":["GET"]}}],"collection":[{"href":"https:\/\/digesco.com\/es\/wp-json\/wp\/v2\/pages"}],"about":[{"href":"https:\/\/digesco.com\/es\/wp-json\/wp\/v2\/types\/page"}],"author":[{"embeddable":true,"href":"https:\/\/digesco.com\/es\/wp-json\/wp\/v2\/users\/2"}],"replies":[{"embeddable":true,"href":"https:\/\/digesco.com\/es\/wp-json\/wp\/v2\/comments?post=793"}],"version-history":[{"count":10,"href":"https:\/\/digesco.com\/es\/wp-json\/wp\/v2\/pages\/793\/revisions"}],"predecessor-version":[{"id":958,"href":"https:\/\/digesco.com\/es\/wp-json\/wp\/v2\/pages\/793\/revisions\/958"}],"wp:attachment":[{"href":"https:\/\/digesco.com\/es\/wp-json\/wp\/v2\/media?parent=793"}],"curies":[{"name":"wp","href":"https:\/\/api.w.org\/{rel}","templated":true}]}}