{"id":790,"date":"2023-11-22T08:55:47","date_gmt":"2023-11-22T08:55:47","guid":{"rendered":"https:\/\/digesco.com\/?page_id=790"},"modified":"2024-01-18T10:48:40","modified_gmt":"2024-01-18T10:48:40","slug":"reformas-integrales-barcelona","status":"publish","type":"page","link":"https:\/\/digesco.com\/es\/reformas-integrales-barcelona\/","title":{"rendered":"Reformas integrales Barcelona"},"content":{"rendered":"<div data-elementor-type=\"wp-page\" data-elementor-id=\"790\" class=\"elementor elementor-790\" data-elementor-post-type=\"page\">\n\t\t\t\t\t\t<section class=\"elementor-section elementor-top-section elementor-element elementor-element-5eb36b22 elementor-section-boxed elementor-section-height-default elementor-section-height-default\" data-id=\"5eb36b22\" data-element_type=\"section\" data-e-type=\"section\">\n\t\t\t\t\t\t<div class=\"elementor-container elementor-column-gap-default\">\n\t\t\t\t\t<div class=\"elementor-column elementor-col-50 elementor-top-column elementor-element elementor-element-20b07713\" data-id=\"20b07713\" data-element_type=\"column\" data-e-type=\"column\">\n\t\t\t<div class=\"elementor-widget-wrap elementor-element-populated\">\n\t\t\t\t\t\t<section class=\"elementor-section elementor-inner-section elementor-element elementor-element-2b4bc00f elementor-section-boxed elementor-section-height-default elementor-section-height-default\" data-id=\"2b4bc00f\" data-element_type=\"section\" data-e-type=\"section\">\n\t\t\t\t\t\t<div class=\"elementor-container elementor-column-gap-default\">\n\t\t\t\t\t<div class=\"elementor-column elementor-col-100 elementor-inner-column elementor-element elementor-element-2c71c917 elementor-invisible\" data-id=\"2c71c917\" data-element_type=\"column\" data-e-type=\"column\" data-settings=\"{&quot;animation&quot;:&quot;fadeInUp&quot;}\">\n\t\t\t<div class=\"elementor-widget-wrap elementor-element-populated\">\n\t\t\t\t\t\t<div class=\"elementor-element elementor-element-331a93e1 elementor-widget elementor-widget-heading\" data-id=\"331a93e1\" data-element_type=\"widget\" data-e-type=\"widget\" data-widget_type=\"heading.default\">\n\t\t\t\t<div class=\"elementor-widget-container\">\n\t\t\t\t\t<h1 class=\"elementor-heading-title elementor-size-default\">Reformas integrales Barcelona<\/h1>\t\t\t\t<\/div>\n\t\t\t\t<\/div>\n\t\t\t\t<div class=\"elementor-element elementor-element-70cd8a3a elementor-widget elementor-widget-text-editor\" data-id=\"70cd8a3a\" data-element_type=\"widget\" data-e-type=\"widget\" data-widget_type=\"text-editor.default\">\n\t\t\t\t<div class=\"elementor-widget-container\">\n\t\t\t\t\t\t\t\t\t<p>\u00a1Bienvenido a Digesco, t\u00fa aliado confiable en el fascinante mundo de las <strong>reformas integrales en Barcelona<\/strong>! Nos especializamos en proporcionar soluciones completas para la transformaci\u00f3n de tu hogar o puesto de trabajo, asegur\u00e1ndonos de que cada espacio evolucione y se adapte con el tiempo.<\/p><p>En el coraz\u00f3n de nuestra filosof\u00eda en Digesco, resalta nuestra dedicaci\u00f3n a la constante b\u00fasqueda de la combinaci\u00f3n perfecta entre dise\u00f1o y funcionalidad, una misi\u00f3n que refuerza nuestra posici\u00f3n como l\u00edderes en <strong>reformas integrales en Barcelona<\/strong>. No nos conformamos con la creaci\u00f3n de espacios meramente visualmente atractivos; nuestra verdadera aspiraci\u00f3n radica en desarrollar ambientes altamente pr\u00e1cticos y personalizados, meticulosamente adaptados a tus necesidades espec\u00edficas. En cada proyecto, nos sumergimos en una an\u00e1lisis detallado, utilizando materiales de alta calidad que no s\u00f3lo prometen, sino que garantizan resultados duraderos y plenamente satisfactorios.<\/p><p>Imagina una transformaci\u00f3n total de tu espacio, donde cada rinc\u00f3n refleja aut\u00e9nticamente tu estilo y personalidad, algo que logramos como maestr\u00eda en nuestras reformas integrales. Desde el dise\u00f1o inicial hasta la ejecuci\u00f3n final, cada proyecto se adapta cuidadosamente a tus gustos y necesidades, dando lugar a un espacio \u00fanico ya medida que supera cualquier expectativa. En Digesco, las reformas integrales son m\u00e1s que una tarea; son la materializaci\u00f3n de tus sue\u00f1os espaciales.<\/p><p>Comprendemos que la gesti\u00f3n de un proyecto de reforma puede ser una abrumadora tarea, especialmente en una ciudad vibrante como Barcelona. Es por eso que en Digesco nos encargamos de todos los aspectos del proceso, liber\u00e1ndote del estr\u00e9s asociado con la gesti\u00f3n de proyectos de <strong>reformas integrales en Barcelona<\/strong>. Nuestro objetivo es que experimentes los beneficios de la transformaci\u00f3n sin distracciones, permiti\u00e9ndote concentrarte en lo verdaderamente importante: disfrutar del espacio renovado que hemos creado para ti.<\/p>\t\t\t\t\t\t\t\t<\/div>\n\t\t\t\t<\/div>\n\t\t\t\t<div class=\"elementor-element elementor-element-7d11bf8 elementor-align-center elementor-widget elementor-widget-button\" data-id=\"7d11bf8\" data-element_type=\"widget\" data-e-type=\"widget\" data-widget_type=\"button.default\">\n\t\t\t\t<div class=\"elementor-widget-container\">\n\t\t\t\t\t\t\t\t\t<div class=\"elementor-button-wrapper\">\n\t\t\t\t\t<a class=\"elementor-button elementor-button-link elementor-size-sm\" href=\"https:\/\/digesco.com\/es\/contacto\/\">\n\t\t\t\t\t\t<span class=\"elementor-button-content-wrapper\">\n\t\t\t\t\t\t\t\t\t<span class=\"elementor-button-text\">CONTACTA CON NOSOTROS<\/span>\n\t\t\t\t\t<\/span>\n\t\t\t\t\t<\/a>\n\t\t\t\t<\/div>\n\t\t\t\t\t\t\t\t<\/div>\n\t\t\t\t<\/div>\n\t\t\t\t<div class=\"elementor-element elementor-element-c2d5f3f elementor-widget elementor-widget-text-editor\" data-id=\"c2d5f3f\" data-element_type=\"widget\" data-e-type=\"widget\" data-widget_type=\"text-editor.default\">\n\t\t\t\t<div class=\"elementor-widget-container\">\n\t\t\t\t\t\t\t\t\t<p style=\"text-align: justify;\">Tu socio confiable en el mundo de las\u00a0<strong>reformas integrales en Barcelona<\/strong>. En el n\u00facleo de nuestra filosof\u00eda, destacamos la constante b\u00fasqueda de la combinaci\u00f3n perfecta entre dise\u00f1o y funcionalidad, un enfoque que nos ha consolidado como referentes en reformas integrales en Barcelona.<\/p><p style=\"text-align: justify;\">En definitiva, en Digesco no s\u00f3lo llevamos a cabo reformas integrales, sino que nos dedicamos apasionadamente a la tarea de crear experiencias verdaderamente transformadoras. Cada proyecto que emprendemos es considerado una obra \u00fanica, una oportunidad para fusionar tus aspiraciones con nuestro compromiso inquebrantable con la excelencia.<\/p><p style=\"text-align: justify;\">Nos enorgullece ser t\u00fa socio en la creaci\u00f3n de espacios que trascienden lo convencional, superando todas tus expectativas. En cada paso del proceso, desde la concepci\u00f3n del dise\u00f1o hasta la ejecuci\u00f3n final, nuestra misi\u00f3n es asegurar que tu visi\u00f3n se convierta en una realidad palpable y significativa.<\/p><p style=\"text-align: justify;\">En Digesco, entendemos que la aut\u00e9ntica transformaci\u00f3n va m\u00e1s all\u00e1 de la est\u00e9tica superficial. Nos esforzamos por conseguir la sinergia perfecta entre dise\u00f1o y funcionalidad, buscando no s\u00f3lo crear espacios visualmente atractivos, sino tambi\u00e9n entornos altamente pr\u00e1cticos y adaptados a tu estilo de vida o las necesidades espec\u00edficas de tu negocio.<\/p><p style=\"text-align: justify;\">Te invitamos a no esperar m\u00e1s para dar el paso hacia la transformaci\u00f3n total de tu hogar o puesto de trabajo. En Digesco, estamos aqu\u00ed para materializar sus sue\u00f1os. \u00a1Cont\u00e1ctanos hoy mismo y descubre c\u00f3mo nuestras reformas integrales en Barcelona pueden marcar una diferencia significativa en la calidad y el ambiente de tu espacio! Permitimos que tu visi\u00f3n cubre vida, creando un entorno que no s\u00f3lo satisfaga tus necesidades, sino que tambi\u00e9n refleja tu personalidad y estilo distintivos. \u00a1Haz de ti espacio un testimonio de la excelencia en dise\u00f1o y funcionalidad con Digesco!<\/p>\t\t\t\t\t\t\t\t<\/div>\n\t\t\t\t<\/div>\n\t\t\t\t\t<\/div>\n\t\t<\/div>\n\t\t\t\t\t<\/div>\n\t\t<\/section>\n\t\t\t\t\t<\/div>\n\t\t<\/div>\n\t\t\t\t<div class=\"elementor-column elementor-col-50 elementor-top-column elementor-element elementor-element-2461a1e\" data-id=\"2461a1e\" data-element_type=\"column\" data-e-type=\"column\">\n\t\t\t<div class=\"elementor-widget-wrap elementor-element-populated\">\n\t\t\t\t\t\t<section class=\"elementor-section elementor-inner-section elementor-element elementor-element-81b39c6 elementor-section-boxed elementor-section-height-default elementor-section-height-default\" data-id=\"81b39c6\" data-element_type=\"section\" data-e-type=\"section\">\n\t\t\t\t\t\t<div class=\"elementor-container elementor-column-gap-default\">\n\t\t\t\t\t<div class=\"elementor-column elementor-col-100 elementor-inner-column elementor-element elementor-element-15a0742c elementor-invisible\" data-id=\"15a0742c\" data-element_type=\"column\" data-e-type=\"column\" data-settings=\"{&quot;animation&quot;:&quot;fadeInRight&quot;,&quot;background_background&quot;:&quot;classic&quot;}\">\n\t\t\t<div class=\"elementor-widget-wrap elementor-element-populated\">\n\t\t\t\t\t\t<div class=\"elementor-element elementor-element-f211b16 elementor-widget elementor-widget-heading\" data-id=\"f211b16\" data-element_type=\"widget\" data-e-type=\"widget\" data-widget_type=\"heading.default\">\n\t\t\t\t<div class=\"elementor-widget-container\">\n\t\t\t\t\t<h3 class=\"elementor-heading-title elementor-size-default\">P\u00f3ngase en contacto con nosotros<\/h3>\t\t\t\t<\/div>\n\t\t\t\t<\/div>\n\t\t\t\t<div class=\"elementor-element elementor-element-025291a elementor-widget-divider--view-line elementor-widget elementor-widget-divider\" data-id=\"025291a\" data-element_type=\"widget\" data-e-type=\"widget\" data-widget_type=\"divider.default\">\n\t\t\t\t<div class=\"elementor-widget-container\">\n\t\t\t\t\t\t\t<div class=\"elementor-divider\">\n\t\t\t<span class=\"elementor-divider-separator\">\n\t\t\t\t\t\t<\/span>\n\t\t<\/div>\n\t\t\t\t\t\t<\/div>\n\t\t\t\t<\/div>\n\t\t\t\t<div class=\"elementor-element elementor-element-6fe87dc7 elementor-button-align-start elementor-mobile-button-align-stretch elementor-widget elementor-widget-form\" data-id=\"6fe87dc7\" data-element_type=\"widget\" data-e-type=\"widget\" data-settings=\"{&quot;step_next_label&quot;:&quot;Next&quot;,&quot;step_previous_label&quot;:&quot;Previous&quot;,&quot;button_width&quot;:&quot;100&quot;,&quot;step_type&quot;:&quot;number_text&quot;,&quot;step_icon_shape&quot;:&quot;circle&quot;}\" data-widget_type=\"form.default\">\n\t\t\t\t<div class=\"elementor-widget-container\">\n\t\t\t\t\t\t\t<form class=\"elementor-form\" method=\"post\" name=\"New Form\" aria-label=\"New Form\" action=\"\">\r\n\t\t\t<input type=\"hidden\" name=\"post_id\" value=\"790\"\/>\r\n\t\t\t<input type=\"hidden\" name=\"form_id\" value=\"6fe87dc7\"\/>\r\n\t\t\t<input type=\"hidden\" name=\"referer_title\" value=\"Reformas integrales Barcelona - Digesco | Empresa de Reformas\" \/>\r\n\r\n\t\t\t\t\t\t\t<input type=\"hidden\" name=\"queried_id\" value=\"790\"\/>\r\n\t\t\t\r\n\t\t\t<div class=\"elementor-form-fields-wrapper elementor-labels-above\">\r\n\t\t\t\t\t\t\t\t<div class=\"elementor-field-type-text elementor-field-group elementor-column elementor-field-group-name elementor-col-100 elementor-field-required\">\r\n\t\t\t\t\t\t\t\t\t\t\t\t<label for=\"form-field-name\" class=\"elementor-field-label\">\r\n\t\t\t\t\t\t\t\tNombre\t\t\t\t\t\t\t<\/label>\r\n\t\t\t\t\t\t\t\t\t\t\t\t\t\t<input size=\"1\" type=\"text\" name=\"form_fields[name]\" id=\"form-field-name\" class=\"elementor-field elementor-size-md  elementor-field-textual\" placeholder=\"Nombre\" required=\"required\">\r\n\t\t\t\t\t\t\t\t\t\t\t<\/div>\r\n\t\t\t\t\t\t\t\t<div class=\"elementor-field-type-email elementor-field-group elementor-column elementor-field-group-email elementor-col-100 elementor-field-required\">\r\n\t\t\t\t\t\t\t\t\t\t\t\t<label for=\"form-field-email\" class=\"elementor-field-label\">\r\n\t\t\t\t\t\t\t\tCorreo electr\u00f3nico\t\t\t\t\t\t\t<\/label>\r\n\t\t\t\t\t\t\t\t\t\t\t\t\t\t<input size=\"1\" type=\"email\" name=\"form_fields[email]\" id=\"form-field-email\" class=\"elementor-field elementor-size-md  elementor-field-textual\" placeholder=\"Correo electr\u00f3nico\" required=\"required\">\r\n\t\t\t\t\t\t\t\t\t\t\t<\/div>\r\n\t\t\t\t\t\t\t\t<div class=\"elementor-field-type-text elementor-field-group elementor-column elementor-field-group-field_29a6e76 elementor-col-100\">\r\n\t\t\t\t\t\t\t\t\t\t\t\t<label for=\"form-field-field_29a6e76\" class=\"elementor-field-label\">\r\n\t\t\t\t\t\t\t\tAsunto\t\t\t\t\t\t\t<\/label>\r\n\t\t\t\t\t\t\t\t\t\t\t\t\t\t<input size=\"1\" type=\"text\" name=\"form_fields[field_29a6e76]\" id=\"form-field-field_29a6e76\" class=\"elementor-field elementor-size-md  elementor-field-textual\" placeholder=\"Asunto\">\r\n\t\t\t\t\t\t\t\t\t\t\t<\/div>\r\n\t\t\t\t\t\t\t\t<div class=\"elementor-field-type-textarea elementor-field-group elementor-column elementor-field-group-message elementor-col-100 elementor-field-required\">\r\n\t\t\t\t\t\t\t\t\t\t\t\t<label for=\"form-field-message\" class=\"elementor-field-label\">\r\n\t\t\t\t\t\t\t\tMensaje\t\t\t\t\t\t\t<\/label>\r\n\t\t\t\t\t\t<textarea class=\"elementor-field-textual elementor-field  elementor-size-md\" name=\"form_fields[message]\" id=\"form-field-message\" rows=\"4\" placeholder=\"Mensaje\" required=\"required\"><\/textarea>\t\t\t\t<\/div>\r\n\t\t\t\t\t\t\t\t<div class=\"elementor-field-type-acceptance elementor-field-group elementor-column elementor-field-group-field_2b576c2 elementor-col-100 elementor-field-required\">\r\n\t\t\t\t\t\t\t<div class=\"elementor-field-subgroup\">\r\n\t\t\t<span class=\"elementor-field-option\">\r\n\t\t\t\t<input type=\"checkbox\" name=\"form_fields[field_2b576c2]\" id=\"form-field-field_2b576c2\" class=\"elementor-field elementor-size-md  elementor-acceptance-field\" required=\"required\">\r\n\t\t\t\t<label for=\"form-field-field_2b576c2\">He le\u00eddo y acepto la <a href=\"https:\/\/digesco.com\/es\/politica-de-proteccio-de-dades\/\">pol\u00edtica de privacidad.<\/a><\/label>\t\t\t<\/span>\r\n\t\t<\/div>\r\n\t\t\t\t\t\t<\/div>\r\n\t\t\t\t\t\t\t\t<div class=\"elementor-field-group elementor-column elementor-field-type-submit elementor-col-100 e-form__buttons\">\r\n\t\t\t\t\t<button class=\"elementor-button elementor-size-md\" type=\"submit\">\r\n\t\t\t\t\t\t<span class=\"elementor-button-content-wrapper\">\r\n\t\t\t\t\t\t\t\t\t\t\t\t\t\t\t\t\t\t\t\t\t\t<span class=\"elementor-button-text\">ENVIAR<\/span>\r\n\t\t\t\t\t\t\t\t\t\t\t\t\t<\/span>\r\n\t\t\t\t\t<\/button>\r\n\t\t\t\t<\/div>\r\n\t\t\t<\/div>\r\n\t\t<input type=\"hidden\" name=\"trp-form-language\" value=\"es\"\/><\/form>\r\n\t\t\t\t\t\t<\/div>\n\t\t\t\t<\/div>\n\t\t\t\t\t<\/div>\n\t\t<\/div>\n\t\t\t\t\t<\/div>\n\t\t<\/section>\n\t\t\t\t\t<\/div>\n\t\t<\/div>\n\t\t\t\t\t<\/div>\n\t\t<\/section>\n\t\t\t\t<\/div>","protected":false},"excerpt":{"rendered":"<p>Reformas integrales Barcelona \u00a1Bienvenido a Digesco, tu aliado confiable en el fascinante mundo de las reformas integrales en Barcelona! Nos especializamos en proporcionar soluciones completas para la transformaci\u00f3n de tu hogar o lugar de trabajo, asegur\u00e1ndonos de que cada espacio evolucione y se adapte con el tiempo. En el coraz\u00f3n de nuestra filosof\u00eda en Digesco,&hellip;&nbsp;<a href=\"https:\/\/digesco.com\/es\/reformas-integrales-barcelona\/\" rel=\"bookmark\"><span class=\"screen-reader-text\">Reformas integrales Barcelona<\/span><\/a><\/p>","protected":false},"author":2,"featured_media":0,"parent":0,"menu_order":0,"comment_status":"closed","ping_status":"closed","template":"page-templates\/template-pagebuilder-full-width.php","meta":{"neve_meta_sidebar":"","neve_meta_container":"","neve_meta_enable_content_width":"off","neve_meta_content_width":100,"neve_meta_title_alignment":"","neve_meta_author_avatar":"","neve_post_elements_order":"","neve_meta_disable_header":"","neve_meta_disable_footer":"","neve_meta_disable_title":"","_joinchat":[],"footnotes":""},"class_list":["post-790","page","type-page","status-publish","hentry"],"yoast_head":"<!-- This site is optimized with the Yoast SEO plugin v26.9 - https:\/\/yoast.com\/product\/yoast-seo-wordpress\/ -->\n<title>Reformas integrales Barcelona - Digesco | Empresa de Reformas<\/title>\n<meta name=\"robots\" content=\"index, follow, max-snippet:-1, max-image-preview:large, max-video-preview:-1\" \/>\n<link rel=\"canonical\" href=\"https:\/\/digesco.com\/es\/reformas-integrales-barcelona\/\" \/>\n<meta property=\"og:locale\" content=\"es_ES\" \/>\n<meta property=\"og:type\" content=\"article\" \/>\n<meta property=\"og:title\" content=\"Reformas integrales Barcelona - Digesco | Empresa de Reformas\" \/>\n<meta property=\"og:description\" content=\"Reformas integrales Barcelona \u00a1Bienvenido a Digesco, tu aliado confiable en el fascinante mundo de las reformas integrales en Barcelona! Nos especializamos en proporcionar soluciones completas para la transformaci\u00f3n de tu hogar o lugar de trabajo, asegur\u00e1ndonos de que cada espacio evolucione y se adapte con el tiempo. En el coraz\u00f3n de nuestra filosof\u00eda en Digesco,&hellip;&nbsp;Reformas integrales Barcelona\" \/>\n<meta property=\"og:url\" content=\"https:\/\/digesco.com\/es\/reformas-integrales-barcelona\/\" \/>\n<meta property=\"og:site_name\" content=\"Digesco | Empresa de Reformas\" \/>\n<meta property=\"article:modified_time\" content=\"2024-01-18T10:48:40+00:00\" \/>\n<meta name=\"twitter:card\" content=\"summary_large_image\" \/>\n<meta name=\"twitter:label1\" content=\"Tiempo de lectura\" \/>\n\t<meta name=\"twitter:data1\" content=\"3 minutos\" \/>\n<script type=\"application\/ld+json\" class=\"yoast-schema-graph\">{\"@context\":\"https:\/\/schema.org\",\"@graph\":[{\"@type\":\"WebPage\",\"@id\":\"https:\/\/digesco.com\/es\/reformas-integrales-barcelona\/\",\"url\":\"https:\/\/digesco.com\/es\/reformas-integrales-barcelona\/\",\"name\":\"Reformas integrales Barcelona - Digesco | Empresa de Reformas\",\"isPartOf\":{\"@id\":\"https:\/\/digesco.com\/es\/#website\"},\"datePublished\":\"2023-11-22T08:55:47+00:00\",\"dateModified\":\"2024-01-18T10:48:40+00:00\",\"breadcrumb\":{\"@id\":\"https:\/\/digesco.com\/es\/reformas-integrales-barcelona\/#breadcrumb\"},\"inLanguage\":\"es\",\"potentialAction\":[{\"@type\":\"ReadAction\",\"target\":[\"https:\/\/digesco.com\/es\/reformas-integrales-barcelona\/\"]}]},{\"@type\":\"BreadcrumbList\",\"@id\":\"https:\/\/digesco.com\/es\/reformas-integrales-barcelona\/#breadcrumb\",\"itemListElement\":[{\"@type\":\"ListItem\",\"position\":1,\"name\":\"Portada\",\"item\":\"https:\/\/digesco.com\/es\/\"},{\"@type\":\"ListItem\",\"position\":2,\"name\":\"Reformas integrales Barcelona\"}]},{\"@type\":\"WebSite\",\"@id\":\"https:\/\/digesco.com\/es\/#website\",\"url\":\"https:\/\/digesco.com\/es\/\",\"name\":\"Digesco | Empresa de Reformas\",\"description\":\"Empresa especializada y dedicada al mundo de la construcci\u00f3n, con trabajos tanto en el \u00e1mbito p\u00fablico como privado. En digesco ofrecemos un servicio integral para la construcci\u00f3n\",\"potentialAction\":[{\"@type\":\"SearchAction\",\"target\":{\"@type\":\"EntryPoint\",\"urlTemplate\":\"https:\/\/digesco.com\/es\/?s={search_term_string}\"},\"query-input\":{\"@type\":\"PropertyValueSpecification\",\"valueRequired\":true,\"valueName\":\"search_term_string\"}}],\"inLanguage\":\"es\"}]}<\/script>\n<!-- \/ Yoast SEO plugin. -->","yoast_head_json":{"title":"Reformas integrales Barcelona - Digesco | Empresa de Reformas","robots":{"index":"index","follow":"follow","max-snippet":"max-snippet:-1","max-image-preview":"max-image-preview:large","max-video-preview":"max-video-preview:-1"},"canonical":"https:\/\/digesco.com\/es\/reformas-integrales-barcelona\/","og_locale":"es_ES","og_type":"article","og_title":"Reformas integrales Barcelona - Digesco | Empresa de Reformas","og_description":"Reformas integrales Barcelona \u00a1Bienvenido a Digesco, tu aliado confiable en el fascinante mundo de las reformas integrales en Barcelona! Nos especializamos en proporcionar soluciones completas para la transformaci\u00f3n de tu hogar o lugar de trabajo, asegur\u00e1ndonos de que cada espacio evolucione y se adapte con el tiempo. En el coraz\u00f3n de nuestra filosof\u00eda en Digesco,&hellip;&nbsp;Reformas integrales Barcelona","og_url":"https:\/\/digesco.com\/es\/reformas-integrales-barcelona\/","og_site_name":"Digesco | Empresa de Reformas","article_modified_time":"2024-01-18T10:48:40+00:00","twitter_card":"summary_large_image","twitter_misc":{"Tiempo de lectura":"3 minutos"},"schema":{"@context":"https:\/\/schema.org","@graph":[{"@type":"WebPage","@id":"https:\/\/digesco.com\/es\/reformas-integrales-barcelona\/","url":"https:\/\/digesco.com\/es\/reformas-integrales-barcelona\/","name":"Reformas integrales Barcelona - Digesco | Empresa de Reformas","isPartOf":{"@id":"https:\/\/digesco.com\/es\/#website"},"datePublished":"2023-11-22T08:55:47+00:00","dateModified":"2024-01-18T10:48:40+00:00","breadcrumb":{"@id":"https:\/\/digesco.com\/es\/reformas-integrales-barcelona\/#breadcrumb"},"inLanguage":"es","potentialAction":[{"@type":"ReadAction","target":["https:\/\/digesco.com\/es\/reformas-integrales-barcelona\/"]}]},{"@type":"BreadcrumbList","@id":"https:\/\/digesco.com\/es\/reformas-integrales-barcelona\/#breadcrumb","itemListElement":[{"@type":"ListItem","position":1,"name":"Portada","item":"https:\/\/digesco.com\/es\/"},{"@type":"ListItem","position":2,"name":"Reformas integrales Barcelona"}]},{"@type":"WebSite","@id":"https:\/\/digesco.com\/es\/#website","url":"https:\/\/digesco.com\/es\/","name":"Digesco | Empresa de Reformas","description":"Empresa especializada y dedicada al mundo de la construcci\u00f3n, con trabajos tanto en el \u00e1mbito p\u00fablico como privado. En digesco ofrecemos un servicio integral para la construcci\u00f3n","potentialAction":[{"@type":"SearchAction","target":{"@type":"EntryPoint","urlTemplate":"https:\/\/digesco.com\/es\/?s={search_term_string}"},"query-input":{"@type":"PropertyValueSpecification","valueRequired":true,"valueName":"search_term_string"}}],"inLanguage":"es"}]}},"_links":{"self":[{"href":"https:\/\/digesco.com\/es\/wp-json\/wp\/v2\/pages\/790","targetHints":{"allow":["GET"]}}],"collection":[{"href":"https:\/\/digesco.com\/es\/wp-json\/wp\/v2\/pages"}],"about":[{"href":"https:\/\/digesco.com\/es\/wp-json\/wp\/v2\/types\/page"}],"author":[{"embeddable":true,"href":"https:\/\/digesco.com\/es\/wp-json\/wp\/v2\/users\/2"}],"replies":[{"embeddable":true,"href":"https:\/\/digesco.com\/es\/wp-json\/wp\/v2\/comments?post=790"}],"version-history":[{"count":7,"href":"https:\/\/digesco.com\/es\/wp-json\/wp\/v2\/pages\/790\/revisions"}],"predecessor-version":[{"id":961,"href":"https:\/\/digesco.com\/es\/wp-json\/wp\/v2\/pages\/790\/revisions\/961"}],"wp:attachment":[{"href":"https:\/\/digesco.com\/es\/wp-json\/wp\/v2\/media?parent=790"}],"curies":[{"name":"wp","href":"https:\/\/api.w.org\/{rel}","templated":true}]}}