{"id":766,"date":"2023-11-22T08:51:56","date_gmt":"2023-11-22T08:51:56","guid":{"rendered":"https:\/\/digesco.com\/?page_id=766"},"modified":"2024-01-18T10:54:08","modified_gmt":"2024-01-18T10:54:08","slug":"reforma-cocina-sabadell","status":"publish","type":"page","link":"https:\/\/digesco.com\/es\/reforma-cocina-sabadell\/","title":{"rendered":"Reforma cocina Sabadell"},"content":{"rendered":"<div data-elementor-type=\"wp-page\" data-elementor-id=\"766\" class=\"elementor elementor-766\" data-elementor-post-type=\"page\">\n\t\t\t\t\t\t<section class=\"elementor-section elementor-top-section elementor-element elementor-element-5eb36b22 elementor-section-boxed elementor-section-height-default elementor-section-height-default\" data-id=\"5eb36b22\" data-element_type=\"section\" data-e-type=\"section\">\n\t\t\t\t\t\t<div class=\"elementor-container elementor-column-gap-default\">\n\t\t\t\t\t<div class=\"elementor-column elementor-col-50 elementor-top-column elementor-element elementor-element-20b07713\" data-id=\"20b07713\" data-element_type=\"column\" data-e-type=\"column\">\n\t\t\t<div class=\"elementor-widget-wrap elementor-element-populated\">\n\t\t\t\t\t\t<section class=\"elementor-section elementor-inner-section elementor-element elementor-element-2b4bc00f elementor-section-boxed elementor-section-height-default elementor-section-height-default\" data-id=\"2b4bc00f\" data-element_type=\"section\" data-e-type=\"section\">\n\t\t\t\t\t\t<div class=\"elementor-container elementor-column-gap-default\">\n\t\t\t\t\t<div class=\"elementor-column elementor-col-100 elementor-inner-column elementor-element elementor-element-2c71c917 elementor-invisible\" data-id=\"2c71c917\" data-element_type=\"column\" data-e-type=\"column\" data-settings=\"{&quot;animation&quot;:&quot;fadeInUp&quot;}\">\n\t\t\t<div class=\"elementor-widget-wrap elementor-element-populated\">\n\t\t\t\t\t\t<div class=\"elementor-element elementor-element-331a93e1 elementor-widget elementor-widget-heading\" data-id=\"331a93e1\" data-element_type=\"widget\" data-e-type=\"widget\" data-widget_type=\"heading.default\">\n\t\t\t\t<div class=\"elementor-widget-container\">\n\t\t\t\t\t<h1 class=\"elementor-heading-title elementor-size-default\">Reforma cocina Sabadell<\/h1>\t\t\t\t<\/div>\n\t\t\t\t<\/div>\n\t\t\t\t<div class=\"elementor-element elementor-element-70cd8a3a elementor-widget elementor-widget-text-editor\" data-id=\"70cd8a3a\" data-element_type=\"widget\" data-e-type=\"widget\" data-widget_type=\"text-editor.default\">\n\t\t\t\t<div class=\"elementor-widget-container\">\n\t\t\t\t\t\t\t\t\t<p>Bienvenido a Digesco, t\u00fa socio confiable en el mundo de la construcci\u00f3n y reformas en Sabadell. Somos una empresa dedicada a la excelencia en la construcci\u00f3n de nuevas obras, la direcci\u00f3n de obras, la construcci\u00f3n de estructuras s\u00f3lidas, y mucho m\u00e1s. Sin embargo, hoy queremos destacar nuestro compromiso en una \u00e1rea espec\u00edfica: las <strong>reformas de cocinas en Sabadell<\/strong>.<\/p><p>En Digesco, entendemos que la cocina es el coraz\u00f3n de tu hogar. Es el lugar donde se crean recuerdos y comparten momentos especiales. Si sientes que tu cocina necesita un cambio, est\u00e1s en el sitio adecuado. Nuestra experiencia en reformas integrales nos permite ofrecerte soluciones personalizadas y de alta calidad que transformar\u00e1n por completo tu espacio culinario.<\/p><p>En Digesco, cada proyecto de <strong>reforma de cocina en Sabadell<\/strong> se trata con atenci\u00f3n al detalle y precisi\u00f3n. Desde la planificaci\u00f3n inicial hasta la ejecuci\u00f3n final, nuestro equipo de expertos se encarga de cada aspecto del proyecto. Nos enorgullece adaptar cada reforma a tus necesidades y gustos, creando un espacio \u00fanico ya medida que refleje tu estilo de vida.<\/p><p>Imagina una cocina que no s\u00f3lo sea funcional sino tambi\u00e9n est\u00e9ticamente atractiva. En Digesco, nos esforzamos por combinar dise\u00f1o y funcionalidad, utilizando materiales de alta calidad para garantizar resultados duraderos y satisfactorios. Nuestro enfoque en la transformaci\u00f3n total te permitir\u00e1 disfrutar de una cocina dise\u00f1ada especialmente para ti, desde la disposici\u00f3n de los electrodom\u00e9sticos hasta los detalles decorativos.<\/p><p>Sabemos que la gesti\u00f3n de una reforma puede ser abrumadora. En Digesco, nos encargamos de todos los aspectos del proyecto, desde la planificaci\u00f3n hasta la ejecuci\u00f3n final. Esto te permite disfrutar de los beneficios de una cocina renovada sin carga del proceso de gesti\u00f3n. Nuestra misi\u00f3n es hacer que la experiencia de la <strong>reforma de tu cocina en Sabadell<\/strong> sea sin complicaciones y emocionante.<\/p><p>En Digesco, nos enorgullece ser tu elecci\u00f3n para la transformaci\u00f3n de espacios vitales como cocina en Sabadell. Con un compromiso inquebrantable con la excelencia en las <strong>reformas de cocina en Sabadell<\/strong>, ofrecemos un enfoque integral que va m\u00e1s all\u00e1 de la simple renovaci\u00f3n. Nos esforzamos por no s\u00f3lo satisfer sino superar tus expectativas en cada paso del proceso.<\/p>\t\t\t\t\t\t\t\t<\/div>\n\t\t\t\t<\/div>\n\t\t\t\t<div class=\"elementor-element elementor-element-5c1a543 elementor-align-center elementor-widget elementor-widget-button\" data-id=\"5c1a543\" data-element_type=\"widget\" data-e-type=\"widget\" data-widget_type=\"button.default\">\n\t\t\t\t<div class=\"elementor-widget-container\">\n\t\t\t\t\t\t\t\t\t<div class=\"elementor-button-wrapper\">\n\t\t\t\t\t<a class=\"elementor-button elementor-button-link elementor-size-sm\" href=\"https:\/\/digesco.com\/es\/contacto\/\">\n\t\t\t\t\t\t<span class=\"elementor-button-content-wrapper\">\n\t\t\t\t\t\t\t\t\t<span class=\"elementor-button-text\">CONTACTA CON NOSOTROS<\/span>\n\t\t\t\t\t<\/span>\n\t\t\t\t\t<\/a>\n\t\t\t\t<\/div>\n\t\t\t\t\t\t\t\t<\/div>\n\t\t\t\t<\/div>\n\t\t\t\t<div class=\"elementor-element elementor-element-4ff9d83 elementor-widget elementor-widget-text-editor\" data-id=\"4ff9d83\" data-element_type=\"widget\" data-e-type=\"widget\" data-widget_type=\"text-editor.default\">\n\t\t\t\t<div class=\"elementor-widget-container\">\n\t\t\t\t\t\t\t\t\t<p style=\"text-align: justify;\">Entendemos que la seguridad y la calidad son fundamentales en cualquier proyecto de reforma. En cada remodelaci\u00f3n de cocina en Sabadell, priorizamos la seguridad de las instalaciones y la durabilidad de los materiales. Nuestros profesionales altamente capacitados se aseguran de que cada aspecto cumpla con los est\u00e1ndares m\u00e1s rigurosos, brind\u00e1ndote la tranquilidad de que tu nueva cocina estar\u00e1 construida para resistir el paso del tiempo.<\/p><p style=\"text-align: justify;\">Trabajamos en estrecha colaboraci\u00f3n contigo para entender tus necesidades y gustos espec\u00edficos. Cada detalle del dise\u00f1o se adapta a tu estilo de vida, desde la disposici\u00f3n de los electrodom\u00e9sticos hasta la selecci\u00f3n de materiales. Nuestra meta es convertir tu visi\u00f3n de una cocina perfecta en una realidad palpable y funcional.<\/p><p style=\"text-align: justify;\">En Digesco, somos m\u00e1s que constructoras; somos tus socios en la creaci\u00f3n de una casa que refleje tu personalidad y estilo de vida. Nos esforzamos por establecer una relaci\u00f3n de confianza contigo, brind\u00e1ndote transparencia y comunicaci\u00f3n constante al largo de tu proyecto de reforma de cocina en Sabadell. Tu satisfacci\u00f3n es nuestra prioridad, y trabajamos incansablemente para asegurarnos de que cada detalle cumpla con tus expectativas.<\/p><p style=\"text-align: justify;\">En Digesco, comprendemos que una reforma de cocina va m\u00e1s all\u00e1 de la mera construcci\u00f3n. Es la creaci\u00f3n de un espacio vital donde se comparten risas, se preparan alimentos y se construyen records familiares. Por eso, nos enorgullece decir que no s\u00f3lo construimos estructuras, creamos hogares en Sabadell. Cada proyecto, incluida tu reforma de cocina, es una oportunidad para dar vida a tus sue\u00f1os y convertir una casa en una casa acogedora y funcional.<\/p><p style=\"text-align: justify;\">\u00bfEst\u00e1s listo para iniciar el viaje hacia una cocina completamente renovada en Sabadell? \u00a1Contacta con nosotros hoy! En Digesco, estamos comprometidos a hacer de ti experiencia de reforma algo excepcional. Conf\u00eda en nosotros para ser socio confiable en la creaci\u00f3n de una cocina que refleje tu estilo y cumple con tus necesidades. Tu visi\u00f3n, nuestra pasi\u00f3n: juntos, haremos de tu cocina el coraz\u00f3n vibrante de tu hogar en Sabadell.<\/p>\t\t\t\t\t\t\t\t<\/div>\n\t\t\t\t<\/div>\n\t\t\t\t\t<\/div>\n\t\t<\/div>\n\t\t\t\t\t<\/div>\n\t\t<\/section>\n\t\t\t\t\t<\/div>\n\t\t<\/div>\n\t\t\t\t<div class=\"elementor-column elementor-col-50 elementor-top-column elementor-element elementor-element-2461a1e\" data-id=\"2461a1e\" data-element_type=\"column\" data-e-type=\"column\">\n\t\t\t<div class=\"elementor-widget-wrap elementor-element-populated\">\n\t\t\t\t\t\t<section class=\"elementor-section elementor-inner-section elementor-element elementor-element-81b39c6 elementor-section-boxed elementor-section-height-default elementor-section-height-default\" data-id=\"81b39c6\" data-element_type=\"section\" data-e-type=\"section\">\n\t\t\t\t\t\t<div class=\"elementor-container elementor-column-gap-default\">\n\t\t\t\t\t<div class=\"elementor-column elementor-col-100 elementor-inner-column elementor-element elementor-element-15a0742c elementor-invisible\" data-id=\"15a0742c\" data-element_type=\"column\" data-e-type=\"column\" data-settings=\"{&quot;animation&quot;:&quot;fadeInRight&quot;,&quot;background_background&quot;:&quot;classic&quot;}\">\n\t\t\t<div class=\"elementor-widget-wrap elementor-element-populated\">\n\t\t\t\t\t\t<div class=\"elementor-element elementor-element-f211b16 elementor-widget elementor-widget-heading\" data-id=\"f211b16\" data-element_type=\"widget\" data-e-type=\"widget\" data-widget_type=\"heading.default\">\n\t\t\t\t<div class=\"elementor-widget-container\">\n\t\t\t\t\t<h3 class=\"elementor-heading-title elementor-size-default\">P\u00f3ngase en contacto con nosotros<\/h3>\t\t\t\t<\/div>\n\t\t\t\t<\/div>\n\t\t\t\t<div class=\"elementor-element elementor-element-025291a elementor-widget-divider--view-line elementor-widget elementor-widget-divider\" data-id=\"025291a\" data-element_type=\"widget\" data-e-type=\"widget\" data-widget_type=\"divider.default\">\n\t\t\t\t<div class=\"elementor-widget-container\">\n\t\t\t\t\t\t\t<div class=\"elementor-divider\">\n\t\t\t<span class=\"elementor-divider-separator\">\n\t\t\t\t\t\t<\/span>\n\t\t<\/div>\n\t\t\t\t\t\t<\/div>\n\t\t\t\t<\/div>\n\t\t\t\t<div class=\"elementor-element elementor-element-6fe87dc7 elementor-button-align-start elementor-mobile-button-align-stretch elementor-widget elementor-widget-form\" data-id=\"6fe87dc7\" data-element_type=\"widget\" data-e-type=\"widget\" data-settings=\"{&quot;step_next_label&quot;:&quot;Next&quot;,&quot;step_previous_label&quot;:&quot;Previous&quot;,&quot;button_width&quot;:&quot;100&quot;,&quot;step_type&quot;:&quot;number_text&quot;,&quot;step_icon_shape&quot;:&quot;circle&quot;}\" data-widget_type=\"form.default\">\n\t\t\t\t<div class=\"elementor-widget-container\">\n\t\t\t\t\t\t\t<form class=\"elementor-form\" method=\"post\" name=\"New Form\" aria-label=\"New Form\" action=\"\">\r\n\t\t\t<input type=\"hidden\" name=\"post_id\" value=\"766\"\/>\r\n\t\t\t<input type=\"hidden\" name=\"form_id\" value=\"6fe87dc7\"\/>\r\n\t\t\t<input type=\"hidden\" name=\"referer_title\" value=\"Reforma cocina Sabadell - Digesco | Empresa de Reformas\" \/>\r\n\r\n\t\t\t\t\t\t\t<input type=\"hidden\" name=\"queried_id\" value=\"766\"\/>\r\n\t\t\t\r\n\t\t\t<div class=\"elementor-form-fields-wrapper elementor-labels-above\">\r\n\t\t\t\t\t\t\t\t<div class=\"elementor-field-type-text elementor-field-group elementor-column elementor-field-group-name elementor-col-100 elementor-field-required\">\r\n\t\t\t\t\t\t\t\t\t\t\t\t<label for=\"form-field-name\" class=\"elementor-field-label\">\r\n\t\t\t\t\t\t\t\tNombre\t\t\t\t\t\t\t<\/label>\r\n\t\t\t\t\t\t\t\t\t\t\t\t\t\t<input size=\"1\" type=\"text\" name=\"form_fields[name]\" id=\"form-field-name\" class=\"elementor-field elementor-size-md  elementor-field-textual\" placeholder=\"Nombre\" required=\"required\">\r\n\t\t\t\t\t\t\t\t\t\t\t<\/div>\r\n\t\t\t\t\t\t\t\t<div class=\"elementor-field-type-email elementor-field-group elementor-column elementor-field-group-email elementor-col-100 elementor-field-required\">\r\n\t\t\t\t\t\t\t\t\t\t\t\t<label for=\"form-field-email\" class=\"elementor-field-label\">\r\n\t\t\t\t\t\t\t\tCorreo electr\u00f3nico\t\t\t\t\t\t\t<\/label>\r\n\t\t\t\t\t\t\t\t\t\t\t\t\t\t<input size=\"1\" type=\"email\" name=\"form_fields[email]\" id=\"form-field-email\" class=\"elementor-field elementor-size-md  elementor-field-textual\" placeholder=\"Correo electr\u00f3nico\" required=\"required\">\r\n\t\t\t\t\t\t\t\t\t\t\t<\/div>\r\n\t\t\t\t\t\t\t\t<div class=\"elementor-field-type-text elementor-field-group elementor-column elementor-field-group-field_29a6e76 elementor-col-100\">\r\n\t\t\t\t\t\t\t\t\t\t\t\t<label for=\"form-field-field_29a6e76\" class=\"elementor-field-label\">\r\n\t\t\t\t\t\t\t\tAsunto\t\t\t\t\t\t\t<\/label>\r\n\t\t\t\t\t\t\t\t\t\t\t\t\t\t<input size=\"1\" type=\"text\" name=\"form_fields[field_29a6e76]\" id=\"form-field-field_29a6e76\" class=\"elementor-field elementor-size-md  elementor-field-textual\" placeholder=\"Asunto\">\r\n\t\t\t\t\t\t\t\t\t\t\t<\/div>\r\n\t\t\t\t\t\t\t\t<div class=\"elementor-field-type-textarea elementor-field-group elementor-column elementor-field-group-message elementor-col-100 elementor-field-required\">\r\n\t\t\t\t\t\t\t\t\t\t\t\t<label for=\"form-field-message\" class=\"elementor-field-label\">\r\n\t\t\t\t\t\t\t\tMensaje\t\t\t\t\t\t\t<\/label>\r\n\t\t\t\t\t\t<textarea class=\"elementor-field-textual elementor-field  elementor-size-md\" name=\"form_fields[message]\" id=\"form-field-message\" rows=\"4\" placeholder=\"Mensaje\" required=\"required\"><\/textarea>\t\t\t\t<\/div>\r\n\t\t\t\t\t\t\t\t<div class=\"elementor-field-type-acceptance elementor-field-group elementor-column elementor-field-group-field_2b576c2 elementor-col-100 elementor-field-required\">\r\n\t\t\t\t\t\t\t<div class=\"elementor-field-subgroup\">\r\n\t\t\t<span class=\"elementor-field-option\">\r\n\t\t\t\t<input type=\"checkbox\" name=\"form_fields[field_2b576c2]\" id=\"form-field-field_2b576c2\" class=\"elementor-field elementor-size-md  elementor-acceptance-field\" required=\"required\">\r\n\t\t\t\t<label for=\"form-field-field_2b576c2\">He le\u00eddo y acepto la <a href=\"https:\/\/digesco.com\/es\/politica-de-proteccio-de-dades\/\">pol\u00edtica de privacidad.<\/a><\/label>\t\t\t<\/span>\r\n\t\t<\/div>\r\n\t\t\t\t\t\t<\/div>\r\n\t\t\t\t\t\t\t\t<div class=\"elementor-field-group elementor-column elementor-field-type-submit elementor-col-100 e-form__buttons\">\r\n\t\t\t\t\t<button class=\"elementor-button elementor-size-md\" type=\"submit\">\r\n\t\t\t\t\t\t<span class=\"elementor-button-content-wrapper\">\r\n\t\t\t\t\t\t\t\t\t\t\t\t\t\t\t\t\t\t\t\t\t\t<span class=\"elementor-button-text\">ENVIAR<\/span>\r\n\t\t\t\t\t\t\t\t\t\t\t\t\t<\/span>\r\n\t\t\t\t\t<\/button>\r\n\t\t\t\t<\/div>\r\n\t\t\t<\/div>\r\n\t\t<input type=\"hidden\" name=\"trp-form-language\" value=\"es\"\/><\/form>\r\n\t\t\t\t\t\t<\/div>\n\t\t\t\t<\/div>\n\t\t\t\t\t<\/div>\n\t\t<\/div>\n\t\t\t\t\t<\/div>\n\t\t<\/section>\n\t\t\t\t\t<\/div>\n\t\t<\/div>\n\t\t\t\t\t<\/div>\n\t\t<\/section>\n\t\t\t\t<\/div>","protected":false},"excerpt":{"rendered":"<p>Reforma cocina Sabadell Bienvenido a Digesco, tu socio confiable en el mundo de la construcci\u00f3n y reformas en Sabadell. Somos una empresa dedicada a la excelencia en la construcci\u00f3n de obras nuevas, la direcci\u00f3n de obras, la construcci\u00f3n de estructuras s\u00f3lidas, y mucho m\u00e1s. Sin embargo, hoy queremos destacar nuestro compromiso en un \u00e1rea espec\u00edfica:&hellip;&nbsp;<a href=\"https:\/\/digesco.com\/es\/reforma-cocina-sabadell\/\" rel=\"bookmark\"><span class=\"screen-reader-text\">Reforma cocina Sabadell<\/span><\/a><\/p>","protected":false},"author":2,"featured_media":0,"parent":0,"menu_order":0,"comment_status":"closed","ping_status":"closed","template":"page-templates\/template-pagebuilder-full-width.php","meta":{"neve_meta_sidebar":"","neve_meta_container":"","neve_meta_enable_content_width":"off","neve_meta_content_width":100,"neve_meta_title_alignment":"","neve_meta_author_avatar":"","neve_post_elements_order":"","neve_meta_disable_header":"","neve_meta_disable_footer":"","neve_meta_disable_title":"","_joinchat":[],"footnotes":""},"class_list":["post-766","page","type-page","status-publish","hentry"],"yoast_head":"<!-- This site is optimized with the Yoast SEO plugin v26.9 - https:\/\/yoast.com\/product\/yoast-seo-wordpress\/ -->\n<title>Reforma cocina Sabadell - Digesco | Empresa de Reformas<\/title>\n<meta name=\"robots\" content=\"index, follow, max-snippet:-1, max-image-preview:large, max-video-preview:-1\" \/>\n<link rel=\"canonical\" href=\"https:\/\/digesco.com\/es\/reforma-cocina-sabadell\/\" \/>\n<meta property=\"og:locale\" content=\"es_ES\" \/>\n<meta property=\"og:type\" content=\"article\" \/>\n<meta property=\"og:title\" content=\"Reforma cocina Sabadell - Digesco | Empresa de Reformas\" \/>\n<meta property=\"og:description\" content=\"Reforma cocina Sabadell Bienvenido a Digesco, tu socio confiable en el mundo de la construcci\u00f3n y reformas en Sabadell. Somos una empresa dedicada a la excelencia en la construcci\u00f3n de obras nuevas, la direcci\u00f3n de obras, la construcci\u00f3n de estructuras s\u00f3lidas, y mucho m\u00e1s. Sin embargo, hoy queremos destacar nuestro compromiso en un \u00e1rea espec\u00edfica:&hellip;&nbsp;Reforma cocina Sabadell\" \/>\n<meta property=\"og:url\" content=\"https:\/\/digesco.com\/es\/reforma-cocina-sabadell\/\" \/>\n<meta property=\"og:site_name\" content=\"Digesco | Empresa de Reformas\" \/>\n<meta property=\"article:modified_time\" content=\"2024-01-18T10:54:08+00:00\" \/>\n<meta name=\"twitter:card\" content=\"summary_large_image\" \/>\n<meta name=\"twitter:label1\" content=\"Tiempo de lectura\" \/>\n\t<meta name=\"twitter:data1\" content=\"4 minutos\" \/>\n<script type=\"application\/ld+json\" class=\"yoast-schema-graph\">{\"@context\":\"https:\/\/schema.org\",\"@graph\":[{\"@type\":\"WebPage\",\"@id\":\"https:\/\/digesco.com\/es\/reforma-cocina-sabadell\/\",\"url\":\"https:\/\/digesco.com\/es\/reforma-cocina-sabadell\/\",\"name\":\"Reforma cocina Sabadell - Digesco | Empresa de Reformas\",\"isPartOf\":{\"@id\":\"https:\/\/digesco.com\/es\/#website\"},\"datePublished\":\"2023-11-22T08:51:56+00:00\",\"dateModified\":\"2024-01-18T10:54:08+00:00\",\"breadcrumb\":{\"@id\":\"https:\/\/digesco.com\/es\/reforma-cocina-sabadell\/#breadcrumb\"},\"inLanguage\":\"es\",\"potentialAction\":[{\"@type\":\"ReadAction\",\"target\":[\"https:\/\/digesco.com\/es\/reforma-cocina-sabadell\/\"]}]},{\"@type\":\"BreadcrumbList\",\"@id\":\"https:\/\/digesco.com\/es\/reforma-cocina-sabadell\/#breadcrumb\",\"itemListElement\":[{\"@type\":\"ListItem\",\"position\":1,\"name\":\"Portada\",\"item\":\"https:\/\/digesco.com\/es\/\"},{\"@type\":\"ListItem\",\"position\":2,\"name\":\"Reforma cocina Sabadell\"}]},{\"@type\":\"WebSite\",\"@id\":\"https:\/\/digesco.com\/es\/#website\",\"url\":\"https:\/\/digesco.com\/es\/\",\"name\":\"Digesco | Empresa de Reformas\",\"description\":\"Empresa especializada y dedicada al mundo de la construcci\u00f3n, con trabajos tanto en el \u00e1mbito p\u00fablico como privado. En digesco ofrecemos un servicio integral para la construcci\u00f3n\",\"potentialAction\":[{\"@type\":\"SearchAction\",\"target\":{\"@type\":\"EntryPoint\",\"urlTemplate\":\"https:\/\/digesco.com\/es\/?s={search_term_string}\"},\"query-input\":{\"@type\":\"PropertyValueSpecification\",\"valueRequired\":true,\"valueName\":\"search_term_string\"}}],\"inLanguage\":\"es\"}]}<\/script>\n<!-- \/ Yoast SEO plugin. -->","yoast_head_json":{"title":"Reforma cocina Sabadell - Digesco | Empresa de Reformas","robots":{"index":"index","follow":"follow","max-snippet":"max-snippet:-1","max-image-preview":"max-image-preview:large","max-video-preview":"max-video-preview:-1"},"canonical":"https:\/\/digesco.com\/es\/reforma-cocina-sabadell\/","og_locale":"es_ES","og_type":"article","og_title":"Reforma cocina Sabadell - Digesco | Empresa de Reformas","og_description":"Reforma cocina Sabadell Bienvenido a Digesco, tu socio confiable en el mundo de la construcci\u00f3n y reformas en Sabadell. Somos una empresa dedicada a la excelencia en la construcci\u00f3n de obras nuevas, la direcci\u00f3n de obras, la construcci\u00f3n de estructuras s\u00f3lidas, y mucho m\u00e1s. Sin embargo, hoy queremos destacar nuestro compromiso en un \u00e1rea espec\u00edfica:&hellip;&nbsp;Reforma cocina Sabadell","og_url":"https:\/\/digesco.com\/es\/reforma-cocina-sabadell\/","og_site_name":"Digesco | Empresa de Reformas","article_modified_time":"2024-01-18T10:54:08+00:00","twitter_card":"summary_large_image","twitter_misc":{"Tiempo de lectura":"4 minutos"},"schema":{"@context":"https:\/\/schema.org","@graph":[{"@type":"WebPage","@id":"https:\/\/digesco.com\/es\/reforma-cocina-sabadell\/","url":"https:\/\/digesco.com\/es\/reforma-cocina-sabadell\/","name":"Reforma cocina Sabadell - Digesco | Empresa de Reformas","isPartOf":{"@id":"https:\/\/digesco.com\/es\/#website"},"datePublished":"2023-11-22T08:51:56+00:00","dateModified":"2024-01-18T10:54:08+00:00","breadcrumb":{"@id":"https:\/\/digesco.com\/es\/reforma-cocina-sabadell\/#breadcrumb"},"inLanguage":"es","potentialAction":[{"@type":"ReadAction","target":["https:\/\/digesco.com\/es\/reforma-cocina-sabadell\/"]}]},{"@type":"BreadcrumbList","@id":"https:\/\/digesco.com\/es\/reforma-cocina-sabadell\/#breadcrumb","itemListElement":[{"@type":"ListItem","position":1,"name":"Portada","item":"https:\/\/digesco.com\/es\/"},{"@type":"ListItem","position":2,"name":"Reforma cocina Sabadell"}]},{"@type":"WebSite","@id":"https:\/\/digesco.com\/es\/#website","url":"https:\/\/digesco.com\/es\/","name":"Digesco | Empresa de Reformas","description":"Empresa especializada y dedicada al mundo de la construcci\u00f3n, con trabajos tanto en el \u00e1mbito p\u00fablico como privado. En digesco ofrecemos un servicio integral para la construcci\u00f3n","potentialAction":[{"@type":"SearchAction","target":{"@type":"EntryPoint","urlTemplate":"https:\/\/digesco.com\/es\/?s={search_term_string}"},"query-input":{"@type":"PropertyValueSpecification","valueRequired":true,"valueName":"search_term_string"}}],"inLanguage":"es"}]}},"_links":{"self":[{"href":"https:\/\/digesco.com\/es\/wp-json\/wp\/v2\/pages\/766","targetHints":{"allow":["GET"]}}],"collection":[{"href":"https:\/\/digesco.com\/es\/wp-json\/wp\/v2\/pages"}],"about":[{"href":"https:\/\/digesco.com\/es\/wp-json\/wp\/v2\/types\/page"}],"author":[{"embeddable":true,"href":"https:\/\/digesco.com\/es\/wp-json\/wp\/v2\/users\/2"}],"replies":[{"embeddable":true,"href":"https:\/\/digesco.com\/es\/wp-json\/wp\/v2\/comments?post=766"}],"version-history":[{"count":7,"href":"https:\/\/digesco.com\/es\/wp-json\/wp\/v2\/pages\/766\/revisions"}],"predecessor-version":[{"id":976,"href":"https:\/\/digesco.com\/es\/wp-json\/wp\/v2\/pages\/766\/revisions\/976"}],"wp:attachment":[{"href":"https:\/\/digesco.com\/es\/wp-json\/wp\/v2\/media?parent=766"}],"curies":[{"name":"wp","href":"https:\/\/api.w.org\/{rel}","templated":true}]}}