{"id":726,"date":"2023-11-22T08:49:49","date_gmt":"2023-11-22T08:49:49","guid":{"rendered":"https:\/\/digesco.com\/?page_id=726"},"modified":"2024-01-18T10:57:02","modified_gmt":"2024-01-18T10:57:02","slug":"mantenimiento-naves-industriales-terrassa","status":"publish","type":"page","link":"https:\/\/digesco.com\/es\/mantenimiento-naves-industriales-terrassa\/","title":{"rendered":"Mantenimiento naves industriales Terrassa"},"content":{"rendered":"<div data-elementor-type=\"wp-page\" data-elementor-id=\"726\" class=\"elementor elementor-726\" data-elementor-post-type=\"page\">\n\t\t\t\t\t\t<section class=\"elementor-section elementor-top-section elementor-element elementor-element-5eb36b22 elementor-section-boxed elementor-section-height-default elementor-section-height-default\" data-id=\"5eb36b22\" data-element_type=\"section\" data-e-type=\"section\">\n\t\t\t\t\t\t<div class=\"elementor-container elementor-column-gap-default\">\n\t\t\t\t\t<div class=\"elementor-column elementor-col-50 elementor-top-column elementor-element elementor-element-20b07713\" data-id=\"20b07713\" data-element_type=\"column\" data-e-type=\"column\">\n\t\t\t<div class=\"elementor-widget-wrap elementor-element-populated\">\n\t\t\t\t\t\t<section class=\"elementor-section elementor-inner-section elementor-element elementor-element-2b4bc00f elementor-section-boxed elementor-section-height-default elementor-section-height-default\" data-id=\"2b4bc00f\" data-element_type=\"section\" data-e-type=\"section\">\n\t\t\t\t\t\t<div class=\"elementor-container elementor-column-gap-default\">\n\t\t\t\t\t<div class=\"elementor-column elementor-col-100 elementor-inner-column elementor-element elementor-element-2c71c917 elementor-invisible\" data-id=\"2c71c917\" data-element_type=\"column\" data-e-type=\"column\" data-settings=\"{&quot;animation&quot;:&quot;fadeInUp&quot;}\">\n\t\t\t<div class=\"elementor-widget-wrap elementor-element-populated\">\n\t\t\t\t\t\t<div class=\"elementor-element elementor-element-331a93e1 elementor-widget elementor-widget-heading\" data-id=\"331a93e1\" data-element_type=\"widget\" data-e-type=\"widget\" data-widget_type=\"heading.default\">\n\t\t\t\t<div class=\"elementor-widget-container\">\n\t\t\t\t\t<h1 class=\"elementor-heading-title elementor-size-default\">Mantenimiento naves industriales Terrassa<\/h1>\t\t\t\t<\/div>\n\t\t\t\t<\/div>\n\t\t\t\t<div class=\"elementor-element elementor-element-70cd8a3a elementor-widget elementor-widget-text-editor\" data-id=\"70cd8a3a\" data-element_type=\"widget\" data-e-type=\"widget\" data-widget_type=\"text-editor.default\">\n\t\t\t\t<div class=\"elementor-widget-container\">\n\t\t\t\t\t\t\t\t\t<p>Bienvenido a Digesco, donde no s\u00f3lo construimos y reformamos, sino que tambi\u00e9n nos especializamos en el <strong>mantenimiento de naves industriales en Terrassa<\/strong>. Estamos aqu\u00ed para ser tu socio de confianza, liderando en el sector con una combinaci\u00f3n \u00fanica de experiencia y dedicaci\u00f3n que refleja nuestro compromiso inquebrantable con la excelencia.<\/p><p>Nuestra trayectoria en la construcci\u00f3n, reforma y <strong>mantenimiento de naves industriales en Terrassa<\/strong> es una prueba tangible de nuestra habilidad para superar las expectativas. Cada proyecto que emprendemos no es simplemente una tarea; es una oportunidad para demostrar nuestra destreza en la creaci\u00f3n y preservaci\u00f3n de activos industriales que no s\u00f3lo cumplen con las demandas presentes, sino que tambi\u00e9n est\u00e1n dise\u00f1ados para anticipar y satisfacer las necesidades futuras de las empresas.<\/p><p>En Digesco, nuestra comprensi\u00f3n de la importancia cr\u00edtica del <strong>mantenimiento de naves industriales en Terrassa<\/strong> va m\u00e1s all\u00e1 de asegurar el rendimiento a largo plazo de las estructuras; la consideramos como la piedra angular para preservar la funcionalidad y eficiencia operativa de cada nave industrial. Nos enorgullece no s\u00f3lo reconocer esta importancia, sino tambi\u00e9n ofrecer servicios especializados dise\u00f1ados para asegurar que tu nave industrial no s\u00f3lo cumple, sino que supere tus expectativas como un activo valioso para tu empresa.<\/p><p>Cada proyecto de <strong>mantenimiento de naves industriales en Terrassa<\/strong> Digesco es m\u00e1s que una tarea rutinaria; es un compromiso \u00fanico y personalizado. Nos sumergimos en la comprensi\u00f3n de tus requerimientos espec\u00edficos, trabajando en estrecha colaboraci\u00f3n contigo para garantizar que cada aspecto del mantenimiento se alinee perfectamente con tus objetivos comerciales. Esta atenci\u00f3n minuciosa a los detalles es lo que distingue a Digesco en el panorama del mantenimiento de naves industriales en Terrassa.<\/p>\t\t\t\t\t\t\t\t<\/div>\n\t\t\t\t<\/div>\n\t\t\t\t<div class=\"elementor-element elementor-element-bc05083 elementor-widget elementor-widget-button\" data-id=\"bc05083\" data-element_type=\"widget\" data-e-type=\"widget\" data-widget_type=\"button.default\">\n\t\t\t\t<div class=\"elementor-widget-container\">\n\t\t\t\t\t\t\t\t\t<div class=\"elementor-button-wrapper\">\n\t\t\t\t\t<a class=\"elementor-button elementor-button-link elementor-size-sm\" href=\"https:\/\/digesco.com\/es\/contacto\/\">\n\t\t\t\t\t\t<span class=\"elementor-button-content-wrapper\">\n\t\t\t\t\t\t\t\t\t<span class=\"elementor-button-text\">CONTACTA CON NOSOTROS<\/span>\n\t\t\t\t\t<\/span>\n\t\t\t\t\t<\/a>\n\t\t\t\t<\/div>\n\t\t\t\t\t\t\t\t<\/div>\n\t\t\t\t<\/div>\n\t\t\t\t<div class=\"elementor-element elementor-element-f5941a5 elementor-widget elementor-widget-text-editor\" data-id=\"f5941a5\" data-element_type=\"widget\" data-e-type=\"widget\" data-widget_type=\"text-editor.default\">\n\t\t\t\t<div class=\"elementor-widget-container\">\n\t\t\t\t\t\t\t\t\t<p style=\"text-align: justify;\">En Digesco, entendemos que el mantenimiento de naves industriales en Terrassa no s\u00f3lo es una necesidad operativa, sino una inversi\u00f3n estrat\u00e9gica en la sostenibilidad y el rendimiento contin\u00fao de tu empresa. Nuestra dedicaci\u00f3n a ofrecer servicios especializados de mantenimiento de naves industriales en Terrassa est\u00e1 respaldada por una profunda comprensi\u00f3n de las exigencias del mercado local, asegurando que cada proyecto contribuya no s\u00f3lo al presente, sino tambi\u00e9n al futuro pr\u00f3spero de tu empresa. Conf\u00eda en Digesco por ser t\u00fa socio confiable en el mantenimiento de naves industriales en Terrassa, donde cada detalle cuenta para garantizar el \u00e9xito sostenible de tu activo m\u00e1s valioso.<\/p><p style=\"text-align: justify;\">Nuestra versatilidad no s\u00f3lo se limita a la diversidad de las estructuras que manejamos, que van desde almacenes y centros de distribuci\u00f3n hasta complejos espacios de producci\u00f3n, sino que se extiende a la adaptabilidad de nuestras soluciones a las cambiantes necesidades de tu negocio. En Digesco, entendemos que cada empresa es \u00fanica y, por tanto, requiere enfoques espec\u00edficos para el mantenimiento de sus naves industriales.<\/p><p style=\"text-align: justify;\">El compromiso inquebrantable con la excelencia en cada fase de nuestros proyectos es el sello distintivo de Digesco. Nos aseguramos de que nuestro compromiso se refleje en resultados tangibles y duraderos. Cada nave industrial que manejamos no es s\u00f3lo una estructura, sino una inversi\u00f3n estrat\u00e9gica para el \u00e9xito contin\u00fao de tu negocio.<\/p><p style=\"text-align: justify;\">En Digesco, eliminamos la preocupaci\u00f3n asociada con el mantenimiento de tu nave industrial. Estamos aqu\u00ed no s\u00f3lo para solucionar problemas, sino para garantizar que tu activo m\u00e1s valioso sea funcionando de manera \u00f3ptima, contribuyendo as\u00ed al crecimiento y prosperidad de tu empresa. Descubre c\u00f3mo nuestro enfoque personalizado, experiencia consolidada y compromiso con la excelencia pueden transformar positivamente la gesti\u00f3n de tus instalaciones industriales. Cont\u00e1ctanos hoy mismo para experimentar el mejor servicio de mantenimiento de naves industriales en Terrassa. En Digesco, estamos dedicados a construir el \u00e9xito de tu empresa, un mantenimiento a la vez.<\/p>\t\t\t\t\t\t\t\t<\/div>\n\t\t\t\t<\/div>\n\t\t\t\t\t<\/div>\n\t\t<\/div>\n\t\t\t\t\t<\/div>\n\t\t<\/section>\n\t\t\t\t\t<\/div>\n\t\t<\/div>\n\t\t\t\t<div class=\"elementor-column elementor-col-50 elementor-top-column elementor-element elementor-element-2461a1e\" data-id=\"2461a1e\" data-element_type=\"column\" data-e-type=\"column\">\n\t\t\t<div class=\"elementor-widget-wrap elementor-element-populated\">\n\t\t\t\t\t\t<section class=\"elementor-section elementor-inner-section elementor-element elementor-element-81b39c6 elementor-section-boxed elementor-section-height-default elementor-section-height-default\" data-id=\"81b39c6\" data-element_type=\"section\" data-e-type=\"section\">\n\t\t\t\t\t\t<div class=\"elementor-container elementor-column-gap-default\">\n\t\t\t\t\t<div class=\"elementor-column elementor-col-100 elementor-inner-column elementor-element elementor-element-15a0742c elementor-invisible\" data-id=\"15a0742c\" data-element_type=\"column\" data-e-type=\"column\" data-settings=\"{&quot;animation&quot;:&quot;fadeInRight&quot;,&quot;background_background&quot;:&quot;classic&quot;}\">\n\t\t\t<div class=\"elementor-widget-wrap elementor-element-populated\">\n\t\t\t\t\t\t<div class=\"elementor-element elementor-element-f211b16 elementor-widget elementor-widget-heading\" data-id=\"f211b16\" data-element_type=\"widget\" data-e-type=\"widget\" data-widget_type=\"heading.default\">\n\t\t\t\t<div class=\"elementor-widget-container\">\n\t\t\t\t\t<h3 class=\"elementor-heading-title elementor-size-default\">P\u00f3ngase en contacto con nosotros<\/h3>\t\t\t\t<\/div>\n\t\t\t\t<\/div>\n\t\t\t\t<div class=\"elementor-element elementor-element-025291a elementor-widget-divider--view-line elementor-widget elementor-widget-divider\" data-id=\"025291a\" data-element_type=\"widget\" data-e-type=\"widget\" data-widget_type=\"divider.default\">\n\t\t\t\t<div class=\"elementor-widget-container\">\n\t\t\t\t\t\t\t<div class=\"elementor-divider\">\n\t\t\t<span class=\"elementor-divider-separator\">\n\t\t\t\t\t\t<\/span>\n\t\t<\/div>\n\t\t\t\t\t\t<\/div>\n\t\t\t\t<\/div>\n\t\t\t\t<div class=\"elementor-element elementor-element-6fe87dc7 elementor-button-align-start elementor-mobile-button-align-stretch elementor-widget elementor-widget-form\" data-id=\"6fe87dc7\" data-element_type=\"widget\" data-e-type=\"widget\" data-settings=\"{&quot;step_next_label&quot;:&quot;Next&quot;,&quot;step_previous_label&quot;:&quot;Previous&quot;,&quot;button_width&quot;:&quot;100&quot;,&quot;step_type&quot;:&quot;number_text&quot;,&quot;step_icon_shape&quot;:&quot;circle&quot;}\" data-widget_type=\"form.default\">\n\t\t\t\t<div class=\"elementor-widget-container\">\n\t\t\t\t\t\t\t<form class=\"elementor-form\" method=\"post\" name=\"New Form\" aria-label=\"New Form\" action=\"\">\r\n\t\t\t<input type=\"hidden\" name=\"post_id\" value=\"726\"\/>\r\n\t\t\t<input type=\"hidden\" name=\"form_id\" value=\"6fe87dc7\"\/>\r\n\t\t\t<input type=\"hidden\" name=\"referer_title\" value=\"Mantenimiento naves industriales Terrassa - Digesco | Empresa de Reformas\" \/>\r\n\r\n\t\t\t\t\t\t\t<input type=\"hidden\" name=\"queried_id\" value=\"726\"\/>\r\n\t\t\t\r\n\t\t\t<div class=\"elementor-form-fields-wrapper elementor-labels-above\">\r\n\t\t\t\t\t\t\t\t<div class=\"elementor-field-type-text elementor-field-group elementor-column elementor-field-group-name elementor-col-100 elementor-field-required\">\r\n\t\t\t\t\t\t\t\t\t\t\t\t<label for=\"form-field-name\" class=\"elementor-field-label\">\r\n\t\t\t\t\t\t\t\tNombre\t\t\t\t\t\t\t<\/label>\r\n\t\t\t\t\t\t\t\t\t\t\t\t\t\t<input size=\"1\" type=\"text\" name=\"form_fields[name]\" id=\"form-field-name\" class=\"elementor-field elementor-size-md  elementor-field-textual\" placeholder=\"Nombre\" required=\"required\">\r\n\t\t\t\t\t\t\t\t\t\t\t<\/div>\r\n\t\t\t\t\t\t\t\t<div class=\"elementor-field-type-email elementor-field-group elementor-column elementor-field-group-email elementor-col-100 elementor-field-required\">\r\n\t\t\t\t\t\t\t\t\t\t\t\t<label for=\"form-field-email\" class=\"elementor-field-label\">\r\n\t\t\t\t\t\t\t\tCorreo electr\u00f3nico\t\t\t\t\t\t\t<\/label>\r\n\t\t\t\t\t\t\t\t\t\t\t\t\t\t<input size=\"1\" type=\"email\" name=\"form_fields[email]\" id=\"form-field-email\" class=\"elementor-field elementor-size-md  elementor-field-textual\" placeholder=\"Correo electr\u00f3nico\" required=\"required\">\r\n\t\t\t\t\t\t\t\t\t\t\t<\/div>\r\n\t\t\t\t\t\t\t\t<div class=\"elementor-field-type-text elementor-field-group elementor-column elementor-field-group-field_29a6e76 elementor-col-100\">\r\n\t\t\t\t\t\t\t\t\t\t\t\t<label for=\"form-field-field_29a6e76\" class=\"elementor-field-label\">\r\n\t\t\t\t\t\t\t\tAsunto\t\t\t\t\t\t\t<\/label>\r\n\t\t\t\t\t\t\t\t\t\t\t\t\t\t<input size=\"1\" type=\"text\" name=\"form_fields[field_29a6e76]\" id=\"form-field-field_29a6e76\" class=\"elementor-field elementor-size-md  elementor-field-textual\" placeholder=\"Asunto\">\r\n\t\t\t\t\t\t\t\t\t\t\t<\/div>\r\n\t\t\t\t\t\t\t\t<div class=\"elementor-field-type-textarea elementor-field-group elementor-column elementor-field-group-message elementor-col-100 elementor-field-required\">\r\n\t\t\t\t\t\t\t\t\t\t\t\t<label for=\"form-field-message\" class=\"elementor-field-label\">\r\n\t\t\t\t\t\t\t\tMensaje\t\t\t\t\t\t\t<\/label>\r\n\t\t\t\t\t\t<textarea class=\"elementor-field-textual elementor-field  elementor-size-md\" name=\"form_fields[message]\" id=\"form-field-message\" rows=\"4\" placeholder=\"Mensaje\" required=\"required\"><\/textarea>\t\t\t\t<\/div>\r\n\t\t\t\t\t\t\t\t<div class=\"elementor-field-type-acceptance elementor-field-group elementor-column elementor-field-group-field_2b576c2 elementor-col-100 elementor-field-required\">\r\n\t\t\t\t\t\t\t<div class=\"elementor-field-subgroup\">\r\n\t\t\t<span class=\"elementor-field-option\">\r\n\t\t\t\t<input type=\"checkbox\" name=\"form_fields[field_2b576c2]\" id=\"form-field-field_2b576c2\" class=\"elementor-field elementor-size-md  elementor-acceptance-field\" required=\"required\">\r\n\t\t\t\t<label for=\"form-field-field_2b576c2\">He le\u00eddo y acepto la <a href=\"https:\/\/digesco.com\/es\/politica-de-proteccio-de-dades\/\">pol\u00edtica de privacidad.<\/a><\/label>\t\t\t<\/span>\r\n\t\t<\/div>\r\n\t\t\t\t\t\t<\/div>\r\n\t\t\t\t\t\t\t\t<div class=\"elementor-field-group elementor-column elementor-field-type-submit elementor-col-100 e-form__buttons\">\r\n\t\t\t\t\t<button class=\"elementor-button elementor-size-md\" type=\"submit\">\r\n\t\t\t\t\t\t<span class=\"elementor-button-content-wrapper\">\r\n\t\t\t\t\t\t\t\t\t\t\t\t\t\t\t\t\t\t\t\t\t\t<span class=\"elementor-button-text\">ENVIAR<\/span>\r\n\t\t\t\t\t\t\t\t\t\t\t\t\t<\/span>\r\n\t\t\t\t\t<\/button>\r\n\t\t\t\t<\/div>\r\n\t\t\t<\/div>\r\n\t\t<input type=\"hidden\" name=\"trp-form-language\" value=\"es\"\/><\/form>\r\n\t\t\t\t\t\t<\/div>\n\t\t\t\t<\/div>\n\t\t\t\t\t<\/div>\n\t\t<\/div>\n\t\t\t\t\t<\/div>\n\t\t<\/section>\n\t\t\t\t\t<\/div>\n\t\t<\/div>\n\t\t\t\t\t<\/div>\n\t\t<\/section>\n\t\t\t\t<\/div>","protected":false},"excerpt":{"rendered":"<p>Mantenimiento naves industriales Terrassa Bienvenido a Digesco, donde no solo construimos y reformamos, sino que tambi\u00e9n nos especializamos en el mantenimiento de naves industriales en Terrassa. Estamos aqu\u00ed para ser tu socio de confianza, liderando en el sector con una combinaci\u00f3n \u00fanica de experiencia y dedicaci\u00f3n que refleja nuestro compromiso inquebrantable con la excelencia. Nuestra&hellip;&nbsp;<a href=\"https:\/\/digesco.com\/es\/mantenimiento-naves-industriales-terrassa\/\" rel=\"bookmark\"><span class=\"screen-reader-text\">Mantenimiento naves industriales Terrassa<\/span><\/a><\/p>","protected":false},"author":2,"featured_media":0,"parent":0,"menu_order":0,"comment_status":"closed","ping_status":"closed","template":"page-templates\/template-pagebuilder-full-width.php","meta":{"neve_meta_sidebar":"","neve_meta_container":"","neve_meta_enable_content_width":"off","neve_meta_content_width":100,"neve_meta_title_alignment":"","neve_meta_author_avatar":"","neve_post_elements_order":"","neve_meta_disable_header":"","neve_meta_disable_footer":"","neve_meta_disable_title":"","_joinchat":[],"footnotes":""},"class_list":["post-726","page","type-page","status-publish","hentry"],"yoast_head":"<!-- This site is optimized with the Yoast SEO plugin v26.9 - https:\/\/yoast.com\/product\/yoast-seo-wordpress\/ -->\n<title>Mantenimiento naves industriales Terrassa - Digesco | Empresa de Reformas<\/title>\n<meta name=\"robots\" content=\"index, follow, max-snippet:-1, max-image-preview:large, max-video-preview:-1\" \/>\n<link rel=\"canonical\" href=\"https:\/\/digesco.com\/es\/mantenimiento-naves-industriales-terrassa\/\" \/>\n<meta property=\"og:locale\" content=\"es_ES\" \/>\n<meta property=\"og:type\" content=\"article\" \/>\n<meta property=\"og:title\" content=\"Mantenimiento naves industriales Terrassa - Digesco | Empresa de Reformas\" \/>\n<meta property=\"og:description\" content=\"Mantenimiento naves industriales Terrassa Bienvenido a Digesco, donde no solo construimos y reformamos, sino que tambi\u00e9n nos especializamos en el mantenimiento de naves industriales en Terrassa. Estamos aqu\u00ed para ser tu socio de confianza, liderando en el sector con una combinaci\u00f3n \u00fanica de experiencia y dedicaci\u00f3n que refleja nuestro compromiso inquebrantable con la excelencia. Nuestra&hellip;&nbsp;Mantenimiento naves industriales Terrassa\" \/>\n<meta property=\"og:url\" content=\"https:\/\/digesco.com\/es\/mantenimiento-naves-industriales-terrassa\/\" \/>\n<meta property=\"og:site_name\" content=\"Digesco | Empresa de Reformas\" \/>\n<meta property=\"article:modified_time\" content=\"2024-01-18T10:57:02+00:00\" \/>\n<meta name=\"twitter:card\" content=\"summary_large_image\" \/>\n<meta name=\"twitter:label1\" content=\"Tiempo de lectura\" \/>\n\t<meta name=\"twitter:data1\" content=\"3 minutos\" \/>\n<script type=\"application\/ld+json\" class=\"yoast-schema-graph\">{\"@context\":\"https:\/\/schema.org\",\"@graph\":[{\"@type\":\"WebPage\",\"@id\":\"https:\/\/digesco.com\/es\/mantenimiento-naves-industriales-terrassa\/\",\"url\":\"https:\/\/digesco.com\/es\/mantenimiento-naves-industriales-terrassa\/\",\"name\":\"Mantenimiento naves industriales Terrassa - Digesco | Empresa de Reformas\",\"isPartOf\":{\"@id\":\"https:\/\/digesco.com\/es\/#website\"},\"datePublished\":\"2023-11-22T08:49:49+00:00\",\"dateModified\":\"2024-01-18T10:57:02+00:00\",\"breadcrumb\":{\"@id\":\"https:\/\/digesco.com\/es\/mantenimiento-naves-industriales-terrassa\/#breadcrumb\"},\"inLanguage\":\"es\",\"potentialAction\":[{\"@type\":\"ReadAction\",\"target\":[\"https:\/\/digesco.com\/es\/mantenimiento-naves-industriales-terrassa\/\"]}]},{\"@type\":\"BreadcrumbList\",\"@id\":\"https:\/\/digesco.com\/es\/mantenimiento-naves-industriales-terrassa\/#breadcrumb\",\"itemListElement\":[{\"@type\":\"ListItem\",\"position\":1,\"name\":\"Portada\",\"item\":\"https:\/\/digesco.com\/es\/\"},{\"@type\":\"ListItem\",\"position\":2,\"name\":\"Mantenimiento naves industriales Terrassa\"}]},{\"@type\":\"WebSite\",\"@id\":\"https:\/\/digesco.com\/es\/#website\",\"url\":\"https:\/\/digesco.com\/es\/\",\"name\":\"Digesco | Empresa de Reformas\",\"description\":\"Empresa especializada y dedicada al mundo de la construcci\u00f3n, con trabajos tanto en el \u00e1mbito p\u00fablico como privado. En digesco ofrecemos un servicio integral para la construcci\u00f3n\",\"potentialAction\":[{\"@type\":\"SearchAction\",\"target\":{\"@type\":\"EntryPoint\",\"urlTemplate\":\"https:\/\/digesco.com\/es\/?s={search_term_string}\"},\"query-input\":{\"@type\":\"PropertyValueSpecification\",\"valueRequired\":true,\"valueName\":\"search_term_string\"}}],\"inLanguage\":\"es\"}]}<\/script>\n<!-- \/ Yoast SEO plugin. -->","yoast_head_json":{"title":"Mantenimiento naves industriales Terrassa - Digesco | Empresa de Reformas","robots":{"index":"index","follow":"follow","max-snippet":"max-snippet:-1","max-image-preview":"max-image-preview:large","max-video-preview":"max-video-preview:-1"},"canonical":"https:\/\/digesco.com\/es\/mantenimiento-naves-industriales-terrassa\/","og_locale":"es_ES","og_type":"article","og_title":"Mantenimiento naves industriales Terrassa - Digesco | Empresa de Reformas","og_description":"Mantenimiento naves industriales Terrassa Bienvenido a Digesco, donde no solo construimos y reformamos, sino que tambi\u00e9n nos especializamos en el mantenimiento de naves industriales en Terrassa. Estamos aqu\u00ed para ser tu socio de confianza, liderando en el sector con una combinaci\u00f3n \u00fanica de experiencia y dedicaci\u00f3n que refleja nuestro compromiso inquebrantable con la excelencia. Nuestra&hellip;&nbsp;Mantenimiento naves industriales Terrassa","og_url":"https:\/\/digesco.com\/es\/mantenimiento-naves-industriales-terrassa\/","og_site_name":"Digesco | Empresa de Reformas","article_modified_time":"2024-01-18T10:57:02+00:00","twitter_card":"summary_large_image","twitter_misc":{"Tiempo de lectura":"3 minutos"},"schema":{"@context":"https:\/\/schema.org","@graph":[{"@type":"WebPage","@id":"https:\/\/digesco.com\/es\/mantenimiento-naves-industriales-terrassa\/","url":"https:\/\/digesco.com\/es\/mantenimiento-naves-industriales-terrassa\/","name":"Mantenimiento naves industriales Terrassa - Digesco | Empresa de Reformas","isPartOf":{"@id":"https:\/\/digesco.com\/es\/#website"},"datePublished":"2023-11-22T08:49:49+00:00","dateModified":"2024-01-18T10:57:02+00:00","breadcrumb":{"@id":"https:\/\/digesco.com\/es\/mantenimiento-naves-industriales-terrassa\/#breadcrumb"},"inLanguage":"es","potentialAction":[{"@type":"ReadAction","target":["https:\/\/digesco.com\/es\/mantenimiento-naves-industriales-terrassa\/"]}]},{"@type":"BreadcrumbList","@id":"https:\/\/digesco.com\/es\/mantenimiento-naves-industriales-terrassa\/#breadcrumb","itemListElement":[{"@type":"ListItem","position":1,"name":"Portada","item":"https:\/\/digesco.com\/es\/"},{"@type":"ListItem","position":2,"name":"Mantenimiento naves industriales Terrassa"}]},{"@type":"WebSite","@id":"https:\/\/digesco.com\/es\/#website","url":"https:\/\/digesco.com\/es\/","name":"Digesco | Empresa de Reformas","description":"Empresa especializada y dedicada al mundo de la construcci\u00f3n, con trabajos tanto en el \u00e1mbito p\u00fablico como privado. En digesco ofrecemos un servicio integral para la construcci\u00f3n","potentialAction":[{"@type":"SearchAction","target":{"@type":"EntryPoint","urlTemplate":"https:\/\/digesco.com\/es\/?s={search_term_string}"},"query-input":{"@type":"PropertyValueSpecification","valueRequired":true,"valueName":"search_term_string"}}],"inLanguage":"es"}]}},"_links":{"self":[{"href":"https:\/\/digesco.com\/es\/wp-json\/wp\/v2\/pages\/726","targetHints":{"allow":["GET"]}}],"collection":[{"href":"https:\/\/digesco.com\/es\/wp-json\/wp\/v2\/pages"}],"about":[{"href":"https:\/\/digesco.com\/es\/wp-json\/wp\/v2\/types\/page"}],"author":[{"embeddable":true,"href":"https:\/\/digesco.com\/es\/wp-json\/wp\/v2\/users\/2"}],"replies":[{"embeddable":true,"href":"https:\/\/digesco.com\/es\/wp-json\/wp\/v2\/comments?post=726"}],"version-history":[{"count":7,"href":"https:\/\/digesco.com\/es\/wp-json\/wp\/v2\/pages\/726\/revisions"}],"predecessor-version":[{"id":985,"href":"https:\/\/digesco.com\/es\/wp-json\/wp\/v2\/pages\/726\/revisions\/985"}],"wp:attachment":[{"href":"https:\/\/digesco.com\/es\/wp-json\/wp\/v2\/media?parent=726"}],"curies":[{"name":"wp","href":"https:\/\/api.w.org\/{rel}","templated":true}]}}