{"id":724,"date":"2023-11-22T08:41:57","date_gmt":"2023-11-22T08:41:57","guid":{"rendered":"https:\/\/digesco.com\/?page_id=724"},"modified":"2024-01-18T11:01:30","modified_gmt":"2024-01-18T11:01:30","slug":"instalaciones-electricas-sabadell","status":"publish","type":"page","link":"https:\/\/digesco.com\/es\/instalaciones-electricas-sabadell\/","title":{"rendered":"Instalaciones el\u00e9ctricas Sabadell"},"content":{"rendered":"<div data-elementor-type=\"wp-page\" data-elementor-id=\"724\" class=\"elementor elementor-724\" data-elementor-post-type=\"page\">\n\t\t\t\t\t\t<section class=\"elementor-section elementor-top-section elementor-element elementor-element-5eb36b22 elementor-section-boxed elementor-section-height-default elementor-section-height-default\" data-id=\"5eb36b22\" data-element_type=\"section\" data-e-type=\"section\">\n\t\t\t\t\t\t<div class=\"elementor-container elementor-column-gap-default\">\n\t\t\t\t\t<div class=\"elementor-column elementor-col-50 elementor-top-column elementor-element elementor-element-20b07713\" data-id=\"20b07713\" data-element_type=\"column\" data-e-type=\"column\">\n\t\t\t<div class=\"elementor-widget-wrap elementor-element-populated\">\n\t\t\t\t\t\t<section class=\"elementor-section elementor-inner-section elementor-element elementor-element-2b4bc00f elementor-section-boxed elementor-section-height-default elementor-section-height-default\" data-id=\"2b4bc00f\" data-element_type=\"section\" data-e-type=\"section\">\n\t\t\t\t\t\t<div class=\"elementor-container elementor-column-gap-default\">\n\t\t\t\t\t<div class=\"elementor-column elementor-col-100 elementor-inner-column elementor-element elementor-element-2c71c917 elementor-invisible\" data-id=\"2c71c917\" data-element_type=\"column\" data-e-type=\"column\" data-settings=\"{&quot;animation&quot;:&quot;fadeInUp&quot;}\">\n\t\t\t<div class=\"elementor-widget-wrap elementor-element-populated\">\n\t\t\t\t\t\t<div class=\"elementor-element elementor-element-331a93e1 elementor-widget elementor-widget-heading\" data-id=\"331a93e1\" data-element_type=\"widget\" data-e-type=\"widget\" data-widget_type=\"heading.default\">\n\t\t\t\t<div class=\"elementor-widget-container\">\n\t\t\t\t\t<h1 class=\"elementor-heading-title elementor-size-default\">Instalaciones el\u00e9ctricas Sabadell<\/h1>\t\t\t\t<\/div>\n\t\t\t\t<\/div>\n\t\t\t\t<div class=\"elementor-element elementor-element-70cd8a3a elementor-widget elementor-widget-text-editor\" data-id=\"70cd8a3a\" data-element_type=\"widget\" data-e-type=\"widget\" data-widget_type=\"text-editor.default\">\n\t\t\t\t<div class=\"elementor-widget-container\">\n\t\t\t\t\t\t\t\t\t<p>En Digesco, reconocemos la importancia fundamental de contar con instalaciones el\u00e9ctricas, de gas y agua eficientes y seguras para el \u00f3ptimo funcionamiento de cualquier edificio en Sabadell y sus alrededores. Nos enorgullece ofrecer servicios de instalaci\u00f3n y mantenimiento que garantizan un rendimiento confiable en estas \u00e1reas vitales. Enfoc\u00e1ndonos en la excelencia y comprometi\u00e9ndonos con los est\u00e1ndares m\u00e1s estrictos, nos destacamos como tu elecci\u00f3n confiable para <strong>instalaciones el\u00e9ctricas en Sabadell<\/strong>.<\/p><p>En Digesco, nos especializamos en <strong>instalaciones el\u00e9ctricas en Sabadell<\/strong> y sus alrededores. Ya sea para ti casa, oficina o proyecto comercial, ofrecemos soluciones personalizadas que se adapten a tus necesidades espec\u00edficas. Desde la planificaci\u00f3n hasta la ejecuci\u00f3n y el mantenimiento continuo, nuestro equipo altamente capacitado se dedica a proporcionar un servicio integral que cumple con los m\u00e1s altos est\u00e1ndares de calidad.<\/p><p>Nos comprometemos a cumplir estrictamente con las regulaciones vigentes, asegurando que tus instalaciones el\u00e9ctricas, de gas y agua funcionan sin problemas y cumplan con todos los requisitos de seguridad. En Digesco, no s\u00f3lo nos preocupamos por la eficiencia de tus instalaciones el\u00e9ctricas, sino tambi\u00e9n por tu tranquilidad y comodidad. Nuestro enfoque proactivo en la seguridad y el confort de nuestros clientes en Sabadell nos distingue en cada proyecto que emprendemos.<\/p><p>Entendemos que cada cliente y proyecto son \u00fanicos. Es por eso que en Digesco nos comprometemos a proporcionar soluciones personalizadas que se ajusten a tus necesidades espec\u00edficas. Ya sea que est\u00e9s buscando una instalaci\u00f3n el\u00e9ctrica eficiente para tu hogar, una oficina bien iluminada o un proyecto comercial de gran envergadura, nuestro equipo est\u00e1 preparado para dise\u00f1ar y ejecutar soluciones adaptadas a tus requerimientos exactos.<\/p>\t\t\t\t\t\t\t\t<\/div>\n\t\t\t\t<\/div>\n\t\t\t\t<div class=\"elementor-element elementor-element-01d0dc1 elementor-align-center elementor-widget elementor-widget-button\" data-id=\"01d0dc1\" data-element_type=\"widget\" data-e-type=\"widget\" data-widget_type=\"button.default\">\n\t\t\t\t<div class=\"elementor-widget-container\">\n\t\t\t\t\t\t\t\t\t<div class=\"elementor-button-wrapper\">\n\t\t\t\t\t<a class=\"elementor-button elementor-button-link elementor-size-sm\" href=\"https:\/\/digesco.com\/es\/contacto\/\">\n\t\t\t\t\t\t<span class=\"elementor-button-content-wrapper\">\n\t\t\t\t\t\t\t\t\t<span class=\"elementor-button-text\">CONTACTA CON NOSOTROS<\/span>\n\t\t\t\t\t<\/span>\n\t\t\t\t\t<\/a>\n\t\t\t\t<\/div>\n\t\t\t\t\t\t\t\t<\/div>\n\t\t\t\t<\/div>\n\t\t\t\t<div class=\"elementor-element elementor-element-b71de73 elementor-widget elementor-widget-text-editor\" data-id=\"b71de73\" data-element_type=\"widget\" data-e-type=\"widget\" data-widget_type=\"text-editor.default\">\n\t\t\t\t<div class=\"elementor-widget-container\">\n\t\t\t\t\t\t\t\t\t<p style=\"text-align: justify;\">Cada proyecto en Digesco es una oportunidad para superar las expectativas y establecer nuevos est\u00e1ndares en el campo de las\u00a0<strong>instalaciones el\u00e9ctricas en Sabadell<\/strong>. Desde la planificaci\u00f3n inicial hasta la ejecuci\u00f3n y el mantenimiento contin\u00fao, nuestro compromiso con la excelencia se refleja en cada detalle de nuestro trabajo. Estamos constantemente buscando innovaciones y mejores pr\u00e1cticas para asegurarnos de que tu proyecto cuente con lo \u00faltimo en tecnolog\u00eda y eficiencia.<\/p><p style=\"text-align: justify;\">En Digesco, no nos limitamos a ofrecer servicios est\u00e1ndar; brindamos soluciones integrales. Comprendemos que las instalaciones el\u00e9ctricas son una parte crucial de la infraestructura de cualquier edificio en Sabadell, y nuestro compromiso es garantizar un rendimiento duradero y eficiente en todas las fases de tu proyecto.<\/p><p style=\"text-align: justify;\">Conf\u00eda en nosotros para garantizar la seguridad, eficiencia y durabilidad de tu\u00a0<strong>instalaciones el\u00e9ctricas en Sabadell<\/strong>. En Digesco, no s\u00f3lo construimos proyectos, creamos asociaciones duraderas. \u00a1Cont\u00e1ctanos hoy y empieza tu proyecto con nosotros en Sabadell!<\/p><p style=\"text-align: justify;\">Doy id mi non est congue facilisis eget eget nisis. Sied velo tincidunt risus. Praesent nec mauris venenatis, dignisim justo eu, varices augue. Nulla facilisis. Suspendisse quis leo quis neque tristique faucibus non non nisl. Nunc velo suscipido riso. Fusce fermentum ultrices sodales. Nullam eget placerat nisi, ut posuere ipsum. Aenean blandit mi pretium, tincidunt risus sed, sagittis arcu. Craso efficitur rutrum dui ac ultricies.<\/p><p style=\"text-align: justify;\">Curabitur in nula quam. Aliquam ornar bibendum ex vitae bibendum. Sed luctus ullamcorper cuando a gravida. Sied pulvinar efficitur eleifend. Aliquam id tortor in lacus gravida scelerisque. Suspendisse fringilla nisl Quies cursus convallis. Mauris pharetra ipsum ut \u00e9lite hendrerit mattis ut non quam. Phasellus ac nunc este. Duis ullamcorper risus placerat nunc laoreet auctor. Puedo ut condimentum eros. Nam dapibus ante ligula, a venenatis mauris mollis ac. Morbi lobortis vitae diam et tristique. Suspende conmodo demasiado sit almen auctor lobortis. Nullam pretium nula libero, sed lacinia nibh gravida sed.<\/p>\t\t\t\t\t\t\t\t<\/div>\n\t\t\t\t<\/div>\n\t\t\t\t\t<\/div>\n\t\t<\/div>\n\t\t\t\t\t<\/div>\n\t\t<\/section>\n\t\t\t\t\t<\/div>\n\t\t<\/div>\n\t\t\t\t<div class=\"elementor-column elementor-col-50 elementor-top-column elementor-element elementor-element-2461a1e\" data-id=\"2461a1e\" data-element_type=\"column\" data-e-type=\"column\">\n\t\t\t<div class=\"elementor-widget-wrap elementor-element-populated\">\n\t\t\t\t\t\t<section class=\"elementor-section elementor-inner-section elementor-element elementor-element-81b39c6 elementor-section-boxed elementor-section-height-default elementor-section-height-default\" data-id=\"81b39c6\" data-element_type=\"section\" data-e-type=\"section\">\n\t\t\t\t\t\t<div class=\"elementor-container elementor-column-gap-default\">\n\t\t\t\t\t<div class=\"elementor-column elementor-col-100 elementor-inner-column elementor-element elementor-element-15a0742c elementor-invisible\" data-id=\"15a0742c\" data-element_type=\"column\" data-e-type=\"column\" data-settings=\"{&quot;animation&quot;:&quot;fadeInRight&quot;,&quot;background_background&quot;:&quot;classic&quot;}\">\n\t\t\t<div class=\"elementor-widget-wrap elementor-element-populated\">\n\t\t\t\t\t\t<div class=\"elementor-element elementor-element-f211b16 elementor-widget elementor-widget-heading\" data-id=\"f211b16\" data-element_type=\"widget\" data-e-type=\"widget\" data-widget_type=\"heading.default\">\n\t\t\t\t<div class=\"elementor-widget-container\">\n\t\t\t\t\t<h3 class=\"elementor-heading-title elementor-size-default\">P\u00f3ngase en contacto con nosotros<\/h3>\t\t\t\t<\/div>\n\t\t\t\t<\/div>\n\t\t\t\t<div class=\"elementor-element elementor-element-025291a elementor-widget-divider--view-line elementor-widget elementor-widget-divider\" data-id=\"025291a\" data-element_type=\"widget\" data-e-type=\"widget\" data-widget_type=\"divider.default\">\n\t\t\t\t<div class=\"elementor-widget-container\">\n\t\t\t\t\t\t\t<div class=\"elementor-divider\">\n\t\t\t<span class=\"elementor-divider-separator\">\n\t\t\t\t\t\t<\/span>\n\t\t<\/div>\n\t\t\t\t\t\t<\/div>\n\t\t\t\t<\/div>\n\t\t\t\t<div class=\"elementor-element elementor-element-6fe87dc7 elementor-button-align-start elementor-mobile-button-align-stretch elementor-widget elementor-widget-form\" data-id=\"6fe87dc7\" data-element_type=\"widget\" data-e-type=\"widget\" data-settings=\"{&quot;step_next_label&quot;:&quot;Next&quot;,&quot;step_previous_label&quot;:&quot;Previous&quot;,&quot;button_width&quot;:&quot;100&quot;,&quot;step_type&quot;:&quot;number_text&quot;,&quot;step_icon_shape&quot;:&quot;circle&quot;}\" data-widget_type=\"form.default\">\n\t\t\t\t<div class=\"elementor-widget-container\">\n\t\t\t\t\t\t\t<form class=\"elementor-form\" method=\"post\" name=\"New Form\" aria-label=\"New Form\" action=\"\">\r\n\t\t\t<input type=\"hidden\" name=\"post_id\" value=\"724\"\/>\r\n\t\t\t<input type=\"hidden\" name=\"form_id\" value=\"6fe87dc7\"\/>\r\n\t\t\t<input type=\"hidden\" name=\"referer_title\" value=\"Instalaciones el\u00e9ctricas Sabadell - Digesco | Empresa de Reformas\" \/>\r\n\r\n\t\t\t\t\t\t\t<input type=\"hidden\" name=\"queried_id\" value=\"724\"\/>\r\n\t\t\t\r\n\t\t\t<div class=\"elementor-form-fields-wrapper elementor-labels-above\">\r\n\t\t\t\t\t\t\t\t<div class=\"elementor-field-type-text elementor-field-group elementor-column elementor-field-group-name elementor-col-100 elementor-field-required\">\r\n\t\t\t\t\t\t\t\t\t\t\t\t<label for=\"form-field-name\" class=\"elementor-field-label\">\r\n\t\t\t\t\t\t\t\tNombre\t\t\t\t\t\t\t<\/label>\r\n\t\t\t\t\t\t\t\t\t\t\t\t\t\t<input size=\"1\" type=\"text\" name=\"form_fields[name]\" id=\"form-field-name\" class=\"elementor-field elementor-size-md  elementor-field-textual\" placeholder=\"Nombre\" required=\"required\">\r\n\t\t\t\t\t\t\t\t\t\t\t<\/div>\r\n\t\t\t\t\t\t\t\t<div class=\"elementor-field-type-email elementor-field-group elementor-column elementor-field-group-email elementor-col-100 elementor-field-required\">\r\n\t\t\t\t\t\t\t\t\t\t\t\t<label for=\"form-field-email\" class=\"elementor-field-label\">\r\n\t\t\t\t\t\t\t\tCorreo electr\u00f3nico\t\t\t\t\t\t\t<\/label>\r\n\t\t\t\t\t\t\t\t\t\t\t\t\t\t<input size=\"1\" type=\"email\" name=\"form_fields[email]\" id=\"form-field-email\" class=\"elementor-field elementor-size-md  elementor-field-textual\" placeholder=\"Correo electr\u00f3nico\" required=\"required\">\r\n\t\t\t\t\t\t\t\t\t\t\t<\/div>\r\n\t\t\t\t\t\t\t\t<div class=\"elementor-field-type-text elementor-field-group elementor-column elementor-field-group-field_29a6e76 elementor-col-100\">\r\n\t\t\t\t\t\t\t\t\t\t\t\t<label for=\"form-field-field_29a6e76\" class=\"elementor-field-label\">\r\n\t\t\t\t\t\t\t\tAsunto\t\t\t\t\t\t\t<\/label>\r\n\t\t\t\t\t\t\t\t\t\t\t\t\t\t<input size=\"1\" type=\"text\" name=\"form_fields[field_29a6e76]\" id=\"form-field-field_29a6e76\" class=\"elementor-field elementor-size-md  elementor-field-textual\" placeholder=\"Asunto\">\r\n\t\t\t\t\t\t\t\t\t\t\t<\/div>\r\n\t\t\t\t\t\t\t\t<div class=\"elementor-field-type-textarea elementor-field-group elementor-column elementor-field-group-message elementor-col-100 elementor-field-required\">\r\n\t\t\t\t\t\t\t\t\t\t\t\t<label for=\"form-field-message\" class=\"elementor-field-label\">\r\n\t\t\t\t\t\t\t\tMensaje\t\t\t\t\t\t\t<\/label>\r\n\t\t\t\t\t\t<textarea class=\"elementor-field-textual elementor-field  elementor-size-md\" name=\"form_fields[message]\" id=\"form-field-message\" rows=\"4\" placeholder=\"Mensaje\" required=\"required\"><\/textarea>\t\t\t\t<\/div>\r\n\t\t\t\t\t\t\t\t<div class=\"elementor-field-type-acceptance elementor-field-group elementor-column elementor-field-group-field_2b576c2 elementor-col-100 elementor-field-required\">\r\n\t\t\t\t\t\t\t<div class=\"elementor-field-subgroup\">\r\n\t\t\t<span class=\"elementor-field-option\">\r\n\t\t\t\t<input type=\"checkbox\" name=\"form_fields[field_2b576c2]\" id=\"form-field-field_2b576c2\" class=\"elementor-field elementor-size-md  elementor-acceptance-field\" required=\"required\">\r\n\t\t\t\t<label for=\"form-field-field_2b576c2\">He le\u00eddo y acepto la <a href=\"https:\/\/digesco.com\/es\/politica-de-proteccio-de-dades\/\">pol\u00edtica de privacidad.<\/a><\/label>\t\t\t<\/span>\r\n\t\t<\/div>\r\n\t\t\t\t\t\t<\/div>\r\n\t\t\t\t\t\t\t\t<div class=\"elementor-field-type-text\">\r\n\t\t\t\t\t<input size=\"1\" type=\"text\" name=\"form_fields[field_60332c0]\" id=\"form-field-field_60332c0\" class=\"elementor-field elementor-size-md\" style=\"display:none !important;\">\t\t\t\t<\/div>\r\n\t\t\t\t\t\t\t\t<div class=\"elementor-field-type-recaptcha_v3 elementor-field-group elementor-column elementor-field-group-field_eb84517 elementor-col-100 recaptcha_v3-bottomleft\">\r\n\t\t\t\t\t<div class=\"elementor-field\" id=\"form-field-field_eb84517\"><div class=\"elementor-g-recaptcha\" data-sitekey=\"6Lf7Mx4pAAAAAMhxv999UsnPMn1aPXRQv2xwdd1X\" data-type=\"v3\" data-action=\"Form\" data-badge=\"bottomleft\" data-size=\"invisible\"><\/div><\/div>\t\t\t\t<\/div>\r\n\t\t\t\t\t\t\t\t<div class=\"elementor-field-group elementor-column elementor-field-type-submit elementor-col-100 e-form__buttons\">\r\n\t\t\t\t\t<button class=\"elementor-button elementor-size-md\" type=\"submit\">\r\n\t\t\t\t\t\t<span class=\"elementor-button-content-wrapper\">\r\n\t\t\t\t\t\t\t\t\t\t\t\t\t\t\t\t\t\t\t\t\t\t<span class=\"elementor-button-text\">ENVIAR<\/span>\r\n\t\t\t\t\t\t\t\t\t\t\t\t\t<\/span>\r\n\t\t\t\t\t<\/button>\r\n\t\t\t\t<\/div>\r\n\t\t\t<\/div>\r\n\t\t<input type=\"hidden\" name=\"trp-form-language\" value=\"es\"\/><\/form>\r\n\t\t\t\t\t\t<\/div>\n\t\t\t\t<\/div>\n\t\t\t\t\t<\/div>\n\t\t<\/div>\n\t\t\t\t\t<\/div>\n\t\t<\/section>\n\t\t\t\t\t<\/div>\n\t\t<\/div>\n\t\t\t\t\t<\/div>\n\t\t<\/section>\n\t\t\t\t<\/div>","protected":false},"excerpt":{"rendered":"<p>Instalaciones el\u00e9ctricas Sabadell En Digesco, reconocemos la importancia fundamental de contar con instalaciones el\u00e9ctricas, de gas y agua eficientes y seguras para el \u00f3ptimo funcionamiento de cualquier edificio en Sabadell y sus alrededores. Nos enorgullece ofrecer servicios de instalaci\u00f3n y mantenimiento que garantizan un rendimiento confiable en estas \u00e1reas vitales. Enfoc\u00e1ndonos en la excelencia y&hellip;&nbsp;<a href=\"https:\/\/digesco.com\/es\/instalaciones-electricas-sabadell\/\" rel=\"bookmark\"><span class=\"screen-reader-text\">Instalaciones el\u00e9ctricas Sabadell<\/span><\/a><\/p>","protected":false},"author":2,"featured_media":0,"parent":0,"menu_order":0,"comment_status":"closed","ping_status":"closed","template":"page-templates\/template-pagebuilder-full-width.php","meta":{"neve_meta_sidebar":"","neve_meta_container":"","neve_meta_enable_content_width":"off","neve_meta_content_width":100,"neve_meta_title_alignment":"","neve_meta_author_avatar":"","neve_post_elements_order":"","neve_meta_disable_header":"","neve_meta_disable_footer":"","neve_meta_disable_title":"","_joinchat":[],"footnotes":""},"class_list":["post-724","page","type-page","status-publish","hentry"],"yoast_head":"<!-- This site is optimized with the Yoast SEO plugin v26.9 - https:\/\/yoast.com\/product\/yoast-seo-wordpress\/ -->\n<title>Instalaciones el\u00e9ctricas Sabadell - Digesco | Empresa de Reformas<\/title>\n<meta name=\"robots\" content=\"index, follow, max-snippet:-1, max-image-preview:large, max-video-preview:-1\" \/>\n<link rel=\"canonical\" href=\"https:\/\/digesco.com\/es\/instalaciones-electricas-sabadell\/\" \/>\n<meta property=\"og:locale\" content=\"es_ES\" \/>\n<meta property=\"og:type\" content=\"article\" \/>\n<meta property=\"og:title\" content=\"Instalaciones el\u00e9ctricas Sabadell - Digesco | Empresa de Reformas\" \/>\n<meta property=\"og:description\" content=\"Instalaciones el\u00e9ctricas Sabadell En Digesco, reconocemos la importancia fundamental de contar con instalaciones el\u00e9ctricas, de gas y agua eficientes y seguras para el \u00f3ptimo funcionamiento de cualquier edificio en Sabadell y sus alrededores. Nos enorgullece ofrecer servicios de instalaci\u00f3n y mantenimiento que garantizan un rendimiento confiable en estas \u00e1reas vitales. Enfoc\u00e1ndonos en la excelencia y&hellip;&nbsp;Instalaciones el\u00e9ctricas Sabadell\" \/>\n<meta property=\"og:url\" content=\"https:\/\/digesco.com\/es\/instalaciones-electricas-sabadell\/\" \/>\n<meta property=\"og:site_name\" content=\"Digesco | Empresa de Reformas\" \/>\n<meta property=\"article:modified_time\" content=\"2024-01-18T11:01:30+00:00\" \/>\n<meta name=\"twitter:card\" content=\"summary_large_image\" \/>\n<meta name=\"twitter:label1\" content=\"Tiempo de lectura\" \/>\n\t<meta name=\"twitter:data1\" content=\"3 minutos\" \/>\n<script type=\"application\/ld+json\" class=\"yoast-schema-graph\">{\"@context\":\"https:\/\/schema.org\",\"@graph\":[{\"@type\":\"WebPage\",\"@id\":\"https:\/\/digesco.com\/es\/instalaciones-electricas-sabadell\/\",\"url\":\"https:\/\/digesco.com\/es\/instalaciones-electricas-sabadell\/\",\"name\":\"Instalaciones el\u00e9ctricas Sabadell - Digesco | Empresa de Reformas\",\"isPartOf\":{\"@id\":\"https:\/\/digesco.com\/es\/#website\"},\"datePublished\":\"2023-11-22T08:41:57+00:00\",\"dateModified\":\"2024-01-18T11:01:30+00:00\",\"breadcrumb\":{\"@id\":\"https:\/\/digesco.com\/es\/instalaciones-electricas-sabadell\/#breadcrumb\"},\"inLanguage\":\"es\",\"potentialAction\":[{\"@type\":\"ReadAction\",\"target\":[\"https:\/\/digesco.com\/es\/instalaciones-electricas-sabadell\/\"]}]},{\"@type\":\"BreadcrumbList\",\"@id\":\"https:\/\/digesco.com\/es\/instalaciones-electricas-sabadell\/#breadcrumb\",\"itemListElement\":[{\"@type\":\"ListItem\",\"position\":1,\"name\":\"Portada\",\"item\":\"https:\/\/digesco.com\/es\/\"},{\"@type\":\"ListItem\",\"position\":2,\"name\":\"Instalaciones el\u00e9ctricas Sabadell\"}]},{\"@type\":\"WebSite\",\"@id\":\"https:\/\/digesco.com\/es\/#website\",\"url\":\"https:\/\/digesco.com\/es\/\",\"name\":\"Digesco | Empresa de Reformas\",\"description\":\"Empresa especializada y dedicada al mundo de la construcci\u00f3n, con trabajos tanto en el \u00e1mbito p\u00fablico como privado. En digesco ofrecemos un servicio integral para la construcci\u00f3n\",\"potentialAction\":[{\"@type\":\"SearchAction\",\"target\":{\"@type\":\"EntryPoint\",\"urlTemplate\":\"https:\/\/digesco.com\/es\/?s={search_term_string}\"},\"query-input\":{\"@type\":\"PropertyValueSpecification\",\"valueRequired\":true,\"valueName\":\"search_term_string\"}}],\"inLanguage\":\"es\"}]}<\/script>\n<!-- \/ Yoast SEO plugin. -->","yoast_head_json":{"title":"Instalaciones el\u00e9ctricas Sabadell - Digesco | Empresa de Reformas","robots":{"index":"index","follow":"follow","max-snippet":"max-snippet:-1","max-image-preview":"max-image-preview:large","max-video-preview":"max-video-preview:-1"},"canonical":"https:\/\/digesco.com\/es\/instalaciones-electricas-sabadell\/","og_locale":"es_ES","og_type":"article","og_title":"Instalaciones el\u00e9ctricas Sabadell - Digesco | Empresa de Reformas","og_description":"Instalaciones el\u00e9ctricas Sabadell En Digesco, reconocemos la importancia fundamental de contar con instalaciones el\u00e9ctricas, de gas y agua eficientes y seguras para el \u00f3ptimo funcionamiento de cualquier edificio en Sabadell y sus alrededores. Nos enorgullece ofrecer servicios de instalaci\u00f3n y mantenimiento que garantizan un rendimiento confiable en estas \u00e1reas vitales. Enfoc\u00e1ndonos en la excelencia y&hellip;&nbsp;Instalaciones el\u00e9ctricas Sabadell","og_url":"https:\/\/digesco.com\/es\/instalaciones-electricas-sabadell\/","og_site_name":"Digesco | Empresa de Reformas","article_modified_time":"2024-01-18T11:01:30+00:00","twitter_card":"summary_large_image","twitter_misc":{"Tiempo de lectura":"3 minutos"},"schema":{"@context":"https:\/\/schema.org","@graph":[{"@type":"WebPage","@id":"https:\/\/digesco.com\/es\/instalaciones-electricas-sabadell\/","url":"https:\/\/digesco.com\/es\/instalaciones-electricas-sabadell\/","name":"Instalaciones el\u00e9ctricas Sabadell - Digesco | Empresa de Reformas","isPartOf":{"@id":"https:\/\/digesco.com\/es\/#website"},"datePublished":"2023-11-22T08:41:57+00:00","dateModified":"2024-01-18T11:01:30+00:00","breadcrumb":{"@id":"https:\/\/digesco.com\/es\/instalaciones-electricas-sabadell\/#breadcrumb"},"inLanguage":"es","potentialAction":[{"@type":"ReadAction","target":["https:\/\/digesco.com\/es\/instalaciones-electricas-sabadell\/"]}]},{"@type":"BreadcrumbList","@id":"https:\/\/digesco.com\/es\/instalaciones-electricas-sabadell\/#breadcrumb","itemListElement":[{"@type":"ListItem","position":1,"name":"Portada","item":"https:\/\/digesco.com\/es\/"},{"@type":"ListItem","position":2,"name":"Instalaciones el\u00e9ctricas Sabadell"}]},{"@type":"WebSite","@id":"https:\/\/digesco.com\/es\/#website","url":"https:\/\/digesco.com\/es\/","name":"Digesco | Empresa de Reformas","description":"Empresa especializada y dedicada al mundo de la construcci\u00f3n, con trabajos tanto en el \u00e1mbito p\u00fablico como privado. En digesco ofrecemos un servicio integral para la construcci\u00f3n","potentialAction":[{"@type":"SearchAction","target":{"@type":"EntryPoint","urlTemplate":"https:\/\/digesco.com\/es\/?s={search_term_string}"},"query-input":{"@type":"PropertyValueSpecification","valueRequired":true,"valueName":"search_term_string"}}],"inLanguage":"es"}]}},"_links":{"self":[{"href":"https:\/\/digesco.com\/es\/wp-json\/wp\/v2\/pages\/724","targetHints":{"allow":["GET"]}}],"collection":[{"href":"https:\/\/digesco.com\/es\/wp-json\/wp\/v2\/pages"}],"about":[{"href":"https:\/\/digesco.com\/es\/wp-json\/wp\/v2\/types\/page"}],"author":[{"embeddable":true,"href":"https:\/\/digesco.com\/es\/wp-json\/wp\/v2\/users\/2"}],"replies":[{"embeddable":true,"href":"https:\/\/digesco.com\/es\/wp-json\/wp\/v2\/comments?post=724"}],"version-history":[{"count":10,"href":"https:\/\/digesco.com\/es\/wp-json\/wp\/v2\/pages\/724\/revisions"}],"predecessor-version":[{"id":997,"href":"https:\/\/digesco.com\/es\/wp-json\/wp\/v2\/pages\/724\/revisions\/997"}],"wp:attachment":[{"href":"https:\/\/digesco.com\/es\/wp-json\/wp\/v2\/media?parent=724"}],"curies":[{"name":"wp","href":"https:\/\/api.w.org\/{rel}","templated":true}]}}