{"id":720,"date":"2023-11-22T08:38:21","date_gmt":"2023-11-22T08:38:21","guid":{"rendered":"https:\/\/digesco.com\/?page_id=720"},"modified":"2024-01-18T11:03:41","modified_gmt":"2024-01-18T11:03:41","slug":"instalacion-racholas-sabadell","status":"publish","type":"page","link":"https:\/\/digesco.com\/es\/instalacion-racholas-sabadell\/","title":{"rendered":"Instalaci\u00f3n racholas Sabadell"},"content":{"rendered":"<div data-elementor-type=\"wp-page\" data-elementor-id=\"720\" class=\"elementor elementor-720\" data-elementor-post-type=\"page\">\n\t\t\t\t\t\t<section class=\"elementor-section elementor-top-section elementor-element elementor-element-5eb36b22 elementor-section-boxed elementor-section-height-default elementor-section-height-default\" data-id=\"5eb36b22\" data-element_type=\"section\" data-e-type=\"section\">\n\t\t\t\t\t\t<div class=\"elementor-container elementor-column-gap-default\">\n\t\t\t\t\t<div class=\"elementor-column elementor-col-50 elementor-top-column elementor-element elementor-element-20b07713\" data-id=\"20b07713\" data-element_type=\"column\" data-e-type=\"column\">\n\t\t\t<div class=\"elementor-widget-wrap elementor-element-populated\">\n\t\t\t\t\t\t<section class=\"elementor-section elementor-inner-section elementor-element elementor-element-2b4bc00f elementor-section-boxed elementor-section-height-default elementor-section-height-default\" data-id=\"2b4bc00f\" data-element_type=\"section\" data-e-type=\"section\">\n\t\t\t\t\t\t<div class=\"elementor-container elementor-column-gap-default\">\n\t\t\t\t\t<div class=\"elementor-column elementor-col-100 elementor-inner-column elementor-element elementor-element-2c71c917 elementor-invisible\" data-id=\"2c71c917\" data-element_type=\"column\" data-e-type=\"column\" data-settings=\"{&quot;animation&quot;:&quot;fadeInUp&quot;}\">\n\t\t\t<div class=\"elementor-widget-wrap elementor-element-populated\">\n\t\t\t\t\t\t<div class=\"elementor-element elementor-element-331a93e1 elementor-widget elementor-widget-heading\" data-id=\"331a93e1\" data-element_type=\"widget\" data-e-type=\"widget\" data-widget_type=\"heading.default\">\n\t\t\t\t<div class=\"elementor-widget-container\">\n\t\t\t\t\t<h1 class=\"elementor-heading-title elementor-size-default\">Instalaci\u00f3n racholas Sabadell<\/h1>\t\t\t\t<\/div>\n\t\t\t\t<\/div>\n\t\t\t\t<div class=\"elementor-element elementor-element-70cd8a3a elementor-widget elementor-widget-text-editor\" data-id=\"70cd8a3a\" data-element_type=\"widget\" data-e-type=\"widget\" data-widget_type=\"text-editor.default\">\n\t\t\t\t<div class=\"elementor-widget-container\">\n\t\t\t\t\t\t\t\t\t<p>En Digesco, nos enorgullece ofrecer servicios integrales de instalaci\u00f3n y mantenimiento, y nos destacamos en la <strong>instalaci\u00f3n de racholas en Sabadell<\/strong>. Como expertos en el \u00e1mbito de las instalaciones el\u00e9ctricas, de gas y agua, entendemos la importancia vital de estos componentes para el funcionamiento seguro y eficiente de cualquier edificio.<\/p><p>En el coraz\u00f3n de nuestro compromiso se encuentran las instalaciones el\u00e9ctricas, de gas y agua. Nuestro equipo de profesionales altamente capacitados y experimentados est\u00e1 dedicado a dise\u00f1ar, instalar y mantener estas infraestructuras esenciales. Nos enorgullece cumplir estrictamente con las regulaciones y est\u00e1ndares m\u00e1s rigurosos, garantizando as\u00ed que sus instalaciones funcionen sin problemas y cumplan con los m\u00e1s altos requisitos de seguridad.<\/p><p>Destacamos especialmente en la <strong>instalaci\u00f3n de racholas en Sabadell<\/strong>. Nuestro compromiso con la excelencia se refleja en cada proyecto que emprendemos. Nos aseguramos de que cada instalaci\u00f3n sea realizada con precisi\u00f3n y cuidado, utilizando materiales de la m\u00e1s alta calidad para garantizar durabilidad y est\u00e9tica.<\/p>\t\t\t\t\t\t\t\t<\/div>\n\t\t\t\t<\/div>\n\t\t\t\t<div class=\"elementor-element elementor-element-d740d4f elementor-align-center elementor-widget elementor-widget-button\" data-id=\"d740d4f\" data-element_type=\"widget\" data-e-type=\"widget\" data-widget_type=\"button.default\">\n\t\t\t\t<div class=\"elementor-widget-container\">\n\t\t\t\t\t\t\t\t\t<div class=\"elementor-button-wrapper\">\n\t\t\t\t\t<a class=\"elementor-button elementor-button-link elementor-size-sm\" href=\"https:\/\/digesco.com\/es\/contacto\/\">\n\t\t\t\t\t\t<span class=\"elementor-button-content-wrapper\">\n\t\t\t\t\t\t\t\t\t<span class=\"elementor-button-text\">CONTACTA CON NOSOTROS<\/span>\n\t\t\t\t\t<\/span>\n\t\t\t\t\t<\/a>\n\t\t\t\t<\/div>\n\t\t\t\t\t\t\t\t<\/div>\n\t\t\t\t<\/div>\n\t\t\t\t<div class=\"elementor-element elementor-element-ab40f60 elementor-widget elementor-widget-text-editor\" data-id=\"ab40f60\" data-element_type=\"widget\" data-e-type=\"widget\" data-widget_type=\"text-editor.default\">\n\t\t\t\t<div class=\"elementor-widget-container\">\n\t\t\t\t\t\t\t\t\t<p style=\"text-align: justify;\">En Digesco, no s\u00f3lo nos contentamos con asegurar la seguridad y el confort de nuestros clientes; nos esforzamos por ir m\u00e1s all\u00e1, independientemente de si se trata de su hogar, oficina o proyecto comercial. Nuestro compromiso con la excelencia se refleja en cada paso que damos. Al abordar la\u00a0<strong>instalaci\u00f3n de racholas en Sabadell<\/strong>, nuestro enfoque meticuloso no se limita \u00fanicamente a la b\u00fasqueda de la perfecci\u00f3n est\u00e9tica, sino que abarca tambi\u00e9n la funcionalidad y la seguridad a largo plazo.<\/p><p style=\"text-align: justify;\">Entendemos que la instalaci\u00f3n inicial es s\u00f3lo el primer paso en el camino hacia unas instalaciones eficientes y seguras. Por eso, no s\u00f3lo nos especializamos en la instalaci\u00f3n inicial, sino que tambi\u00e9n ofrecemos servicios de mantenimiento continuo. Nos comprometemos a garantizar que sus instalaciones mantengan un rendimiento confiable al largo del tiempo, proporcion\u00e1ndole la tranquilidad de saber que sus sistemas el\u00e9ctricos, de gas y agua est\u00e1n en manos de profesionales comprometidos con la excelencia.<\/p><p style=\"text-align: justify;\">En Digesco, nos regimos por las regulaciones y est\u00e1ndares m\u00e1s rigurosos. Esta dedicaci\u00f3n a la conformidad no s\u00f3lo es una obligaci\u00f3n, sino un distintivo que define nuestra \u00e9tica de trabajo. Nuestros clientes conf\u00edan en nosotros para garantizar que sus instalaciones no s\u00f3lo cumplan con los requisitos normativos, sino que tambi\u00e9n superan las expectativas en t\u00e9rminos de seguridad y rendimiento.<\/p><p style=\"text-align: justify;\">Si est\u00e1 buscando expertos en la\u00a0<strong>instalaci\u00f3n de racholas en Sabadell<\/strong>\u00a0y servicios integrales de instalaci\u00f3n y mantenimiento, no busque m\u00e1s. En Digesco, estamos comprometidos a que sus instalaciones sean no s\u00f3lo seguras y eficientes, sino tambi\u00e9n est\u00e9ticamente impecables. Cont\u00e1ctenos hoy mismo para obtener m\u00e1s informaci\u00f3n sobre c\u00f3mo podemos satisfacer sus necesidades de instalaci\u00f3n en Sabadell y sus alrededores. Estamos aqu\u00ed para transformar sus instalaciones y superar sus expectativas en cada aspecto. \u00a1Cont\u00e1ctenos ahora para iniciar esa transformaci\u00f3n!<\/p>\t\t\t\t\t\t\t\t<\/div>\n\t\t\t\t<\/div>\n\t\t\t\t\t<\/div>\n\t\t<\/div>\n\t\t\t\t\t<\/div>\n\t\t<\/section>\n\t\t\t\t\t<\/div>\n\t\t<\/div>\n\t\t\t\t<div class=\"elementor-column elementor-col-50 elementor-top-column elementor-element elementor-element-2461a1e\" data-id=\"2461a1e\" data-element_type=\"column\" data-e-type=\"column\">\n\t\t\t<div class=\"elementor-widget-wrap elementor-element-populated\">\n\t\t\t\t\t\t<section class=\"elementor-section elementor-inner-section elementor-element elementor-element-81b39c6 elementor-section-boxed elementor-section-height-default elementor-section-height-default\" data-id=\"81b39c6\" data-element_type=\"section\" data-e-type=\"section\">\n\t\t\t\t\t\t<div class=\"elementor-container elementor-column-gap-default\">\n\t\t\t\t\t<div class=\"elementor-column elementor-col-100 elementor-inner-column elementor-element elementor-element-15a0742c elementor-invisible\" data-id=\"15a0742c\" data-element_type=\"column\" data-e-type=\"column\" data-settings=\"{&quot;animation&quot;:&quot;fadeInRight&quot;,&quot;background_background&quot;:&quot;classic&quot;}\">\n\t\t\t<div class=\"elementor-widget-wrap elementor-element-populated\">\n\t\t\t\t\t\t<div class=\"elementor-element elementor-element-f211b16 elementor-widget elementor-widget-heading\" data-id=\"f211b16\" data-element_type=\"widget\" data-e-type=\"widget\" data-widget_type=\"heading.default\">\n\t\t\t\t<div class=\"elementor-widget-container\">\n\t\t\t\t\t<h3 class=\"elementor-heading-title elementor-size-default\">P\u00f3ngase en contacto con nosotros<\/h3>\t\t\t\t<\/div>\n\t\t\t\t<\/div>\n\t\t\t\t<div class=\"elementor-element elementor-element-025291a elementor-widget-divider--view-line elementor-widget elementor-widget-divider\" data-id=\"025291a\" data-element_type=\"widget\" data-e-type=\"widget\" data-widget_type=\"divider.default\">\n\t\t\t\t<div class=\"elementor-widget-container\">\n\t\t\t\t\t\t\t<div class=\"elementor-divider\">\n\t\t\t<span class=\"elementor-divider-separator\">\n\t\t\t\t\t\t<\/span>\n\t\t<\/div>\n\t\t\t\t\t\t<\/div>\n\t\t\t\t<\/div>\n\t\t\t\t<div class=\"elementor-element elementor-element-6fe87dc7 elementor-button-align-start elementor-mobile-button-align-stretch elementor-widget elementor-widget-form\" data-id=\"6fe87dc7\" data-element_type=\"widget\" data-e-type=\"widget\" data-settings=\"{&quot;step_next_label&quot;:&quot;Next&quot;,&quot;step_previous_label&quot;:&quot;Previous&quot;,&quot;button_width&quot;:&quot;100&quot;,&quot;step_type&quot;:&quot;number_text&quot;,&quot;step_icon_shape&quot;:&quot;circle&quot;}\" data-widget_type=\"form.default\">\n\t\t\t\t<div class=\"elementor-widget-container\">\n\t\t\t\t\t\t\t<form class=\"elementor-form\" method=\"post\" name=\"New Form\" aria-label=\"New Form\" action=\"\">\r\n\t\t\t<input type=\"hidden\" name=\"post_id\" value=\"720\"\/>\r\n\t\t\t<input type=\"hidden\" name=\"form_id\" value=\"6fe87dc7\"\/>\r\n\t\t\t<input type=\"hidden\" name=\"referer_title\" value=\"Instalaci\u00f3n racholas Sabadell - Digesco | Empresa de Reformas\" \/>\r\n\r\n\t\t\t\t\t\t\t<input type=\"hidden\" name=\"queried_id\" value=\"720\"\/>\r\n\t\t\t\r\n\t\t\t<div class=\"elementor-form-fields-wrapper elementor-labels-above\">\r\n\t\t\t\t\t\t\t\t<div class=\"elementor-field-type-text elementor-field-group elementor-column elementor-field-group-name elementor-col-100 elementor-field-required\">\r\n\t\t\t\t\t\t\t\t\t\t\t\t<label for=\"form-field-name\" class=\"elementor-field-label\">\r\n\t\t\t\t\t\t\t\tNombre\t\t\t\t\t\t\t<\/label>\r\n\t\t\t\t\t\t\t\t\t\t\t\t\t\t<input size=\"1\" type=\"text\" name=\"form_fields[name]\" id=\"form-field-name\" class=\"elementor-field elementor-size-md  elementor-field-textual\" placeholder=\"Nombre\" required=\"required\">\r\n\t\t\t\t\t\t\t\t\t\t\t<\/div>\r\n\t\t\t\t\t\t\t\t<div class=\"elementor-field-type-email elementor-field-group elementor-column elementor-field-group-email elementor-col-100 elementor-field-required\">\r\n\t\t\t\t\t\t\t\t\t\t\t\t<label for=\"form-field-email\" class=\"elementor-field-label\">\r\n\t\t\t\t\t\t\t\tCorreo electr\u00f3nico\t\t\t\t\t\t\t<\/label>\r\n\t\t\t\t\t\t\t\t\t\t\t\t\t\t<input size=\"1\" type=\"email\" name=\"form_fields[email]\" id=\"form-field-email\" class=\"elementor-field elementor-size-md  elementor-field-textual\" placeholder=\"Correo electr\u00f3nico\" required=\"required\">\r\n\t\t\t\t\t\t\t\t\t\t\t<\/div>\r\n\t\t\t\t\t\t\t\t<div class=\"elementor-field-type-text elementor-field-group elementor-column elementor-field-group-field_29a6e76 elementor-col-100\">\r\n\t\t\t\t\t\t\t\t\t\t\t\t<label for=\"form-field-field_29a6e76\" class=\"elementor-field-label\">\r\n\t\t\t\t\t\t\t\tAsunto\t\t\t\t\t\t\t<\/label>\r\n\t\t\t\t\t\t\t\t\t\t\t\t\t\t<input size=\"1\" type=\"text\" name=\"form_fields[field_29a6e76]\" id=\"form-field-field_29a6e76\" class=\"elementor-field elementor-size-md  elementor-field-textual\" placeholder=\"Asunto\">\r\n\t\t\t\t\t\t\t\t\t\t\t<\/div>\r\n\t\t\t\t\t\t\t\t<div class=\"elementor-field-type-textarea elementor-field-group elementor-column elementor-field-group-message elementor-col-100 elementor-field-required\">\r\n\t\t\t\t\t\t\t\t\t\t\t\t<label for=\"form-field-message\" class=\"elementor-field-label\">\r\n\t\t\t\t\t\t\t\tMensaje\t\t\t\t\t\t\t<\/label>\r\n\t\t\t\t\t\t<textarea class=\"elementor-field-textual elementor-field  elementor-size-md\" name=\"form_fields[message]\" id=\"form-field-message\" rows=\"4\" placeholder=\"Mensaje\" required=\"required\"><\/textarea>\t\t\t\t<\/div>\r\n\t\t\t\t\t\t\t\t<div class=\"elementor-field-type-acceptance elementor-field-group elementor-column elementor-field-group-field_2b576c2 elementor-col-100 elementor-field-required\">\r\n\t\t\t\t\t\t\t<div class=\"elementor-field-subgroup\">\r\n\t\t\t<span class=\"elementor-field-option\">\r\n\t\t\t\t<input type=\"checkbox\" name=\"form_fields[field_2b576c2]\" id=\"form-field-field_2b576c2\" class=\"elementor-field elementor-size-md  elementor-acceptance-field\" required=\"required\">\r\n\t\t\t\t<label for=\"form-field-field_2b576c2\">He le\u00eddo y acepto la <a href=\"https:\/\/digesco.com\/es\/politica-de-proteccio-de-dades\/\">pol\u00edtica de privacidad.<\/a><\/label>\t\t\t<\/span>\r\n\t\t<\/div>\r\n\t\t\t\t\t\t<\/div>\r\n\t\t\t\t\t\t\t\t<div class=\"elementor-field-type-text\">\r\n\t\t\t\t\t<input size=\"1\" type=\"text\" name=\"form_fields[field_a82c3cd]\" id=\"form-field-field_a82c3cd\" class=\"elementor-field elementor-size-md\" style=\"display:none !important;\">\t\t\t\t<\/div>\r\n\t\t\t\t\t\t\t\t<div class=\"elementor-field-type-recaptcha_v3 elementor-field-group elementor-column elementor-field-group-field_83e9da5 elementor-col-100 recaptcha_v3-bottomleft\">\r\n\t\t\t\t\t<div class=\"elementor-field\" id=\"form-field-field_83e9da5\"><div class=\"elementor-g-recaptcha\" data-sitekey=\"6Lf7Mx4pAAAAAMhxv999UsnPMn1aPXRQv2xwdd1X\" data-type=\"v3\" data-action=\"Form\" data-badge=\"bottomleft\" data-size=\"invisible\"><\/div><\/div>\t\t\t\t<\/div>\r\n\t\t\t\t\t\t\t\t<div class=\"elementor-field-group elementor-column elementor-field-type-submit elementor-col-100 e-form__buttons\">\r\n\t\t\t\t\t<button class=\"elementor-button elementor-size-md\" type=\"submit\">\r\n\t\t\t\t\t\t<span class=\"elementor-button-content-wrapper\">\r\n\t\t\t\t\t\t\t\t\t\t\t\t\t\t\t\t\t\t\t\t\t\t<span class=\"elementor-button-text\">ENVIAR<\/span>\r\n\t\t\t\t\t\t\t\t\t\t\t\t\t<\/span>\r\n\t\t\t\t\t<\/button>\r\n\t\t\t\t<\/div>\r\n\t\t\t<\/div>\r\n\t\t<input type=\"hidden\" name=\"trp-form-language\" value=\"es\"\/><\/form>\r\n\t\t\t\t\t\t<\/div>\n\t\t\t\t<\/div>\n\t\t\t\t\t<\/div>\n\t\t<\/div>\n\t\t\t\t\t<\/div>\n\t\t<\/section>\n\t\t\t\t\t<\/div>\n\t\t<\/div>\n\t\t\t\t\t<\/div>\n\t\t<\/section>\n\t\t\t\t<\/div>","protected":false},"excerpt":{"rendered":"<p>Instalaci\u00f3n racholas Sabadell En Digesco, nos enorgullece ofrecer servicios integrales de instalaci\u00f3n y mantenimiento, y nos destacamos en la instalaci\u00f3n de racholas en Sabadell. Como expertos en el \u00e1mbito de las instalaciones el\u00e9ctricas, de gas y agua, entendemos la importancia vital de estos componentes para el funcionamiento seguro y eficiente de cualquier edificio. En el&hellip;&nbsp;<a href=\"https:\/\/digesco.com\/es\/instalacion-racholas-sabadell\/\" rel=\"bookmark\"><span class=\"screen-reader-text\">Instalaci\u00f3n racholas Sabadell<\/span><\/a><\/p>","protected":false},"author":2,"featured_media":0,"parent":0,"menu_order":0,"comment_status":"closed","ping_status":"closed","template":"page-templates\/template-pagebuilder-full-width.php","meta":{"neve_meta_sidebar":"","neve_meta_container":"","neve_meta_enable_content_width":"off","neve_meta_content_width":100,"neve_meta_title_alignment":"","neve_meta_author_avatar":"","neve_post_elements_order":"","neve_meta_disable_header":"","neve_meta_disable_footer":"","neve_meta_disable_title":"","_joinchat":[],"footnotes":""},"class_list":["post-720","page","type-page","status-publish","hentry"],"yoast_head":"<!-- This site is optimized with the Yoast SEO plugin v26.9 - https:\/\/yoast.com\/product\/yoast-seo-wordpress\/ -->\n<title>Instalaci\u00f3n racholas Sabadell - Digesco | Empresa de Reformas<\/title>\n<meta name=\"robots\" content=\"index, follow, max-snippet:-1, max-image-preview:large, max-video-preview:-1\" \/>\n<link rel=\"canonical\" href=\"https:\/\/digesco.com\/es\/instalacion-racholas-sabadell\/\" \/>\n<meta property=\"og:locale\" content=\"es_ES\" \/>\n<meta property=\"og:type\" content=\"article\" \/>\n<meta property=\"og:title\" content=\"Instalaci\u00f3n racholas Sabadell - Digesco | Empresa de Reformas\" \/>\n<meta property=\"og:description\" content=\"Instalaci\u00f3n racholas Sabadell En Digesco, nos enorgullece ofrecer servicios integrales de instalaci\u00f3n y mantenimiento, y nos destacamos en la instalaci\u00f3n de racholas en Sabadell. Como expertos en el \u00e1mbito de las instalaciones el\u00e9ctricas, de gas y agua, entendemos la importancia vital de estos componentes para el funcionamiento seguro y eficiente de cualquier edificio. En el&hellip;&nbsp;Instalaci\u00f3n racholas Sabadell\" \/>\n<meta property=\"og:url\" content=\"https:\/\/digesco.com\/es\/instalacion-racholas-sabadell\/\" \/>\n<meta property=\"og:site_name\" content=\"Digesco | Empresa de Reformas\" \/>\n<meta property=\"article:modified_time\" content=\"2024-01-18T11:03:41+00:00\" \/>\n<meta name=\"twitter:card\" content=\"summary_large_image\" \/>\n<meta name=\"twitter:label1\" content=\"Tiempo de lectura\" \/>\n\t<meta name=\"twitter:data1\" content=\"3 minutos\" \/>\n<script type=\"application\/ld+json\" class=\"yoast-schema-graph\">{\"@context\":\"https:\/\/schema.org\",\"@graph\":[{\"@type\":\"WebPage\",\"@id\":\"https:\/\/digesco.com\/es\/instalacion-racholas-sabadell\/\",\"url\":\"https:\/\/digesco.com\/es\/instalacion-racholas-sabadell\/\",\"name\":\"Instalaci\u00f3n racholas Sabadell - Digesco | Empresa de Reformas\",\"isPartOf\":{\"@id\":\"https:\/\/digesco.com\/es\/#website\"},\"datePublished\":\"2023-11-22T08:38:21+00:00\",\"dateModified\":\"2024-01-18T11:03:41+00:00\",\"breadcrumb\":{\"@id\":\"https:\/\/digesco.com\/es\/instalacion-racholas-sabadell\/#breadcrumb\"},\"inLanguage\":\"es\",\"potentialAction\":[{\"@type\":\"ReadAction\",\"target\":[\"https:\/\/digesco.com\/es\/instalacion-racholas-sabadell\/\"]}]},{\"@type\":\"BreadcrumbList\",\"@id\":\"https:\/\/digesco.com\/es\/instalacion-racholas-sabadell\/#breadcrumb\",\"itemListElement\":[{\"@type\":\"ListItem\",\"position\":1,\"name\":\"Portada\",\"item\":\"https:\/\/digesco.com\/es\/\"},{\"@type\":\"ListItem\",\"position\":2,\"name\":\"Instalaci\u00f3n racholas Sabadell\"}]},{\"@type\":\"WebSite\",\"@id\":\"https:\/\/digesco.com\/es\/#website\",\"url\":\"https:\/\/digesco.com\/es\/\",\"name\":\"Digesco | Empresa de Reformas\",\"description\":\"Empresa especializada y dedicada al mundo de la construcci\u00f3n, con trabajos tanto en el \u00e1mbito p\u00fablico como privado. En digesco ofrecemos un servicio integral para la construcci\u00f3n\",\"potentialAction\":[{\"@type\":\"SearchAction\",\"target\":{\"@type\":\"EntryPoint\",\"urlTemplate\":\"https:\/\/digesco.com\/es\/?s={search_term_string}\"},\"query-input\":{\"@type\":\"PropertyValueSpecification\",\"valueRequired\":true,\"valueName\":\"search_term_string\"}}],\"inLanguage\":\"es\"}]}<\/script>\n<!-- \/ Yoast SEO plugin. -->","yoast_head_json":{"title":"Instalaci\u00f3n racholas Sabadell - Digesco | Empresa de Reformas","robots":{"index":"index","follow":"follow","max-snippet":"max-snippet:-1","max-image-preview":"max-image-preview:large","max-video-preview":"max-video-preview:-1"},"canonical":"https:\/\/digesco.com\/es\/instalacion-racholas-sabadell\/","og_locale":"es_ES","og_type":"article","og_title":"Instalaci\u00f3n racholas Sabadell - Digesco | Empresa de Reformas","og_description":"Instalaci\u00f3n racholas Sabadell En Digesco, nos enorgullece ofrecer servicios integrales de instalaci\u00f3n y mantenimiento, y nos destacamos en la instalaci\u00f3n de racholas en Sabadell. Como expertos en el \u00e1mbito de las instalaciones el\u00e9ctricas, de gas y agua, entendemos la importancia vital de estos componentes para el funcionamiento seguro y eficiente de cualquier edificio. En el&hellip;&nbsp;Instalaci\u00f3n racholas Sabadell","og_url":"https:\/\/digesco.com\/es\/instalacion-racholas-sabadell\/","og_site_name":"Digesco | Empresa de Reformas","article_modified_time":"2024-01-18T11:03:41+00:00","twitter_card":"summary_large_image","twitter_misc":{"Tiempo de lectura":"3 minutos"},"schema":{"@context":"https:\/\/schema.org","@graph":[{"@type":"WebPage","@id":"https:\/\/digesco.com\/es\/instalacion-racholas-sabadell\/","url":"https:\/\/digesco.com\/es\/instalacion-racholas-sabadell\/","name":"Instalaci\u00f3n racholas Sabadell - Digesco | Empresa de Reformas","isPartOf":{"@id":"https:\/\/digesco.com\/es\/#website"},"datePublished":"2023-11-22T08:38:21+00:00","dateModified":"2024-01-18T11:03:41+00:00","breadcrumb":{"@id":"https:\/\/digesco.com\/es\/instalacion-racholas-sabadell\/#breadcrumb"},"inLanguage":"es","potentialAction":[{"@type":"ReadAction","target":["https:\/\/digesco.com\/es\/instalacion-racholas-sabadell\/"]}]},{"@type":"BreadcrumbList","@id":"https:\/\/digesco.com\/es\/instalacion-racholas-sabadell\/#breadcrumb","itemListElement":[{"@type":"ListItem","position":1,"name":"Portada","item":"https:\/\/digesco.com\/es\/"},{"@type":"ListItem","position":2,"name":"Instalaci\u00f3n racholas Sabadell"}]},{"@type":"WebSite","@id":"https:\/\/digesco.com\/es\/#website","url":"https:\/\/digesco.com\/es\/","name":"Digesco | Empresa de Reformas","description":"Empresa especializada y dedicada al mundo de la construcci\u00f3n, con trabajos tanto en el \u00e1mbito p\u00fablico como privado. En digesco ofrecemos un servicio integral para la construcci\u00f3n","potentialAction":[{"@type":"SearchAction","target":{"@type":"EntryPoint","urlTemplate":"https:\/\/digesco.com\/es\/?s={search_term_string}"},"query-input":{"@type":"PropertyValueSpecification","valueRequired":true,"valueName":"search_term_string"}}],"inLanguage":"es"}]}},"_links":{"self":[{"href":"https:\/\/digesco.com\/es\/wp-json\/wp\/v2\/pages\/720","targetHints":{"allow":["GET"]}}],"collection":[{"href":"https:\/\/digesco.com\/es\/wp-json\/wp\/v2\/pages"}],"about":[{"href":"https:\/\/digesco.com\/es\/wp-json\/wp\/v2\/types\/page"}],"author":[{"embeddable":true,"href":"https:\/\/digesco.com\/es\/wp-json\/wp\/v2\/users\/2"}],"replies":[{"embeddable":true,"href":"https:\/\/digesco.com\/es\/wp-json\/wp\/v2\/comments?post=720"}],"version-history":[{"count":10,"href":"https:\/\/digesco.com\/es\/wp-json\/wp\/v2\/pages\/720\/revisions"}],"predecessor-version":[{"id":1003,"href":"https:\/\/digesco.com\/es\/wp-json\/wp\/v2\/pages\/720\/revisions\/1003"}],"wp:attachment":[{"href":"https:\/\/digesco.com\/es\/wp-json\/wp\/v2\/media?parent=720"}],"curies":[{"name":"wp","href":"https:\/\/api.w.org\/{rel}","templated":true}]}}