{"id":652,"date":"2023-10-25T20:36:04","date_gmt":"2023-10-25T20:36:04","guid":{"rendered":"https:\/\/digesco.com\/?page_id=652"},"modified":"2023-10-25T20:44:07","modified_gmt":"2023-10-25T20:44:07","slug":"blog","status":"publish","type":"page","link":"https:\/\/digesco.com\/es\/blog\/","title":{"rendered":"Blog"},"content":{"rendered":"<div data-elementor-type=\"wp-page\" data-elementor-id=\"652\" class=\"elementor elementor-652\" data-elementor-post-type=\"page\">\n\t\t\t\t\t\t<section class=\"elementor-section elementor-top-section elementor-element elementor-element-7a741980 elementor-section-boxed elementor-section-height-default elementor-section-height-default\" data-id=\"7a741980\" data-element_type=\"section\" data-e-type=\"section\" data-settings=\"{&quot;background_background&quot;:&quot;classic&quot;}\">\n\t\t\t\t\t\t\t<div class=\"elementor-background-overlay\"><\/div>\n\t\t\t\t\t\t\t<div class=\"elementor-container elementor-column-gap-default\">\n\t\t\t\t\t<div class=\"elementor-column elementor-col-100 elementor-top-column elementor-element elementor-element-2121aadb\" data-id=\"2121aadb\" data-element_type=\"column\" data-e-type=\"column\">\n\t\t\t<div class=\"elementor-widget-wrap elementor-element-populated\">\n\t\t\t\t\t\t<div class=\"elementor-element elementor-element-14c2e4d0 elementor-invisible elementor-widget elementor-widget-heading\" data-id=\"14c2e4d0\" data-element_type=\"widget\" data-e-type=\"widget\" data-settings=\"{&quot;_animation&quot;:&quot;fadeInUp&quot;}\" data-widget_type=\"heading.default\">\n\t\t\t\t<div class=\"elementor-widget-container\">\n\t\t\t\t\t<h1 class=\"elementor-heading-title elementor-size-default\">Blog<\/h1>\t\t\t\t<\/div>\n\t\t\t\t<\/div>\n\t\t\t\t\t<\/div>\n\t\t<\/div>\n\t\t\t\t\t<\/div>\n\t\t<\/section>\n\t\t\t\t<section class=\"elementor-section elementor-top-section elementor-element elementor-element-1ed9ef11 elementor-section-boxed elementor-section-height-default elementor-section-height-default\" data-id=\"1ed9ef11\" data-element_type=\"section\" data-e-type=\"section\">\n\t\t\t\t\t\t<div class=\"elementor-container elementor-column-gap-default\">\n\t\t\t\t\t<div class=\"elementor-column elementor-col-100 elementor-top-column elementor-element elementor-element-66259b\" data-id=\"66259b\" data-element_type=\"column\" data-e-type=\"column\">\n\t\t\t<div class=\"elementor-widget-wrap elementor-element-populated\">\n\t\t\t\t\t\t<div class=\"elementor-element elementor-element-b9d4579 elementor-grid-3 elementor-grid-tablet-2 elementor-grid-mobile-1 elementor-posts--thumbnail-top elementor-card-shadow-yes elementor-posts__hover-gradient elementor-widget elementor-widget-posts\" data-id=\"b9d4579\" data-element_type=\"widget\" data-e-type=\"widget\" data-settings=\"{&quot;pagination_type&quot;:&quot;numbers&quot;,&quot;cards_columns&quot;:&quot;3&quot;,&quot;cards_columns_tablet&quot;:&quot;2&quot;,&quot;cards_columns_mobile&quot;:&quot;1&quot;,&quot;cards_row_gap&quot;:{&quot;unit&quot;:&quot;px&quot;,&quot;size&quot;:35,&quot;sizes&quot;:[]},&quot;cards_row_gap_tablet&quot;:{&quot;unit&quot;:&quot;px&quot;,&quot;size&quot;:&quot;&quot;,&quot;sizes&quot;:[]},&quot;cards_row_gap_mobile&quot;:{&quot;unit&quot;:&quot;px&quot;,&quot;size&quot;:&quot;&quot;,&quot;sizes&quot;:[]}}\" data-widget_type=\"posts.cards\">\n\t\t\t\t<div class=\"elementor-widget-container\">\n\t\t\t\t\t\t\t<div class=\"elementor-posts-container elementor-posts elementor-posts--skin-cards elementor-grid\" role=\"list\">\r\n\t\t\t\t<article class=\"elementor-post elementor-grid-item post-1565 post type-post status-publish format-standard has-post-thumbnail hentry category-reformas-cocina\" role=\"listitem\">\r\n\t\t\t<div class=\"elementor-post__card\">\r\n\t\t\t\t<a class=\"elementor-post__thumbnail__link\" href=\"https:\/\/digesco.com\/es\/reformas-de-cocina-como-transformar-el-corazon-del-hogar-con-diseno-y-funcionalidad\/\" tabindex=\"-1\" ><div class=\"elementor-post__thumbnail\"><img fetchpriority=\"high\" decoding=\"async\" width=\"1200\" height=\"750\" src=\"https:\/\/digesco.com\/wp-content\/uploads\/2026\/04\/Reformas-de-cocina.png\" class=\"attachment-full size-full wp-image-1569\" alt=\"Transformaci\u00f3n de cocina antigua a cocina moderna mediante reforma integral\" srcset=\"https:\/\/digesco.com\/wp-content\/uploads\/2026\/04\/Reformas-de-cocina.png 1200w, https:\/\/digesco.com\/wp-content\/uploads\/2026\/04\/Reformas-de-cocina-300x188.png 300w, https:\/\/digesco.com\/wp-content\/uploads\/2026\/04\/Reformas-de-cocina-1024x640.png 1024w, https:\/\/digesco.com\/wp-content\/uploads\/2026\/04\/Reformas-de-cocina-768x480.png 768w, https:\/\/digesco.com\/wp-content\/uploads\/2026\/04\/Reformas-de-cocina-18x12.png 18w\" sizes=\"(max-width: 1200px) 100vw, 1200px\" \/><\/div><\/a>\r\n\t\t\t\t<div class=\"elementor-post__text\">\r\n\t\t\t\t<h3 class=\"elementor-post__title\">\r\n\t\t\t<a href=\"https:\/\/digesco.com\/es\/reformas-de-cocina-como-transformar-el-corazon-del-hogar-con-diseno-y-funcionalidad\/\" >\r\n\t\t\t\tReformas de cocina: c\u00f3mo transformar el coraz\u00f3n del hogar con dise\u00f1o y funcionalidad\t\t\t<\/a>\r\n\t\t<\/h3>\r\n\t\t\t\t<div class=\"elementor-post__excerpt\">\r\n\t\t\t<p>Tendencias, planificaci\u00f3n y claves para conseguir una cocina moderna, eficiente y adaptada a tu estilo de vida Las viviendas han evolucionado hacia espacios m\u00e1s abiertos,<\/p>\n\t\t<\/div>\r\n\t\t\r\n\t\t<a class=\"elementor-post__read-more\" href=\"https:\/\/digesco.com\/es\/reformas-de-cocina-como-transformar-el-corazon-del-hogar-con-diseno-y-funcionalidad\/\" aria-label=\"Read more about Reformas de cocina: c\u00f3mo transformar el coraz\u00f3n del hogar con dise\u00f1o y funcionalidad\" tabindex=\"-1\" >\r\n\t\t\tLEER M\u00c1S\t\t<\/a>\r\n\r\n\t\t\t\t<\/div>\r\n\t\t\t\t\t<\/div>\r\n\t\t<\/article>\r\n\t\t\t\t<article class=\"elementor-post elementor-grid-item post-1559 post type-post status-publish format-standard has-post-thumbnail hentry category-construccion-de-naves-industriales\" role=\"listitem\">\r\n\t\t\t<div class=\"elementor-post__card\">\r\n\t\t\t\t<a class=\"elementor-post__thumbnail__link\" href=\"https:\/\/digesco.com\/es\/construccion-de-naves-industriales-claves-procesos-y-valor-estrategico-para-las-empresas\/\" tabindex=\"-1\" ><div class=\"elementor-post__thumbnail\"><img decoding=\"async\" width=\"1200\" height=\"750\" src=\"https:\/\/digesco.com\/wp-content\/uploads\/2026\/04\/Construccion-de-naves-industriales.png\" class=\"attachment-full size-full wp-image-1563\" alt=\"Proceso de construcci\u00f3n de naves industriales con estructura met\u00e1lica en obra\" srcset=\"https:\/\/digesco.com\/wp-content\/uploads\/2026\/04\/Construccion-de-naves-industriales.png 1200w, https:\/\/digesco.com\/wp-content\/uploads\/2026\/04\/Construccion-de-naves-industriales-300x188.png 300w, https:\/\/digesco.com\/wp-content\/uploads\/2026\/04\/Construccion-de-naves-industriales-1024x640.png 1024w, https:\/\/digesco.com\/wp-content\/uploads\/2026\/04\/Construccion-de-naves-industriales-768x480.png 768w, https:\/\/digesco.com\/wp-content\/uploads\/2026\/04\/Construccion-de-naves-industriales-18x12.png 18w\" sizes=\"(max-width: 1200px) 100vw, 1200px\" \/><\/div><\/a>\r\n\t\t\t\t<div class=\"elementor-post__text\">\r\n\t\t\t\t<h3 class=\"elementor-post__title\">\r\n\t\t\t<a href=\"https:\/\/digesco.com\/es\/construccion-de-naves-industriales-claves-procesos-y-valor-estrategico-para-las-empresas\/\" >\r\n\t\t\t\tConstrucci\u00f3n de naves industriales: claves, procesos y valor estrat\u00e9gico para las empresas\t\t\t<\/a>\r\n\t\t<\/h3>\r\n\t\t\t\t<div class=\"elementor-post__excerpt\">\r\n\t\t\t<p>La base de la industria moderna y el crecimiento empresarial sostenible La evoluci\u00f3n del sector industrial y log\u00edstico ha impulsado una demanda creciente de infraestructuras<\/p>\n\t\t<\/div>\r\n\t\t\r\n\t\t<a class=\"elementor-post__read-more\" href=\"https:\/\/digesco.com\/es\/construccion-de-naves-industriales-claves-procesos-y-valor-estrategico-para-las-empresas\/\" aria-label=\"Read more about Construcci\u00f3n de naves industriales: claves, procesos y valor estrat\u00e9gico para las empresas\" tabindex=\"-1\" >\r\n\t\t\tLEER M\u00c1S\t\t<\/a>\r\n\r\n\t\t\t\t<\/div>\r\n\t\t\t\t\t<\/div>\r\n\t\t<\/article>\r\n\t\t\t\t<article class=\"elementor-post elementor-grid-item post-1525 post type-post status-publish format-standard has-post-thumbnail hentry category-empresa-de-reformas-integrales tag-empresa-reformas-integrales\" role=\"listitem\">\r\n\t\t\t<div class=\"elementor-post__card\">\r\n\t\t\t\t<a class=\"elementor-post__thumbnail__link\" href=\"https:\/\/digesco.com\/es\/como-evitar-sobrecostes-y-retrasos-en-tu-obra\/\" tabindex=\"-1\" ><div class=\"elementor-post__thumbnail\"><img decoding=\"async\" width=\"1200\" height=\"750\" src=\"https:\/\/digesco.com\/wp-content\/uploads\/2026\/04\/empresa-reformas-integrales-4.jpg\" class=\"attachment-full size-full wp-image-1529\" alt=\"empresa reformas integrales\" srcset=\"https:\/\/digesco.com\/wp-content\/uploads\/2026\/04\/empresa-reformas-integrales-4.jpg 1200w, https:\/\/digesco.com\/wp-content\/uploads\/2026\/04\/empresa-reformas-integrales-4-300x188.jpg 300w, https:\/\/digesco.com\/wp-content\/uploads\/2026\/04\/empresa-reformas-integrales-4-1024x640.jpg 1024w, https:\/\/digesco.com\/wp-content\/uploads\/2026\/04\/empresa-reformas-integrales-4-768x480.jpg 768w, https:\/\/digesco.com\/wp-content\/uploads\/2026\/04\/empresa-reformas-integrales-4-18x12.jpg 18w\" sizes=\"(max-width: 1200px) 100vw, 1200px\" \/><\/div><\/a>\r\n\t\t\t\t<div class=\"elementor-post__text\">\r\n\t\t\t\t<h3 class=\"elementor-post__title\">\r\n\t\t\t<a href=\"https:\/\/digesco.com\/es\/como-evitar-sobrecostes-y-retrasos-en-tu-obra\/\" >\r\n\t\t\t\t\u00bfC\u00f3mo evitar sobrecostes y retrasos en tu obra?\t\t\t<\/a>\r\n\t\t<\/h3>\r\n\t\t\t\t<div class=\"elementor-post__excerpt\">\r\n\t\t\t<p>Digesco: Expertise en reformas integrales Contratar una empresa de reformas integrales es una de las decisiones m\u00e1s importantes cuando se quiere renovar una vivienda, un<\/p>\n\t\t<\/div>\r\n\t\t\r\n\t\t<a class=\"elementor-post__read-more\" href=\"https:\/\/digesco.com\/es\/como-evitar-sobrecostes-y-retrasos-en-tu-obra\/\" aria-label=\"Read more about \u00bfC\u00f3mo evitar sobrecostes y retrasos en tu obra?\" tabindex=\"-1\" >\r\n\t\t\tLEER M\u00c1S\t\t<\/a>\r\n\r\n\t\t\t\t<\/div>\r\n\t\t\t\t\t<\/div>\r\n\t\t<\/article>\r\n\t\t\t\t<article class=\"elementor-post elementor-grid-item post-1514 post type-post status-publish format-standard has-post-thumbnail hentry category-uncategorized\" role=\"listitem\">\r\n\t\t\t<div class=\"elementor-post__card\">\r\n\t\t\t\t<a class=\"elementor-post__thumbnail__link\" href=\"https:\/\/digesco.com\/es\/como-plantear-la-planificacion-tecnica-de-naves-industriales-para-optimizar-la-inversion-y-el-rendimiento\/\" tabindex=\"-1\" ><div class=\"elementor-post__thumbnail\"><img loading=\"lazy\" decoding=\"async\" width=\"785\" height=\"491\" src=\"https:\/\/digesco.com\/wp-content\/uploads\/2026\/04\/construccion-de-naves-industriales-2.jpg\" class=\"attachment-full size-full wp-image-1516\" alt=\"construcci\u00f3n naves industriales\" srcset=\"https:\/\/digesco.com\/wp-content\/uploads\/2026\/04\/construccion-de-naves-industriales-2.jpg 785w, https:\/\/digesco.com\/wp-content\/uploads\/2026\/04\/construccion-de-naves-industriales-2-300x188.jpg 300w, https:\/\/digesco.com\/wp-content\/uploads\/2026\/04\/construccion-de-naves-industriales-2-768x480.jpg 768w, https:\/\/digesco.com\/wp-content\/uploads\/2026\/04\/construccion-de-naves-industriales-2-18x12.jpg 18w\" sizes=\"(max-width: 785px) 100vw, 785px\" \/><\/div><\/a>\r\n\t\t\t\t<div class=\"elementor-post__text\">\r\n\t\t\t\t<h3 class=\"elementor-post__title\">\r\n\t\t\t<a href=\"https:\/\/digesco.com\/es\/como-plantear-la-planificacion-tecnica-de-naves-industriales-para-optimizar-la-inversion-y-el-rendimiento\/\" >\r\n\t\t\t\t\u00bfC\u00f3mo plantear la planificaci\u00f3n t\u00e9cnica de naves industriales para optimizar la inversi\u00f3n y el rendimiento?\t\t\t<\/a>\r\n\t\t<\/h3>\r\n\t\t\t\t<div class=\"elementor-post__excerpt\">\r\n\t\t\t<p>\u00bfPor qu\u00e9 es importante analizar el uso antes de dise\u00f1ar? La construcci\u00f3n de naves industriales es un proceso complejo que requiere una planificaci\u00f3n t\u00e9cnica precisa<\/p>\n\t\t<\/div>\r\n\t\t\r\n\t\t<a class=\"elementor-post__read-more\" href=\"https:\/\/digesco.com\/es\/como-plantear-la-planificacion-tecnica-de-naves-industriales-para-optimizar-la-inversion-y-el-rendimiento\/\" aria-label=\"Read more about \u00bfC\u00f3mo plantear la planificaci\u00f3n t\u00e9cnica de naves industriales para optimizar la inversi\u00f3n y el rendimiento?\" tabindex=\"-1\" >\r\n\t\t\tLEER M\u00c1S\t\t<\/a>\r\n\r\n\t\t\t\t<\/div>\r\n\t\t\t\t\t<\/div>\r\n\t\t<\/article>\r\n\t\t\t\t<article class=\"elementor-post elementor-grid-item post-1448 post type-post status-publish format-standard has-post-thumbnail hentry category-empresa-de-reformas-integrales category-reformas-integrales tag-reforma-integral tag-reformas-integrales\" role=\"listitem\">\r\n\t\t\t<div class=\"elementor-post__card\">\r\n\t\t\t\t<a class=\"elementor-post__thumbnail__link\" href=\"https:\/\/digesco.com\/es\/como-planificar-tus-reformas-integrales-para-transformar-y-revalorizar-tu-inmueble\/\" tabindex=\"-1\" ><div class=\"elementor-post__thumbnail\"><img loading=\"lazy\" decoding=\"async\" width=\"1200\" height=\"750\" src=\"https:\/\/digesco.com\/wp-content\/uploads\/2026\/03\/reformas-integrales-1.jpg\" class=\"attachment-full size-full wp-image-1452\" alt=\"reformas integrales\" srcset=\"https:\/\/digesco.com\/wp-content\/uploads\/2026\/03\/reformas-integrales-1.jpg 1200w, https:\/\/digesco.com\/wp-content\/uploads\/2026\/03\/reformas-integrales-1-300x188.jpg 300w, https:\/\/digesco.com\/wp-content\/uploads\/2026\/03\/reformas-integrales-1-1024x640.jpg 1024w, https:\/\/digesco.com\/wp-content\/uploads\/2026\/03\/reformas-integrales-1-768x480.jpg 768w, https:\/\/digesco.com\/wp-content\/uploads\/2026\/03\/reformas-integrales-1-18x12.jpg 18w\" sizes=\"(max-width: 1200px) 100vw, 1200px\" \/><\/div><\/a>\r\n\t\t\t\t<div class=\"elementor-post__text\">\r\n\t\t\t\t<h3 class=\"elementor-post__title\">\r\n\t\t\t<a href=\"https:\/\/digesco.com\/es\/como-planificar-tus-reformas-integrales-para-transformar-y-revalorizar-tu-inmueble\/\" >\r\n\t\t\t\t\u00bfC\u00f3mo planificar tus reformas integrales para transformar y revalorizar tu inmueble?\t\t\t<\/a>\r\n\t\t<\/h3>\r\n\t\t\t\t<div class=\"elementor-post__excerpt\">\r\n\t\t\t<p>Digesco: el equipo que necesitas para conseguir los mejores resultados Las reformas integrales se han convertido en una de las soluciones m\u00e1s eficaces para actualizar<\/p>\n\t\t<\/div>\r\n\t\t\r\n\t\t<a class=\"elementor-post__read-more\" href=\"https:\/\/digesco.com\/es\/como-planificar-tus-reformas-integrales-para-transformar-y-revalorizar-tu-inmueble\/\" aria-label=\"Read more about \u00bfC\u00f3mo planificar tus reformas integrales para transformar y revalorizar tu inmueble?\" tabindex=\"-1\" >\r\n\t\t\tLEER M\u00c1S\t\t<\/a>\r\n\r\n\t\t\t\t<\/div>\r\n\t\t\t\t\t<\/div>\r\n\t\t<\/article>\r\n\t\t\t\t<article class=\"elementor-post elementor-grid-item post-1457 post type-post status-publish format-standard has-post-thumbnail hentry category-contstruccion-obra-nueva tag-contstruccion-obra-nueva\" role=\"listitem\">\r\n\t\t\t<div class=\"elementor-post__card\">\r\n\t\t\t\t<a class=\"elementor-post__thumbnail__link\" href=\"https:\/\/digesco.com\/es\/como-desarrollar-viviendas-locales-y-naves-industriales-con-garantias\/\" tabindex=\"-1\" ><div class=\"elementor-post__thumbnail\"><img loading=\"lazy\" decoding=\"async\" width=\"1200\" height=\"750\" src=\"https:\/\/digesco.com\/wp-content\/uploads\/2026\/03\/construccion-obra-nueva-2.jpg\" class=\"attachment-full size-full wp-image-1460\" alt=\"construcci\u00f3n obra nueva\" srcset=\"https:\/\/digesco.com\/wp-content\/uploads\/2026\/03\/construccion-obra-nueva-2.jpg 1200w, https:\/\/digesco.com\/wp-content\/uploads\/2026\/03\/construccion-obra-nueva-2-300x188.jpg 300w, https:\/\/digesco.com\/wp-content\/uploads\/2026\/03\/construccion-obra-nueva-2-1024x640.jpg 1024w, https:\/\/digesco.com\/wp-content\/uploads\/2026\/03\/construccion-obra-nueva-2-768x480.jpg 768w, https:\/\/digesco.com\/wp-content\/uploads\/2026\/03\/construccion-obra-nueva-2-18x12.jpg 18w\" sizes=\"(max-width: 1200px) 100vw, 1200px\" \/><\/div><\/a>\r\n\t\t\t\t<div class=\"elementor-post__text\">\r\n\t\t\t\t<h3 class=\"elementor-post__title\">\r\n\t\t\t<a href=\"https:\/\/digesco.com\/es\/como-desarrollar-viviendas-locales-y-naves-industriales-con-garantias\/\" >\r\n\t\t\t\t\u00bfC\u00f3mo desarrollar viviendas, locales y naves industriales con garant\u00edas?\t\t\t<\/a>\r\n\t\t<\/h3>\r\n\t\t\t\t<div class=\"elementor-post__excerpt\">\r\n\t\t\t<p>Construcci\u00f3n de obra nueva especializada de principio a fin La construcci\u00f3n de obra nueva representa una oportunidad \u00fanica para materializar un proyecto desde cero, adaptado<\/p>\n\t\t<\/div>\r\n\t\t\r\n\t\t<a class=\"elementor-post__read-more\" href=\"https:\/\/digesco.com\/es\/como-desarrollar-viviendas-locales-y-naves-industriales-con-garantias\/\" aria-label=\"Read more about \u00bfC\u00f3mo desarrollar viviendas, locales y naves industriales con garant\u00edas?\" tabindex=\"-1\" >\r\n\t\t\tLEER M\u00c1S\t\t<\/a>\r\n\r\n\t\t\t\t<\/div>\r\n\t\t\t\t\t<\/div>\r\n\t\t<\/article>\r\n\t\t\t\t<\/div>\r\n\t\t\r\n\t\t\t\t<div class=\"e-load-more-anchor\" data-page=\"1\" data-max-page=\"5\" data-next-page=\"https:\/\/digesco.com\/es\/wp-json\/wp\/v2\/pages\/652\/page\/2\/\"><\/div>\r\n\t\t\t\t<nav class=\"elementor-pagination\" aria-label=\"Pagination\">\r\n\t\t\t<span aria-current=\"page\" class=\"page-numbers current\"><span class=\"elementor-screen-only\">Page<\/span>1<\/span>\n<a class=\"page-numbers\" href=\"https:\/\/digesco.com\/es\/wp-json\/wp\/v2\/pages\/652\/page\/2\/\"><span class=\"elementor-screen-only\">Page<\/span>2<\/a>\n<a class=\"page-numbers\" href=\"https:\/\/digesco.com\/es\/wp-json\/wp\/v2\/pages\/652\/page\/3\/\"><span class=\"elementor-screen-only\">Page<\/span>3<\/a>\n<span class=\"page-numbers dots\">&hellip;<\/span>\n<a class=\"page-numbers\" href=\"https:\/\/digesco.com\/es\/wp-json\/wp\/v2\/pages\/652\/page\/5\/\"><span class=\"elementor-screen-only\">Page<\/span>5<\/a>\t\t<\/nav>\r\n\t\t\t\t\t\t<\/div>\n\t\t\t\t<\/div>\n\t\t\t\t\t<\/div>\n\t\t<\/div>\n\t\t\t\t\t<\/div>\n\t\t<\/section>\n\t\t\t\t<\/div>","protected":false},"excerpt":{"rendered":"<p>Blog<\/p>","protected":false},"author":1,"featured_media":0,"parent":0,"menu_order":0,"comment_status":"closed","ping_status":"closed","template":"page-templates\/template-pagebuilder-full-width.php","meta":{"neve_meta_sidebar":"","neve_meta_container":"","neve_meta_enable_content_width":"off","neve_meta_content_width":100,"neve_meta_title_alignment":"","neve_meta_author_avatar":"","neve_post_elements_order":"","neve_meta_disable_header":"","neve_meta_disable_footer":"","neve_meta_disable_title":"","_joinchat":[],"footnotes":""},"class_list":["post-652","page","type-page","status-publish","hentry"],"yoast_head":"<!-- This site is optimized with the Yoast SEO plugin v26.9 - https:\/\/yoast.com\/product\/yoast-seo-wordpress\/ -->\n<title>Blog - Digesco | Empresa de Reformas<\/title>\n<meta name=\"robots\" content=\"index, follow, max-snippet:-1, max-image-preview:large, max-video-preview:-1\" \/>\n<link rel=\"canonical\" href=\"https:\/\/digesco.com\/es\/blog\/\" \/>\n<meta property=\"og:locale\" content=\"es_ES\" \/>\n<meta property=\"og:type\" content=\"article\" \/>\n<meta property=\"og:title\" content=\"Blog - Digesco | Empresa de Reformas\" \/>\n<meta property=\"og:description\" content=\"Blog\" \/>\n<meta property=\"og:url\" content=\"https:\/\/digesco.com\/es\/blog\/\" \/>\n<meta property=\"og:site_name\" content=\"Digesco | Empresa de Reformas\" \/>\n<meta property=\"article:modified_time\" content=\"2023-10-25T20:44:07+00:00\" \/>\n<meta name=\"twitter:card\" content=\"summary_large_image\" \/>\n<script type=\"application\/ld+json\" class=\"yoast-schema-graph\">{\"@context\":\"https:\/\/schema.org\",\"@graph\":[{\"@type\":\"WebPage\",\"@id\":\"https:\/\/digesco.com\/blog\/\",\"url\":\"https:\/\/digesco.com\/blog\/\",\"name\":\"Blog - Digesco | Empresa de Reformas\",\"isPartOf\":{\"@id\":\"https:\/\/digesco.com\/es\/#website\"},\"datePublished\":\"2023-10-25T20:36:04+00:00\",\"dateModified\":\"2023-10-25T20:44:07+00:00\",\"breadcrumb\":{\"@id\":\"https:\/\/digesco.com\/blog\/#breadcrumb\"},\"inLanguage\":\"es\",\"potentialAction\":[{\"@type\":\"ReadAction\",\"target\":[\"https:\/\/digesco.com\/blog\/\"]}]},{\"@type\":\"BreadcrumbList\",\"@id\":\"https:\/\/digesco.com\/blog\/#breadcrumb\",\"itemListElement\":[{\"@type\":\"ListItem\",\"position\":1,\"name\":\"Portada\",\"item\":\"https:\/\/digesco.com\/es\/\"},{\"@type\":\"ListItem\",\"position\":2,\"name\":\"Blog\"}]},{\"@type\":\"WebSite\",\"@id\":\"https:\/\/digesco.com\/es\/#website\",\"url\":\"https:\/\/digesco.com\/es\/\",\"name\":\"Digesco | Empresa de Reformas\",\"description\":\"Empresa especializada y dedicada al mundo de la construcci\u00f3n, con trabajos tanto en el \u00e1mbito p\u00fablico como privado. En digesco ofrecemos un servicio integral para la construcci\u00f3n\",\"potentialAction\":[{\"@type\":\"SearchAction\",\"target\":{\"@type\":\"EntryPoint\",\"urlTemplate\":\"https:\/\/digesco.com\/es\/?s={search_term_string}\"},\"query-input\":{\"@type\":\"PropertyValueSpecification\",\"valueRequired\":true,\"valueName\":\"search_term_string\"}}],\"inLanguage\":\"es\"}]}<\/script>\n<!-- \/ Yoast SEO plugin. -->","yoast_head_json":{"title":"Blog - Digesco | Empresa de Reformas","robots":{"index":"index","follow":"follow","max-snippet":"max-snippet:-1","max-image-preview":"max-image-preview:large","max-video-preview":"max-video-preview:-1"},"canonical":"https:\/\/digesco.com\/es\/blog\/","og_locale":"es_ES","og_type":"article","og_title":"Blog - Digesco | Empresa de Reformas","og_description":"Blog","og_url":"https:\/\/digesco.com\/es\/blog\/","og_site_name":"Digesco | Empresa de Reformas","article_modified_time":"2023-10-25T20:44:07+00:00","twitter_card":"summary_large_image","schema":{"@context":"https:\/\/schema.org","@graph":[{"@type":"WebPage","@id":"https:\/\/digesco.com\/blog\/","url":"https:\/\/digesco.com\/blog\/","name":"Blog - Digesco | Empresa de Reformas","isPartOf":{"@id":"https:\/\/digesco.com\/es\/#website"},"datePublished":"2023-10-25T20:36:04+00:00","dateModified":"2023-10-25T20:44:07+00:00","breadcrumb":{"@id":"https:\/\/digesco.com\/blog\/#breadcrumb"},"inLanguage":"es","potentialAction":[{"@type":"ReadAction","target":["https:\/\/digesco.com\/blog\/"]}]},{"@type":"BreadcrumbList","@id":"https:\/\/digesco.com\/blog\/#breadcrumb","itemListElement":[{"@type":"ListItem","position":1,"name":"Portada","item":"https:\/\/digesco.com\/es\/"},{"@type":"ListItem","position":2,"name":"Blog"}]},{"@type":"WebSite","@id":"https:\/\/digesco.com\/es\/#website","url":"https:\/\/digesco.com\/es\/","name":"Digesco | Empresa de Reformas","description":"Empresa especializada y dedicada al mundo de la construcci\u00f3n, con trabajos tanto en el \u00e1mbito p\u00fablico como privado. En digesco ofrecemos un servicio integral para la construcci\u00f3n","potentialAction":[{"@type":"SearchAction","target":{"@type":"EntryPoint","urlTemplate":"https:\/\/digesco.com\/es\/?s={search_term_string}"},"query-input":{"@type":"PropertyValueSpecification","valueRequired":true,"valueName":"search_term_string"}}],"inLanguage":"es"}]}},"_links":{"self":[{"href":"https:\/\/digesco.com\/es\/wp-json\/wp\/v2\/pages\/652","targetHints":{"allow":["GET"]}}],"collection":[{"href":"https:\/\/digesco.com\/es\/wp-json\/wp\/v2\/pages"}],"about":[{"href":"https:\/\/digesco.com\/es\/wp-json\/wp\/v2\/types\/page"}],"author":[{"embeddable":true,"href":"https:\/\/digesco.com\/es\/wp-json\/wp\/v2\/users\/1"}],"replies":[{"embeddable":true,"href":"https:\/\/digesco.com\/es\/wp-json\/wp\/v2\/comments?post=652"}],"version-history":[{"count":13,"href":"https:\/\/digesco.com\/es\/wp-json\/wp\/v2\/pages\/652\/revisions"}],"predecessor-version":[{"id":671,"href":"https:\/\/digesco.com\/es\/wp-json\/wp\/v2\/pages\/652\/revisions\/671"}],"wp:attachment":[{"href":"https:\/\/digesco.com\/es\/wp-json\/wp\/v2\/media?parent=652"}],"curies":[{"name":"wp","href":"https:\/\/api.w.org\/{rel}","templated":true}]}}