{"id":489,"date":"2023-10-17T16:34:35","date_gmt":"2023-10-17T16:34:35","guid":{"rendered":"https:\/\/digesco.com\/?page_id=489"},"modified":"2023-12-02T09:51:16","modified_gmt":"2023-12-02T09:51:16","slug":"mapa-del-sitio","status":"publish","type":"page","link":"https:\/\/digesco.com\/es\/mapa-del-sitio\/","title":{"rendered":"Mapa del sitio"},"content":{"rendered":"<div data-elementor-type=\"wp-page\" data-elementor-id=\"489\" class=\"elementor elementor-489\" data-elementor-post-type=\"page\">\n\t\t\t\t\t\t<section class=\"elementor-section elementor-top-section elementor-element elementor-element-1e81ad17 elementor-section-boxed elementor-section-height-default elementor-section-height-default\" data-id=\"1e81ad17\" data-element_type=\"section\" data-e-type=\"section\" data-settings=\"{&quot;background_background&quot;:&quot;classic&quot;}\">\n\t\t\t\t\t\t\t<div class=\"elementor-background-overlay\"><\/div>\n\t\t\t\t\t\t\t<div class=\"elementor-container elementor-column-gap-default\">\n\t\t\t\t\t<div class=\"elementor-column elementor-col-100 elementor-top-column elementor-element elementor-element-16b8710e\" data-id=\"16b8710e\" data-element_type=\"column\" data-e-type=\"column\">\n\t\t\t<div class=\"elementor-widget-wrap elementor-element-populated\">\n\t\t\t\t\t\t<div class=\"elementor-element elementor-element-528030a8 elementor-invisible elementor-widget elementor-widget-heading\" data-id=\"528030a8\" data-element_type=\"widget\" data-e-type=\"widget\" data-settings=\"{&quot;_animation&quot;:&quot;fadeInUp&quot;}\" data-widget_type=\"heading.default\">\n\t\t\t\t<div class=\"elementor-widget-container\">\n\t\t\t\t\t<h1 class=\"elementor-heading-title elementor-size-default\">Mapa del sitio<\/h1>\t\t\t\t<\/div>\n\t\t\t\t<\/div>\n\t\t\t\t\t<\/div>\n\t\t<\/div>\n\t\t\t\t\t<\/div>\n\t\t<\/section>\n\t\t\t\t<section class=\"elementor-section elementor-top-section elementor-element elementor-element-5eb36b22 elementor-section-boxed elementor-section-height-default elementor-section-height-default\" data-id=\"5eb36b22\" data-element_type=\"section\" data-e-type=\"section\">\n\t\t\t\t\t\t<div class=\"elementor-container elementor-column-gap-default\">\n\t\t\t\t\t<div class=\"elementor-column elementor-col-100 elementor-top-column elementor-element elementor-element-20b07713\" data-id=\"20b07713\" data-element_type=\"column\" data-e-type=\"column\">\n\t\t\t<div class=\"elementor-widget-wrap elementor-element-populated\">\n\t\t\t\t\t\t<div class=\"elementor-element elementor-element-dd9a188 elementor-widget elementor-widget-sitemap\" data-id=\"dd9a188\" data-element_type=\"widget\" data-e-type=\"widget\" data-widget_type=\"sitemap.default\">\n\t\t\t\t<div class=\"elementor-widget-container\">\n\t\t\t\t\t<div class=\"elementor-sitemap-wrap\"><div class=\"elementor-sitemap-section\"><h2 class=\"elementor-sitemap-title elementor-sitemap-page-title\">P\u00e1ginas<\/h2><ul class=\"elementor-sitemap-list elementor-sitemap-page-list\"><li class=\"elementor-sitemap-item elementor-sitemap-item-page page_item page-item-1554\"><a href=\"https:\/\/digesco.com\/es\/construccion-de-naves-industriales-en-cerdanyola-del-valles\/\">Construcci\u00f3n de naves industriales en Cerdanyola del Vall\u00e8s<\/a><\/li><li class=\"elementor-sitemap-item elementor-sitemap-item-page page_item page-item-1549\"><a href=\"https:\/\/digesco.com\/es\/construccion-de-naves-industriales-en-sant-cugat-del-valles\/\">Construcci\u00f3n de naves industriales en Sant Cugat del Vall\u00e8s<\/a><\/li><li class=\"elementor-sitemap-item elementor-sitemap-item-page page_item page-item-1538\"><a href=\"https:\/\/digesco.com\/es\/construccion-de-naves-industriales-en-barcelona\/\">Construcci\u00f3n de naves industriales en Barcelona<\/a><\/li><li class=\"elementor-sitemap-item elementor-sitemap-item-page page_item page-item-1533\"><a href=\"https:\/\/digesco.com\/es\/construccion-de-naves-industriales-en-terrassa\/\">Construcci\u00f3n de naves industriales en Terrassa<\/a><\/li><li class=\"elementor-sitemap-item elementor-sitemap-item-page page_item page-item-1508\"><a href=\"https:\/\/digesco.com\/es\/reformas-integrales-mollet-del-valles\/\">Reformas integrales Mollet del Vall\u00e8s<\/a><\/li><li class=\"elementor-sitemap-item elementor-sitemap-item-page page_item page-item-1503\"><a href=\"https:\/\/digesco.com\/es\/reformas-integrales-rubi\/\">Reformas integrales Rub\u00ed<\/a><\/li><li class=\"elementor-sitemap-item elementor-sitemap-item-page page_item page-item-1498\"><a href=\"https:\/\/digesco.com\/es\/reforma-de-cocinas-sant-cugat-del-valles\/\">Reforma de cocinas Sant Cugat del Vall\u00e8s<\/a><\/li><li class=\"elementor-sitemap-item elementor-sitemap-item-page page_item page-item-1493\"><a href=\"https:\/\/digesco.com\/es\/reforma-de-cocinas-ripollet\/\">Reforma de cocinas Ripollet<\/a><\/li><li class=\"elementor-sitemap-item elementor-sitemap-item-page page_item page-item-1488\"><a href=\"https:\/\/digesco.com\/es\/reforma-de-cocinas-rubi\/\">Reforma de cocinas Rub\u00ed<\/a><\/li><li class=\"elementor-sitemap-item elementor-sitemap-item-page page_item page-item-1478\"><a href=\"https:\/\/digesco.com\/es\/construccion-obra-nueva-terrassa\/\">Construcci\u00f3n obra nueva Terrassa<\/a><\/li><li class=\"elementor-sitemap-item elementor-sitemap-item-page page_item page-item-1473\"><a href=\"https:\/\/digesco.com\/es\/construccion-naves-industriales-sabadell\/\">Construcci\u00f3n naves industriales Sabadell<\/a><\/li><li class=\"elementor-sitemap-item elementor-sitemap-item-page page_item page-item-1468\"><a href=\"https:\/\/digesco.com\/es\/reforma-nave-industrial-sant-cugat\/\">Reforma nave industrial Sant Cugat<\/a><\/li><li class=\"elementor-sitemap-item elementor-sitemap-item-page page_item page-item-1463\"><a href=\"https:\/\/digesco.com\/es\/empresa-reformas-integrales-terrassa\/\">Empresa reformas integrales Terrassa<\/a><\/li><li class=\"elementor-sitemap-item elementor-sitemap-item-page page_item page-item-1442\"><a href=\"https:\/\/digesco.com\/es\/reformas-integrales-en-mollet-del-valles\/\">Reformas integrales en Mollet del Vall\u00e8s<\/a><\/li><li class=\"elementor-sitemap-item elementor-sitemap-item-page page_item page-item-1437\"><a href=\"https:\/\/digesco.com\/es\/reformas-integrales-en-rubi\/\">Reformas integrales en Rub\u00ed<\/a><\/li><li class=\"elementor-sitemap-item elementor-sitemap-item-page page_item page-item-1432\"><a href=\"https:\/\/digesco.com\/es\/reforma-de-cocinas-en-sant-cugat-del-valles\/\">Reforma de cocinas en Sant Cugat del Vall\u00e8s<\/a><\/li><li class=\"elementor-sitemap-item elementor-sitemap-item-page page_item page-item-1424\"><a href=\"https:\/\/digesco.com\/es\/reforma-de-cocinas-en-granollers\/\">Reforma de cocinas en Granollers<\/a><\/li><li class=\"elementor-sitemap-item elementor-sitemap-item-page page_item page-item-1418\"><a href=\"https:\/\/digesco.com\/es\/reforma-de-cocinas-en-ripollet\/\">Reforma de cocinas en Ripollet<\/a><\/li><li class=\"elementor-sitemap-item elementor-sitemap-item-page page_item page-item-1413\"><a href=\"https:\/\/digesco.com\/es\/reforma-de-cocinas-en-rubi\/\">Reforma de cocinas en Rub\u00ed<\/a><\/li><li class=\"elementor-sitemap-item elementor-sitemap-item-page page_item page-item-1408\"><a href=\"https:\/\/digesco.com\/es\/reforma-de-banos-en-mollet-del-valles\/\">Reforma de ba\u00f1os en Mollet del Vall\u00e8s<\/a><\/li><li class=\"elementor-sitemap-item elementor-sitemap-item-page page_item page-item-1403\"><a href=\"https:\/\/digesco.com\/es\/reforma-de-banos-en-granollers\/\">Reforma de ba\u00f1os en Granollers<\/a><\/li><li class=\"elementor-sitemap-item elementor-sitemap-item-page page_item page-item-1386\"><a href=\"https:\/\/digesco.com\/es\/construccion-obra-nueva-en-mollet-del-valles\/\">Construcci\u00f3n obra nueva en Mollet del Vall\u00e9s<\/a><\/li><li class=\"elementor-sitemap-item elementor-sitemap-item-page page_item page-item-1381\"><a href=\"https:\/\/digesco.com\/es\/construccion-obra-nueva-en-granollers\/\">Construcci\u00f3n obra nueva en Granollers<\/a><\/li><li class=\"elementor-sitemap-item elementor-sitemap-item-page page_item page-item-1375\"><a href=\"https:\/\/digesco.com\/es\/construccion-obra-nueva-en-ripollet\/\">Construcci\u00f3n obra nueva en Ripollet<\/a><\/li><li class=\"elementor-sitemap-item elementor-sitemap-item-page page_item page-item-1369\"><a href=\"https:\/\/digesco.com\/es\/construccion-obra-nueva-en-sant-cugat\/\">Construcci\u00f3n obra nueva en Sant Cugat<\/a><\/li><li class=\"elementor-sitemap-item elementor-sitemap-item-page page_item page-item-1364\"><a href=\"https:\/\/digesco.com\/es\/construccion-obra-nueva-en-barbera\/\">Construcci\u00f3n obra nueva en Barber\u00e0<\/a><\/li><li class=\"elementor-sitemap-item elementor-sitemap-item-page page_item page-item-1354\"><a href=\"https:\/\/digesco.com\/es\/construccion-obra-nueva-en-castellar\/\">Construcci\u00f3n obra nueva en Castellar<\/a><\/li><li class=\"elementor-sitemap-item elementor-sitemap-item-page page_item page-item-1349\"><a href=\"https:\/\/digesco.com\/es\/construccion-obra-nueva-en-rubi\/\">Construcci\u00f3n obra nueva en Rub\u00ed<\/a><\/li><li class=\"elementor-sitemap-item elementor-sitemap-item-page page_item page-item-1342\"><a href=\"https:\/\/digesco.com\/es\/construccion-obra-nueva-en-cerdanyola\/\">Construcci\u00f3n obra nueva en Cerdanyola<\/a><\/li><li class=\"elementor-sitemap-item elementor-sitemap-item-page page_item page-item-1337\"><a href=\"https:\/\/digesco.com\/es\/construccion-obra-nueva-en-terrassa\/\">Construcci\u00f3n obra nueva en Terrassa<\/a><\/li><li class=\"elementor-sitemap-item elementor-sitemap-item-page page_item page-item-1325\"><a href=\"https:\/\/digesco.com\/es\/construccion-obra-nueva-en-sabadell\/\">Construcci\u00f3n obra nueva en Sabadell<\/a><\/li><li class=\"elementor-sitemap-item elementor-sitemap-item-page page_item page-item-1275\"><a href=\"https:\/\/digesco.com\/es\/empresa-reformas-sabadell\/\">Empresa reformas Sabadell<\/a><\/li><li class=\"elementor-sitemap-item elementor-sitemap-item-page page_item page-item-1256\"><a href=\"https:\/\/digesco.com\/es\/reforma-de-banos-en-barbera-del-valles\/\">Reforma de Ba\u00f1os en Barber\u00e0 del Vall\u00e8s<\/a><\/li><li class=\"elementor-sitemap-item elementor-sitemap-item-page page_item page-item-1232\"><a href=\"https:\/\/digesco.com\/es\/reforma-banos-badalona\/\">Reforma ba\u00f1os Badalona<\/a><\/li><li class=\"elementor-sitemap-item elementor-sitemap-item-page page_item page-item-1225\"><a href=\"https:\/\/digesco.com\/es\/reforma-integral-sabadell\/\">Reforma integral Sabadell<\/a><\/li><li class=\"elementor-sitemap-item elementor-sitemap-item-page page_item page-item-1179\"><a href=\"https:\/\/digesco.com\/es\/reforma-bano-sant-cugat\/\">Reforma ba\u00f1o Sant Cugat<\/a><\/li><li class=\"elementor-sitemap-item elementor-sitemap-item-page page_item page-item-1090\"><a href=\"https:\/\/digesco.com\/es\/reformas-integrales-sant-cugat\/\">Reformas integrales Sant Cugat<\/a><\/li><li class=\"elementor-sitemap-item elementor-sitemap-item-page page_item page-item-1167\"><a href=\"https:\/\/digesco.com\/es\/reformas-de-naves-industriales-en-sabadell\/\">Reformas de naves industriales en Sabadell<\/a><\/li><li class=\"elementor-sitemap-item elementor-sitemap-item-page page_item page-item-1162\"><a href=\"https:\/\/digesco.com\/es\/reformas-naves-barcelona\/\">Reformas naves Barcelona<\/a><\/li><li class=\"elementor-sitemap-item elementor-sitemap-item-page page_item page-item-1105\"><a href=\"https:\/\/digesco.com\/es\/empresa-de-reformas-de-cocinas\/\">Empresa de reformas de cocinas<\/a><\/li><li class=\"elementor-sitemap-item elementor-sitemap-item-page page_item page-item-1092\"><a href=\"https:\/\/digesco.com\/es\/empresa-de-reformas-de-cocinas-en-sabadell\/\">Empresa de reformas de cocinas en Sabadell<\/a><\/li><li class=\"elementor-sitemap-item elementor-sitemap-item-page page_item page-item-792\"><a href=\"https:\/\/digesco.com\/es\/reformas-integrales-terrassa\/\">Reformas integrales Terrassa<\/a><\/li><li class=\"elementor-sitemap-item elementor-sitemap-item-page page_item page-item-793\"><a href=\"https:\/\/digesco.com\/es\/reformas-integrales-sabadell\/\">Reformas integrales Sabadell<\/a><\/li><li class=\"elementor-sitemap-item elementor-sitemap-item-page page_item page-item-790\"><a href=\"https:\/\/digesco.com\/es\/reformas-integrales-barcelona\/\">Reformas integrales Barcelona<\/a><\/li><li class=\"elementor-sitemap-item elementor-sitemap-item-page page_item page-item-791\"><a href=\"https:\/\/digesco.com\/es\/reforma-cocinas-terrassa\/\">Reforma cocinas Terrassa<\/a><\/li><li class=\"elementor-sitemap-item elementor-sitemap-item-page page_item page-item-768\"><a href=\"https:\/\/digesco.com\/es\/reforma-cocina-cerdanyola\/\">Reforma cocina Cerdanyola<\/a><\/li><li class=\"elementor-sitemap-item elementor-sitemap-item-page page_item page-item-765\"><a href=\"https:\/\/digesco.com\/es\/reforma-banos-terrassa\/\">Reforma ba\u00f1os Terrassa<\/a><\/li><li class=\"elementor-sitemap-item elementor-sitemap-item-page page_item page-item-766\"><a href=\"https:\/\/digesco.com\/es\/reforma-cocina-sabadell\/\">Reforma cocina Sabadell<\/a><\/li><li class=\"elementor-sitemap-item elementor-sitemap-item-page page_item page-item-767\"><a href=\"https:\/\/digesco.com\/es\/reforma-banos-sabadell\/\">Reforma ba\u00f1os Sabadell<\/a><\/li><li class=\"elementor-sitemap-item elementor-sitemap-item-page page_item page-item-764\"><a href=\"https:\/\/digesco.com\/es\/reforma-banos-cerdanyola\/\">Reforma ba\u00f1os Cerdanyola<\/a><\/li><li class=\"elementor-sitemap-item elementor-sitemap-item-page page_item page-item-726\"><a href=\"https:\/\/digesco.com\/es\/mantenimiento-naves-industriales-terrassa\/\">Mantenimiento naves industriales Terrassa<\/a><\/li><li class=\"elementor-sitemap-item elementor-sitemap-item-page page_item page-item-727\"><a href=\"https:\/\/digesco.com\/es\/mantenimiento-de-naves-industriales-sabadell\/\">Mantenimiento de naves industriales Sabadell<\/a><\/li><li class=\"elementor-sitemap-item elementor-sitemap-item-page page_item page-item-722\"><a href=\"https:\/\/digesco.com\/es\/mantenimiento-de-naves-industriales-en-cerdanyola\/\">Mantenimiento de naves industriales en Cerdanyola<\/a><\/li><li class=\"elementor-sitemap-item elementor-sitemap-item-page page_item page-item-723\"><a href=\"https:\/\/digesco.com\/es\/instalaciones-gas-sabadell\/\">Instalaciones gas Sabadell<\/a><\/li><li class=\"elementor-sitemap-item elementor-sitemap-item-page page_item page-item-724\"><a href=\"https:\/\/digesco.com\/es\/instalaciones-electricas-sabadell\/\">Instalaciones el\u00e9ctricas Sabadell<\/a><\/li><li class=\"elementor-sitemap-item elementor-sitemap-item-page page_item page-item-725\"><a href=\"https:\/\/digesco.com\/es\/instalaciones-agua-sabadell\/\">Instalaciones agua Sabadell<\/a><\/li><li class=\"elementor-sitemap-item elementor-sitemap-item-page page_item page-item-720\"><a href=\"https:\/\/digesco.com\/es\/instalacion-racholas-sabadell\/\">Instalaci\u00f3n racholas Sabadell<\/a><\/li><li class=\"elementor-sitemap-item elementor-sitemap-item-page page_item page-item-719\"><a href=\"https:\/\/digesco.com\/es\/instalacion-parquet-sabadell\/\">Instalaci\u00f3n parquet Sabadell<\/a><\/li><li class=\"elementor-sitemap-item elementor-sitemap-item-page page_item page-item-709\"><a href=\"https:\/\/digesco.com\/es\/empresa-obra-nueva-sabadell\/\">Empresa obra nueva Sabadell<\/a><\/li><li class=\"elementor-sitemap-item elementor-sitemap-item-page page_item page-item-710\"><a href=\"https:\/\/digesco.com\/es\/empresa-obra-nueva-barcelona\/\">Empresa obra nueva Barcelona<\/a><\/li><li class=\"elementor-sitemap-item elementor-sitemap-item-page page_item page-item-652\"><a href=\"https:\/\/digesco.com\/es\/blog\/\">Blog<\/a><\/li><li class=\"elementor-sitemap-item elementor-sitemap-item-page page_item page-item-489\"><a href=\"https:\/\/digesco.com\/es\/mapa-del-sitio\/\">Mapa del sitio<\/a><\/li><li class=\"elementor-sitemap-item elementor-sitemap-item-page page_item page-item-484\"><a href=\"https:\/\/digesco.com\/es\/declaracion-de-accesibilidad\/\">Declaraci\u00f3n de accesibilidad<\/a><\/li><li class=\"elementor-sitemap-item elementor-sitemap-item-page page_item page-item-479\"><a href=\"https:\/\/digesco.com\/es\/politica-de-proteccion-de-datos\/\">Pol\u00edtica de protecci\u00f3n de datos<\/a><\/li><li class=\"elementor-sitemap-item elementor-sitemap-item-page page_item page-item-474\"><a href=\"https:\/\/digesco.com\/es\/politica-de-cookies\/\">Pol\u00edtica de cookies<\/a><\/li><li class=\"elementor-sitemap-item elementor-sitemap-item-page page_item page-item-468\"><a href=\"https:\/\/digesco.com\/es\/aviso-legal\/\">Aviso Legal<\/a><\/li><li class=\"elementor-sitemap-item elementor-sitemap-item-page page_item page-item-330\"><a href=\"https:\/\/digesco.com\/es\/suelos-de-parquet-y-losas\/\">Suelos de parquet y losas<\/a><\/li><li class=\"elementor-sitemap-item elementor-sitemap-item-page page_item page-item-325\"><a href=\"https:\/\/digesco.com\/es\/reformas-y-divisiones-de-pladur\/\">Reformas y divisiones de pladur<\/a><\/li><li class=\"elementor-sitemap-item elementor-sitemap-item-page page_item page-item-317\"><a href=\"https:\/\/digesco.com\/es\/instalaciones-electricas-de-gas-y-agua\/\">Instalaciones el\u00e9ctricas de gas y agua<\/a><\/li><li class=\"elementor-sitemap-item elementor-sitemap-item-page page_item page-item-312\"><a href=\"https:\/\/digesco.com\/es\/reforma-de-banos-y-cocinas\/\">Reforma de ba\u00f1os y cocinas<\/a><\/li><li class=\"elementor-sitemap-item elementor-sitemap-item-page page_item page-item-301\"><a href=\"https:\/\/digesco.com\/es\/reformas-integrales\/\">Reformas integrales<\/a><\/li><li class=\"elementor-sitemap-item elementor-sitemap-item-page page_item page-item-292\"><a href=\"https:\/\/digesco.com\/es\/construccion-de-estructuras\/\">Construcci\u00f3n de estructuras<\/a><\/li><li class=\"elementor-sitemap-item elementor-sitemap-item-page page_item page-item-286\"><a href=\"https:\/\/digesco.com\/es\/direccion-de-obras\/\">Direcci\u00f3n de obras<\/a><\/li><li class=\"elementor-sitemap-item elementor-sitemap-item-page page_item page-item-281\"><a href=\"https:\/\/digesco.com\/es\/naves-industriales\/\">Naves industriales<\/a><\/li><li class=\"elementor-sitemap-item elementor-sitemap-item-page page_item page-item-267\"><a href=\"https:\/\/digesco.com\/es\/obra-nueva\/\">Obra nueva<\/a><\/li><li class=\"elementor-sitemap-item elementor-sitemap-item-page page_item page-item-239\"><a href=\"https:\/\/digesco.com\/es\/servicios\/\">Servicios<\/a><\/li><li class=\"elementor-sitemap-item elementor-sitemap-item-page page_item page-item-210\"><a href=\"https:\/\/digesco.com\/es\/nosotros\/\">Nosotros<\/a><\/li><li class=\"elementor-sitemap-item elementor-sitemap-item-page page_item page-item-174\"><a href=\"https:\/\/digesco.com\/es\/proyectos\/\">Proyectos<\/a><\/li><li class=\"elementor-sitemap-item elementor-sitemap-item-page page_item page-item-160\"><a href=\"https:\/\/digesco.com\/es\/contacto\/\">Contacto<\/a><\/li><li class=\"elementor-sitemap-item elementor-sitemap-item-page page_item page-item-32\"><a href=\"https:\/\/digesco.com\/es\/\">Inicio<\/a><\/li><\/ul><\/div><\/div>\t\t\t\t<\/div>\n\t\t\t\t<\/div>\n\t\t\t\t\t<\/div>\n\t\t<\/div>\n\t\t\t\t\t<\/div>\n\t\t<\/section>\n\t\t\t\t<\/div>","protected":false},"excerpt":{"rendered":"","protected":false},"author":2,"featured_media":0,"parent":0,"menu_order":0,"comment_status":"closed","ping_status":"closed","template":"page-templates\/template-pagebuilder-full-width.php","meta":{"neve_meta_sidebar":"","neve_meta_container":"","neve_meta_enable_content_width":"off","neve_meta_content_width":100,"neve_meta_title_alignment":"","neve_meta_author_avatar":"","neve_post_elements_order":"","neve_meta_disable_header":"","neve_meta_disable_footer":"","neve_meta_disable_title":"","_joinchat":[],"footnotes":""},"class_list":["post-489","page","type-page","status-publish","hentry"],"yoast_head":"<!-- This site is optimized with the Yoast SEO plugin v26.9 - https:\/\/yoast.com\/product\/yoast-seo-wordpress\/ -->\n<title>Mapa del sitio - Digesco | Empresa de Reformas<\/title>\n<meta name=\"robots\" content=\"index, follow, max-snippet:-1, max-image-preview:large, max-video-preview:-1\" \/>\n<link rel=\"canonical\" href=\"https:\/\/digesco.com\/es\/mapa-del-sitio\/\" \/>\n<meta property=\"og:locale\" content=\"es_ES\" \/>\n<meta property=\"og:type\" content=\"article\" \/>\n<meta property=\"og:title\" content=\"Mapa del sitio - Digesco | Empresa de Reformas\" \/>\n<meta property=\"og:url\" content=\"https:\/\/digesco.com\/es\/mapa-del-sitio\/\" \/>\n<meta property=\"og:site_name\" content=\"Digesco | Empresa de Reformas\" \/>\n<meta property=\"article:modified_time\" content=\"2023-12-02T09:51:16+00:00\" \/>\n<meta name=\"twitter:card\" content=\"summary_large_image\" \/>\n<script type=\"application\/ld+json\" class=\"yoast-schema-graph\">{\"@context\":\"https:\/\/schema.org\",\"@graph\":[{\"@type\":\"WebPage\",\"@id\":\"https:\/\/digesco.com\/mapa-del-sitio\/\",\"url\":\"https:\/\/digesco.com\/mapa-del-sitio\/\",\"name\":\"Mapa del sitio - Digesco | Empresa de Reformas\",\"isPartOf\":{\"@id\":\"https:\/\/digesco.com\/es\/#website\"},\"datePublished\":\"2023-10-17T16:34:35+00:00\",\"dateModified\":\"2023-12-02T09:51:16+00:00\",\"breadcrumb\":{\"@id\":\"https:\/\/digesco.com\/mapa-del-sitio\/#breadcrumb\"},\"inLanguage\":\"es\",\"potentialAction\":[{\"@type\":\"ReadAction\",\"target\":[\"https:\/\/digesco.com\/mapa-del-sitio\/\"]}]},{\"@type\":\"BreadcrumbList\",\"@id\":\"https:\/\/digesco.com\/mapa-del-sitio\/#breadcrumb\",\"itemListElement\":[{\"@type\":\"ListItem\",\"position\":1,\"name\":\"Portada\",\"item\":\"https:\/\/digesco.com\/es\/\"},{\"@type\":\"ListItem\",\"position\":2,\"name\":\"Mapa del sitio\"}]},{\"@type\":\"WebSite\",\"@id\":\"https:\/\/digesco.com\/es\/#website\",\"url\":\"https:\/\/digesco.com\/es\/\",\"name\":\"Digesco | Empresa de Reformas\",\"description\":\"Empresa especializada y dedicada al mundo de la construcci\u00f3n, con trabajos tanto en el \u00e1mbito p\u00fablico como privado. En digesco ofrecemos un servicio integral para la construcci\u00f3n\",\"potentialAction\":[{\"@type\":\"SearchAction\",\"target\":{\"@type\":\"EntryPoint\",\"urlTemplate\":\"https:\/\/digesco.com\/es\/?s={search_term_string}\"},\"query-input\":{\"@type\":\"PropertyValueSpecification\",\"valueRequired\":true,\"valueName\":\"search_term_string\"}}],\"inLanguage\":\"es\"}]}<\/script>\n<!-- \/ Yoast SEO plugin. -->","yoast_head_json":{"title":"Mapa del sitio - Digesco | Empresa de Reformas","robots":{"index":"index","follow":"follow","max-snippet":"max-snippet:-1","max-image-preview":"max-image-preview:large","max-video-preview":"max-video-preview:-1"},"canonical":"https:\/\/digesco.com\/es\/mapa-del-sitio\/","og_locale":"es_ES","og_type":"article","og_title":"Mapa del sitio - Digesco | Empresa de Reformas","og_url":"https:\/\/digesco.com\/es\/mapa-del-sitio\/","og_site_name":"Digesco | Empresa de Reformas","article_modified_time":"2023-12-02T09:51:16+00:00","twitter_card":"summary_large_image","schema":{"@context":"https:\/\/schema.org","@graph":[{"@type":"WebPage","@id":"https:\/\/digesco.com\/mapa-del-sitio\/","url":"https:\/\/digesco.com\/mapa-del-sitio\/","name":"Mapa del sitio - Digesco | Empresa de Reformas","isPartOf":{"@id":"https:\/\/digesco.com\/es\/#website"},"datePublished":"2023-10-17T16:34:35+00:00","dateModified":"2023-12-02T09:51:16+00:00","breadcrumb":{"@id":"https:\/\/digesco.com\/mapa-del-sitio\/#breadcrumb"},"inLanguage":"es","potentialAction":[{"@type":"ReadAction","target":["https:\/\/digesco.com\/mapa-del-sitio\/"]}]},{"@type":"BreadcrumbList","@id":"https:\/\/digesco.com\/mapa-del-sitio\/#breadcrumb","itemListElement":[{"@type":"ListItem","position":1,"name":"Portada","item":"https:\/\/digesco.com\/es\/"},{"@type":"ListItem","position":2,"name":"Mapa del sitio"}]},{"@type":"WebSite","@id":"https:\/\/digesco.com\/es\/#website","url":"https:\/\/digesco.com\/es\/","name":"Digesco | Empresa de Reformas","description":"Empresa especializada y dedicada al mundo de la construcci\u00f3n, con trabajos tanto en el \u00e1mbito p\u00fablico como privado. En digesco ofrecemos un servicio integral para la construcci\u00f3n","potentialAction":[{"@type":"SearchAction","target":{"@type":"EntryPoint","urlTemplate":"https:\/\/digesco.com\/es\/?s={search_term_string}"},"query-input":{"@type":"PropertyValueSpecification","valueRequired":true,"valueName":"search_term_string"}}],"inLanguage":"es"}]}},"_links":{"self":[{"href":"https:\/\/digesco.com\/es\/wp-json\/wp\/v2\/pages\/489","targetHints":{"allow":["GET"]}}],"collection":[{"href":"https:\/\/digesco.com\/es\/wp-json\/wp\/v2\/pages"}],"about":[{"href":"https:\/\/digesco.com\/es\/wp-json\/wp\/v2\/types\/page"}],"author":[{"embeddable":true,"href":"https:\/\/digesco.com\/es\/wp-json\/wp\/v2\/users\/2"}],"replies":[{"embeddable":true,"href":"https:\/\/digesco.com\/es\/wp-json\/wp\/v2\/comments?post=489"}],"version-history":[{"count":9,"href":"https:\/\/digesco.com\/es\/wp-json\/wp\/v2\/pages\/489\/revisions"}],"predecessor-version":[{"id":882,"href":"https:\/\/digesco.com\/es\/wp-json\/wp\/v2\/pages\/489\/revisions\/882"}],"wp:attachment":[{"href":"https:\/\/digesco.com\/es\/wp-json\/wp\/v2\/media?parent=489"}],"curies":[{"name":"wp","href":"https:\/\/api.w.org\/{rel}","templated":true}]}}