{"id":474,"date":"2023-10-17T16:27:17","date_gmt":"2023-10-17T16:27:17","guid":{"rendered":"https:\/\/digesco.com\/?page_id=474"},"modified":"2023-10-25T20:25:34","modified_gmt":"2023-10-25T20:25:34","slug":"politica-de-cookies","status":"publish","type":"page","link":"https:\/\/digesco.com\/es\/politica-de-cookies\/","title":{"rendered":"Pol\u00edtica de cookies"},"content":{"rendered":"<div data-elementor-type=\"wp-page\" data-elementor-id=\"474\" class=\"elementor elementor-474\" data-elementor-post-type=\"page\">\n\t\t\t\t\t\t<section class=\"elementor-section elementor-top-section elementor-element elementor-element-1e81ad17 elementor-section-boxed elementor-section-height-default elementor-section-height-default\" data-id=\"1e81ad17\" data-element_type=\"section\" data-e-type=\"section\" data-settings=\"{&quot;background_background&quot;:&quot;classic&quot;}\">\n\t\t\t\t\t\t\t<div class=\"elementor-background-overlay\"><\/div>\n\t\t\t\t\t\t\t<div class=\"elementor-container elementor-column-gap-default\">\n\t\t\t\t\t<div class=\"elementor-column elementor-col-100 elementor-top-column elementor-element elementor-element-16b8710e\" data-id=\"16b8710e\" data-element_type=\"column\" data-e-type=\"column\">\n\t\t\t<div class=\"elementor-widget-wrap elementor-element-populated\">\n\t\t\t\t\t\t<div class=\"elementor-element elementor-element-528030a8 elementor-invisible elementor-widget elementor-widget-heading\" data-id=\"528030a8\" data-element_type=\"widget\" data-e-type=\"widget\" data-settings=\"{&quot;_animation&quot;:&quot;fadeInUp&quot;}\" data-widget_type=\"heading.default\">\n\t\t\t\t<div class=\"elementor-widget-container\">\n\t\t\t\t\t<h1 class=\"elementor-heading-title elementor-size-default\">Pol\u00edtica de cookies<\/h1>\t\t\t\t<\/div>\n\t\t\t\t<\/div>\n\t\t\t\t\t<\/div>\n\t\t<\/div>\n\t\t\t\t\t<\/div>\n\t\t<\/section>\n\t\t\t\t<section class=\"elementor-section elementor-top-section elementor-element elementor-element-5eb36b22 elementor-section-boxed elementor-section-height-default elementor-section-height-default\" data-id=\"5eb36b22\" data-element_type=\"section\" data-e-type=\"section\">\n\t\t\t\t\t\t<div class=\"elementor-container elementor-column-gap-default\">\n\t\t\t\t\t<div class=\"elementor-column elementor-col-100 elementor-top-column elementor-element elementor-element-20b07713\" data-id=\"20b07713\" data-element_type=\"column\" data-e-type=\"column\">\n\t\t\t<div class=\"elementor-widget-wrap elementor-element-populated\">\n\t\t\t\t\t\t<div class=\"elementor-element elementor-element-2acd935 elementor-widget elementor-widget-text-editor\" data-id=\"2acd935\" data-element_type=\"widget\" data-e-type=\"widget\" data-widget_type=\"text-editor.default\">\n\t\t\t\t<div class=\"elementor-widget-container\">\n\t\t\t\t\t\t\t\t\t<p>Nuestro sitio web digesco.com utiliza una tecnolog\u00eda llamada &#039;cookie&#039;, con el fin de poder obtener informaci\u00f3n sobre el uso del sitio web, mejorar la experiencia del usuario y garantizar su correcto funcionamiento.<\/p><p>Definici\u00f3n de Cookie<\/p><p>Una &#039;cookie&#039; es un peque\u00f1o fragmento de texto que los sitios web env\u00edan al navegador y que se almacenan en el terminal del usuario (ordenador o dispositivo m\u00f3vil). Estos archivos tienen la finalidad de almacenar datos que podr\u00e1n ser actualizados y recuperados por la entidad responsable de su instalaci\u00f3n. As\u00ed, cada vez que el usuario vuelve a visitar el mismo sitio web, el explorador recupera el archivo y lo env\u00eda al servidor del sitio web. Las cookies tienen diversas funciones, entre las que se incluye recoger informaci\u00f3n sobre las preferencias del usuario y recordarla, y en general, facilitar el uso del sitio web al usuario haciendo que el sitio sea m\u00e1s \u00fatil al personalizar su contenido.<\/p><p>Las cookies se pueden clasificar en base a distintos par\u00e1metros:<\/p><p>Titularidad: cookies propias y cookies de terceros: dependiendo de cu\u00e1l sea la entidad que gestione el dominio desde donde se env\u00edan las cookies y se traten los datos que se obtengan.<\/p><p>Duraci\u00f3n: cookies de sesi\u00f3n y cookies persistentes: de acuerdo al plazo de tiempo que permanecen almacenadas en el terminal del usuario.<\/p><p>Finalidad: cookies t\u00e9cnicas, cookies de personalizaci\u00f3n, cookies de an\u00e1lisis, cookies publicitarias, cookies de publicidad comportamental, de acuerdo con la finalidad para la que se traten los datos obtenidos.<\/p><p>Cookies t\u00e9cnicas: son aqu\u00e9llas que permiten al usuario la navegaci\u00f3n a trav\u00e9s de la p\u00e1gina web o aplicaci\u00f3n y el uso de las diferentes opciones o servicios que en \u00e9sta existen. Por ejemplo, controlar el tr\u00e1fico y la comunicaci\u00f3n de datos, identificar la sesi\u00f3n o acceder a las partes web de acceso restringido.<\/p><p>Cookies de personalizaci\u00f3n: son aquellas que permiten al usuario acceder al servicio con algunas caracter\u00edsticas de car\u00e1cter general predefinidas en su terminal o que el propio usuario define. Por ejemplo, el idioma, el tipo de navegador a trav\u00e9s del cual accede al servicio o dise\u00f1o de contenidos seleccionado.<\/p><p>Cookies de an\u00e1lisis: son aquellas que, ya sean tratadas por nosotros o por terceros, nos permiten cuantificar el n\u00famero de usuarios y, de esta forma, realizar el an\u00e1lisis estad\u00edstico del uso que hacen los usuarios del servicio ofrecido. Por eso se analiza su navegaci\u00f3n en nuestro sitio web para mejorar la oferta de productos o servicios que ofrecemos.<\/p><p>Cookies publicitarias: son aquellas que permiten la gesti\u00f3n, de la forma m\u00e1s eficaz posible, de los espacios publicitarios que, en su caso, el editor haya incluido en una p\u00e1gina web, aplicaci\u00f3n o plataforma desde donde presta el servicio solicitado en base a criterios como el contenido editado o la frecuencia en la que se muestran los anuncios.<\/p><p>Cookies de publicidad comportamental: son aquellas que permiten la gesti\u00f3n, de la forma m\u00e1s eficaz posible, de los espacios publicitarios que, en su caso, el editor haya incluido en una p\u00e1gina web, aplicaci\u00f3n o plataforma desde donde presta el servicio solo \u00b7licidad. Estas cookies almacenan informaci\u00f3n sobre el comportamiento de los usuarios obtenida a trav\u00e9s de la continua observaci\u00f3n de sus h\u00e1bitos de navegaci\u00f3n, lo que permite desarrollar un perfil espec\u00edfico para mostrar publicidad en funci\u00f3n del mismo.<\/p><p>Cookies utilizadas en nuestro sitio web<\/p><p>Nuestro sitio web utiliza tanto cookies propias, que son las enviadas a su dispositivo y gestionadas exclusivamente por nosotros para el mejor funcionamiento del sitio web, como cookies de terceros, con la funci\u00f3n de servirnos como herramienta de an\u00e1lisis de la interacci\u00f3n de los usuarios con nuestra web, gracias a ellas obtenemos informaci\u00f3n que puede ayudar a mejorar la navegaci\u00f3n y ofrecer un mejor servicio a los usuarios.<\/p><p>Utilizamos cookies temporales de sesi\u00f3n y cookies persistentes. Las cookies de sesi\u00f3n almacenan datos \u00fanicamente mientras el usuario accede a la web y las cookies persistentes almacenan los datos en el terminal para que sean accedidas y utilizadas en m\u00e1s de una sesi\u00f3n.<\/p><p>Concretamente las cookies utilizadas en nuestro sitio web son:<\/p><p>Cookies propias:<\/p><p>Las cookies propias que utilizamos en nuestro sitio web son de car\u00e1cter t\u00e9cnico, fundamentales para el funcionamiento de la web.<\/p><p>Cookies de terceros:<\/p><p>Cookie Titular Finalidad Duraci\u00f3n __utmz, __ utmc, __utma, __utmb,__utmt, __ga, __gat Google Inc. (Google Analytics) Anal\u00edticas: analizan el tr\u00e1fico de esta web. Sesi\u00f3n y persistentes<\/p><p>Para obtener m\u00e1s informaci\u00f3n sobre las cookies y\/o para su desactivaci\u00f3n, puede hacer clic sobre los enlaces existentes en el nombre de los distintos titulares.<\/p><p>Por \u00faltimo, tambi\u00e9n se utilizan cookies de complemento (plug-in) para intercambiar contenidos sociales.<\/p><p>Consentimiento<\/p><p>Al navegar y continuar en nuestro sitio web, el usuario estar\u00e1 consintiendo el uso de las cookies antes citadas, por los plazos se\u00f1alados y en las condiciones contenidas en la presente Pol\u00edtica sobre Cookies.<\/p><p>Adem\u00e1s, le informamos que si usted consulta contenidos en nuestra web alojados en webs de terceros, \u00e9stos tienen su propia pol\u00edtica de cookies.<\/p><p>Retirada del consentimiento<\/p><p>El usuario puede restringir, bloquear o borrar las cookies de cualquier sitio web, utilizando su navegador. En cada navegador, la operativa es diferente, por lo que puede consultar los siguientes enlaces sobre c\u00f3mo hacerlo:<\/p><p>Internet Explorer:\u00a0<a href=\"https:\/\/support.microsoft.com\/es-es\/help\/17442\/windows-internet-explorer-delete-manage-cookies#ie=ie-11\" target=\"_new\">https:\/\/support.microsoft.com\/es-es\/help\/17442\/windows-internet-explorer-delete-manage-cookies#ie=ie-11<\/a> Edge:\u00a0<a href=\"https:\/\/support.microsoft.com\/es-es\/help\/4468242\/microsoft-edge-browsing-data-and-privacy-microsoft-privacy\" target=\"_new\">https:\/\/support.microsoft.com\/es-es\/help\/4468242\/microsoft-edge-browsing-data-and-privacy-microsoft-privacy<\/a> FireFox:\u00a0<a href=\"https:\/\/support.mozilla.org\/es\/kb\/clear-cookies-and-site-data-firefox\" target=\"_new\">https:\/\/support.mozilla.org\/es\/kb\/clear-cookies-and-site-data-firefox<\/a> Chrome:\u00a0<a href=\"https:\/\/support.google.com\/chrome\/answer\/95647?hl=es\" target=\"_new\">https:\/\/support.google.com\/chrome\/answer\/95647?hl=es<\/a> Safari (mac):\u00a0<a href=\"https:\/\/support.apple.com\/es-es\/guide\/safari\/manage-cookies-and-website-data-sfri11471\/mac\" target=\"_new\">https:\/\/support.apple.com\/es-es\/guide\/safari\/manage-cookies-and-website-data-sfri11471\/mac<\/a> Safari (iPhone\/iPad):\u00a0<a href=\"https:\/\/support.apple.com\/es-es\/HT201265\" target=\"_new\">https:\/\/support.apple.com\/es-es\/HT201265<\/a> Opera:\u00a0<a href=\"https:\/\/help.opera.com\/en\/latest\/web-preferences\/#cookies\" target=\"_new\">https:\/\/help.opera.com\/en\/latest\/web-preferences\/#cookies<\/a><\/p><p>Para obtener m\u00e1s informaci\u00f3n sobre la eliminaci\u00f3n, deshabilitaci\u00f3n o bloqueo de las cookies tambi\u00e9n puede visitar: <a href=\"http:\/\/www.aboutcookies.org\/Default.aspx?page=2\" target=\"_new\">http:\/\/www.aboutcookies.org\/Default.aspx?page=2<\/a><\/p><p>Actualizaci\u00f3n de la pol\u00edtica de cookies<\/p><p>Este sitio web puede modificar esta Pol\u00edtica sobre Cookies, por eso le recomendamos revisar esta pol\u00edtica cada vez que acceda a nuestro sitio web para estar adecuadamente informado sobre el uso que hacemos de las cookies.<\/p>\t\t\t\t\t\t\t\t<\/div>\n\t\t\t\t<\/div>\n\t\t\t\t\t<\/div>\n\t\t<\/div>\n\t\t\t\t\t<\/div>\n\t\t<\/section>\n\t\t\t\t<\/div>","protected":false},"excerpt":{"rendered":"<p>Nuestro sitio web digesco.com utiliza una tecnolog\u00eda llamada &#039;cookie&#039;, con el fin de poder obtener informaci\u00f3n sobre el uso del sitio web, mejorar la experiencia del usuario y garantizar su correcto funcionamiento. Definici\u00f3n de Cookie Una &#039;cookie&#039; es un peque\u00f1o fragmento de texto que los sitios web env\u00edan al navegador y que se almacenan en el terminal\u2026&nbsp;<a href=\"https:\/\/digesco.com\/es\/politica-de-cookies\/\" rel=\"bookmark\"><span class=\"screen-reader-text\">Pol\u00edtica de cookies<\/span><\/a><\/p>","protected":false},"author":2,"featured_media":0,"parent":0,"menu_order":0,"comment_status":"closed","ping_status":"closed","template":"page-templates\/template-pagebuilder-full-width.php","meta":{"neve_meta_sidebar":"","neve_meta_container":"","neve_meta_enable_content_width":"off","neve_meta_content_width":100,"neve_meta_title_alignment":"","neve_meta_author_avatar":"","neve_post_elements_order":"","neve_meta_disable_header":"","neve_meta_disable_footer":"","neve_meta_disable_title":"","_joinchat":[],"footnotes":""},"class_list":["post-474","page","type-page","status-publish","hentry"],"yoast_head":"<!-- This site is optimized with the Yoast SEO plugin v26.9 - https:\/\/yoast.com\/product\/yoast-seo-wordpress\/ -->\n<title>Pol\u00edtica de cookies - Digesco | Empresa de Reformas<\/title>\n<meta name=\"robots\" content=\"index, follow, max-snippet:-1, max-image-preview:large, max-video-preview:-1\" \/>\n<link rel=\"canonical\" href=\"https:\/\/digesco.com\/es\/politica-de-cookies\/\" \/>\n<meta property=\"og:locale\" content=\"es_ES\" \/>\n<meta property=\"og:type\" content=\"article\" \/>\n<meta property=\"og:title\" content=\"Pol\u00edtica de cookies - Digesco | Empresa de Reformas\" \/>\n<meta property=\"og:description\" content=\"El nostre lloc web digesco.com utilitza una tecnologia anomenada &#8216;cookie&#8217;, amb la finalitat de poder obtenir informaci\u00f3 sobre l&#8217;\u00fas del lloc web, millorar l&#8217;experi\u00e8ncia de l&#8217;usuari i garantir-ne el correcte funcionament. Definici\u00f3 de Cookie Una &#8216;cookie&#8217; \u00e9s un petit fragment de text que els llocs web envien al navegador i que s&#8217;emmagatzemen en el terminal&hellip;&nbsp;Pol\u00edtica de cookies\" \/>\n<meta property=\"og:url\" content=\"https:\/\/digesco.com\/es\/politica-de-cookies\/\" \/>\n<meta property=\"og:site_name\" content=\"Digesco | Empresa de Reformas\" \/>\n<meta property=\"article:modified_time\" content=\"2023-10-25T20:25:34+00:00\" \/>\n<meta name=\"twitter:card\" content=\"summary_large_image\" \/>\n<meta name=\"twitter:label1\" content=\"Tiempo de lectura\" \/>\n\t<meta name=\"twitter:data1\" content=\"5 minutos\" \/>\n<script type=\"application\/ld+json\" class=\"yoast-schema-graph\">{\"@context\":\"https:\/\/schema.org\",\"@graph\":[{\"@type\":\"WebPage\",\"@id\":\"https:\/\/digesco.com\/politica-de-cookies\/\",\"url\":\"https:\/\/digesco.com\/politica-de-cookies\/\",\"name\":\"Pol\u00edtica de cookies - Digesco | Empresa de Reformas\",\"isPartOf\":{\"@id\":\"https:\/\/digesco.com\/es\/#website\"},\"datePublished\":\"2023-10-17T16:27:17+00:00\",\"dateModified\":\"2023-10-25T20:25:34+00:00\",\"breadcrumb\":{\"@id\":\"https:\/\/digesco.com\/politica-de-cookies\/#breadcrumb\"},\"inLanguage\":\"es\",\"potentialAction\":[{\"@type\":\"ReadAction\",\"target\":[\"https:\/\/digesco.com\/politica-de-cookies\/\"]}]},{\"@type\":\"BreadcrumbList\",\"@id\":\"https:\/\/digesco.com\/politica-de-cookies\/#breadcrumb\",\"itemListElement\":[{\"@type\":\"ListItem\",\"position\":1,\"name\":\"Portada\",\"item\":\"https:\/\/digesco.com\/es\/\"},{\"@type\":\"ListItem\",\"position\":2,\"name\":\"Pol\u00edtica de cookies\"}]},{\"@type\":\"WebSite\",\"@id\":\"https:\/\/digesco.com\/es\/#website\",\"url\":\"https:\/\/digesco.com\/es\/\",\"name\":\"Digesco | Empresa de Reformas\",\"description\":\"Empresa especializada y dedicada al mundo de la construcci\u00f3n, con trabajos tanto en el \u00e1mbito p\u00fablico como privado. En digesco ofrecemos un servicio integral para la construcci\u00f3n\",\"potentialAction\":[{\"@type\":\"SearchAction\",\"target\":{\"@type\":\"EntryPoint\",\"urlTemplate\":\"https:\/\/digesco.com\/es\/?s={search_term_string}\"},\"query-input\":{\"@type\":\"PropertyValueSpecification\",\"valueRequired\":true,\"valueName\":\"search_term_string\"}}],\"inLanguage\":\"es\"}]}<\/script>\n<!-- \/ Yoast SEO plugin. -->","yoast_head_json":{"title":"Pol\u00edtica de cookies - Digesco | Empresa de Reformas","robots":{"index":"index","follow":"follow","max-snippet":"max-snippet:-1","max-image-preview":"max-image-preview:large","max-video-preview":"max-video-preview:-1"},"canonical":"https:\/\/digesco.com\/es\/politica-de-cookies\/","og_locale":"es_ES","og_type":"article","og_title":"Pol\u00edtica de cookies - Digesco | Empresa de Reformas","og_description":"El nostre lloc web digesco.com utilitza una tecnologia anomenada &#8216;cookie&#8217;, amb la finalitat de poder obtenir informaci\u00f3 sobre l&#8217;\u00fas del lloc web, millorar l&#8217;experi\u00e8ncia de l&#8217;usuari i garantir-ne el correcte funcionament. Definici\u00f3 de Cookie Una &#8216;cookie&#8217; \u00e9s un petit fragment de text que els llocs web envien al navegador i que s&#8217;emmagatzemen en el terminal&hellip;&nbsp;Pol\u00edtica de cookies","og_url":"https:\/\/digesco.com\/es\/politica-de-cookies\/","og_site_name":"Digesco | Empresa de Reformas","article_modified_time":"2023-10-25T20:25:34+00:00","twitter_card":"summary_large_image","twitter_misc":{"Tiempo de lectura":"5 minutos"},"schema":{"@context":"https:\/\/schema.org","@graph":[{"@type":"WebPage","@id":"https:\/\/digesco.com\/politica-de-cookies\/","url":"https:\/\/digesco.com\/politica-de-cookies\/","name":"Pol\u00edtica de cookies - Digesco | Empresa de Reformas","isPartOf":{"@id":"https:\/\/digesco.com\/es\/#website"},"datePublished":"2023-10-17T16:27:17+00:00","dateModified":"2023-10-25T20:25:34+00:00","breadcrumb":{"@id":"https:\/\/digesco.com\/politica-de-cookies\/#breadcrumb"},"inLanguage":"es","potentialAction":[{"@type":"ReadAction","target":["https:\/\/digesco.com\/politica-de-cookies\/"]}]},{"@type":"BreadcrumbList","@id":"https:\/\/digesco.com\/politica-de-cookies\/#breadcrumb","itemListElement":[{"@type":"ListItem","position":1,"name":"Portada","item":"https:\/\/digesco.com\/es\/"},{"@type":"ListItem","position":2,"name":"Pol\u00edtica de cookies"}]},{"@type":"WebSite","@id":"https:\/\/digesco.com\/es\/#website","url":"https:\/\/digesco.com\/es\/","name":"Digesco | Empresa de Reformas","description":"Empresa especializada y dedicada al mundo de la construcci\u00f3n, con trabajos tanto en el \u00e1mbito p\u00fablico como privado. En digesco ofrecemos un servicio integral para la construcci\u00f3n","potentialAction":[{"@type":"SearchAction","target":{"@type":"EntryPoint","urlTemplate":"https:\/\/digesco.com\/es\/?s={search_term_string}"},"query-input":{"@type":"PropertyValueSpecification","valueRequired":true,"valueName":"search_term_string"}}],"inLanguage":"es"}]}},"_links":{"self":[{"href":"https:\/\/digesco.com\/es\/wp-json\/wp\/v2\/pages\/474","targetHints":{"allow":["GET"]}}],"collection":[{"href":"https:\/\/digesco.com\/es\/wp-json\/wp\/v2\/pages"}],"about":[{"href":"https:\/\/digesco.com\/es\/wp-json\/wp\/v2\/types\/page"}],"author":[{"embeddable":true,"href":"https:\/\/digesco.com\/es\/wp-json\/wp\/v2\/users\/2"}],"replies":[{"embeddable":true,"href":"https:\/\/digesco.com\/es\/wp-json\/wp\/v2\/comments?post=474"}],"version-history":[{"count":10,"href":"https:\/\/digesco.com\/es\/wp-json\/wp\/v2\/pages\/474\/revisions"}],"predecessor-version":[{"id":630,"href":"https:\/\/digesco.com\/es\/wp-json\/wp\/v2\/pages\/474\/revisions\/630"}],"wp:attachment":[{"href":"https:\/\/digesco.com\/es\/wp-json\/wp\/v2\/media?parent=474"}],"curies":[{"name":"wp","href":"https:\/\/api.w.org\/{rel}","templated":true}]}}