{"id":1092,"date":"2024-03-28T08:34:16","date_gmt":"2024-03-28T08:34:16","guid":{"rendered":"https:\/\/digesco.com\/?page_id=1092"},"modified":"2024-03-28T08:45:53","modified_gmt":"2024-03-28T08:45:53","slug":"empresa-de-reformas-de-cocinas-en-sabadell","status":"publish","type":"page","link":"https:\/\/digesco.com\/es\/empresa-de-reformas-de-cocinas-en-sabadell\/","title":{"rendered":"Empresa de reformas de cocinas en Sabadell"},"content":{"rendered":"<div data-elementor-type=\"wp-page\" data-elementor-id=\"1092\" class=\"elementor elementor-1092\" data-elementor-post-type=\"page\">\n\t\t\t\t\t\t<section class=\"elementor-section elementor-top-section elementor-element elementor-element-5eb36b22 elementor-section-boxed elementor-section-height-default elementor-section-height-default\" data-id=\"5eb36b22\" data-element_type=\"section\" data-e-type=\"section\">\n\t\t\t\t\t\t<div class=\"elementor-container elementor-column-gap-default\">\n\t\t\t\t\t<div class=\"elementor-column elementor-col-50 elementor-top-column elementor-element elementor-element-20b07713\" data-id=\"20b07713\" data-element_type=\"column\" data-e-type=\"column\">\n\t\t\t<div class=\"elementor-widget-wrap elementor-element-populated\">\n\t\t\t\t\t\t<section class=\"elementor-section elementor-inner-section elementor-element elementor-element-2b4bc00f elementor-section-boxed elementor-section-height-default elementor-section-height-default\" data-id=\"2b4bc00f\" data-element_type=\"section\" data-e-type=\"section\">\n\t\t\t\t\t\t<div class=\"elementor-container elementor-column-gap-default\">\n\t\t\t\t\t<div class=\"elementor-column elementor-col-100 elementor-inner-column elementor-element elementor-element-2c71c917 elementor-invisible\" data-id=\"2c71c917\" data-element_type=\"column\" data-e-type=\"column\" data-settings=\"{&quot;animation&quot;:&quot;fadeInUp&quot;}\">\n\t\t\t<div class=\"elementor-widget-wrap elementor-element-populated\">\n\t\t\t\t\t\t<div class=\"elementor-element elementor-element-331a93e1 elementor-widget elementor-widget-heading\" data-id=\"331a93e1\" data-element_type=\"widget\" data-e-type=\"widget\" data-widget_type=\"heading.default\">\n\t\t\t\t<div class=\"elementor-widget-container\">\n\t\t\t\t\t<h1 class=\"elementor-heading-title elementor-size-default\">Empresa de reformas de cocinas en Sabadell<\/h1>\t\t\t\t<\/div>\n\t\t\t\t<\/div>\n\t\t\t\t<div class=\"elementor-element elementor-element-70cd8a3a elementor-widget elementor-widget-text-editor\" data-id=\"70cd8a3a\" data-element_type=\"widget\" data-e-type=\"widget\" data-widget_type=\"text-editor.default\">\n\t\t\t\t<div class=\"elementor-widget-container\">\n\t\t\t\t\t\t\t\t\t<p style=\"text-align: justify;\">\u00a1Digesco, tu <strong>empresa de reformas de cocinas en Sabadell <\/strong>de confianza! Aqu\u00ed en Digesco, nos enorgullece enormemente ofrecer nuestra vasta experiencia y dedicaci\u00f3n en el \u00e1mbito de las reformas de cocinas. Desde el momento en que nos eliges como tu socio en este emocionante viaje de transformaci\u00f3n, te garantizamos un servicio excepcional y resultados que superar\u00e1n tus expectativas.<\/p><p style=\"text-align: justify;\">Con m\u00e1s de tres d\u00e9cadas de experiencia en la industria de la construcci\u00f3n, hemos liderado numerosos proyectos, convirtiendo las aspiraciones de nuestros clientes en realidad. Como <strong>\u00a0empresa de reformas de cocinas en Sabadell<\/strong> nos comprometemos a alcanzar los m\u00e1s altos est\u00e1ndares de calidad y dise\u00f1o en cada proyecto que emprendemos. Desde la primera consulta hasta la entrega final, trabajamos codo a codo contigo para asegurarnos de que cada detalle de tu nueva cocina refleje tus gustos, necesidades y estilo de vida.<\/p><p style=\"text-align: justify;\">Aqu\u00ed en Digesco, entendemos que una reforma de cocina no es solo una renovaci\u00f3n f\u00edsica, sino una transformaci\u00f3n completa de uno de los espacios m\u00e1s importantes de tu hogar. Como<strong> empresa de reformas de cocinas en Sabadell<\/strong>, nos dedicamos a este desaf\u00edo con pasi\u00f3n y dedicaci\u00f3n. Es por eso que nos esforzamos por no solo crear cocinas funcionales, sino tambi\u00e9n espacios est\u00e9ticamente impresionantes que mejoren tu experiencia diaria y agreguen valor a tu hogar. Estamos comprometidos a superar tus expectativas en cada paso del proceso.<\/p><p style=\"text-align: justify;\">Nuestro equipo de expertos en Digesco est\u00e1 formado por profesionales altamente capacitados y comprometidos, listos para abordar cualquier desaf\u00edo que pueda surgir durante el proceso de reforma de tu cocina. Con un profundo conocimiento de las regulaciones y normativas vigentes, as\u00ed como una comprensi\u00f3n de las \u00faltimas tendencias en dise\u00f1o de cocinas, estamos aqu\u00ed para asegurarte que tu proyecto se complete de manera eficiente y sin problemas.<\/p>\t\t\t\t\t\t\t\t<\/div>\n\t\t\t\t<\/div>\n\t\t\t\t<div class=\"elementor-element elementor-element-d740d4f elementor-align-center elementor-widget elementor-widget-button\" data-id=\"d740d4f\" data-element_type=\"widget\" data-e-type=\"widget\" data-widget_type=\"button.default\">\n\t\t\t\t<div class=\"elementor-widget-container\">\n\t\t\t\t\t\t\t\t\t<div class=\"elementor-button-wrapper\">\n\t\t\t\t\t<a class=\"elementor-button elementor-button-link elementor-size-sm\" href=\"https:\/\/digesco.com\/es\/contacto\/\">\n\t\t\t\t\t\t<span class=\"elementor-button-content-wrapper\">\n\t\t\t\t\t\t\t\t\t<span class=\"elementor-button-text\">CONTACTA CON NOSOTROS<\/span>\n\t\t\t\t\t<\/span>\n\t\t\t\t\t<\/a>\n\t\t\t\t<\/div>\n\t\t\t\t\t\t\t\t<\/div>\n\t\t\t\t<\/div>\n\t\t\t\t<div class=\"elementor-element elementor-element-ab40f60 elementor-widget elementor-widget-text-editor\" data-id=\"ab40f60\" data-element_type=\"widget\" data-e-type=\"widget\" data-widget_type=\"text-editor.default\">\n\t\t\t\t<div class=\"elementor-widget-container\">\n\t\t\t\t\t\t\t\t\t<p style=\"text-align: justify;\">Cada miembro de nuestro equipo est\u00e1 dedicado a proporcionarte el m\u00e1s alto nivel de servicio y calidad en cada etapa del proceso de reforma. Desde la planificaci\u00f3n inicial hasta la ejecuci\u00f3n final, nos esforzamos por superar tus expectativas y garantizar que cada aspecto de tu nueva cocina cumpla con tus deseos y necesidades.<\/p><p style=\"text-align: justify;\">Adem\u00e1s, estamos constantemente actualizados sobre las innovaciones y avances en el mundo del dise\u00f1o de cocinas para ofrecerte las soluciones m\u00e1s modernas y funcionales. Ya sea que est\u00e9s buscando incorporar tecnolog\u00eda de vanguardia o simplemente desees un enfoque cl\u00e1sico y elegante, nuestro equipo trabajar\u00e1 contigo para hacer realidad tu visi\u00f3n.<\/p><p style=\"text-align: justify;\">Puedes confiar en nosotros para manejar todos los detalles t\u00e9cnicos y log\u00edsticos de tu proyecto de reforma de cocina, permiti\u00e9ndote disfrutar del proceso sin preocupaciones. Estamos aqu\u00ed para hacer que tu experiencia de transformar tu cocina sea emocionante, sin complicaciones y, sobre todo, exitosa.<\/p><p style=\"text-align: justify;\">En Digesco, nuestra pasi\u00f3n es hacer realidad tus sue\u00f1os de una cocina perfecta. Como <strong>empresa de reformas de cocinas en Sabadell<\/strong>, nos dedicamos completamente a este arte de transformar espacios culinarios en lugares extraordinarios. As\u00ed que no esperes m\u00e1s, cont\u00e1ctanos hoy mismo y perm\u00edtenos comenzar a trabajar contigo para convertir tu cocina en el espacio extraordinario que siempre has deseado. \u00a1Estamos ansiosos por colaborar contigo y hacer realidad tus visiones de un hogar m\u00e1s hermoso y funcional en Sabadell y m\u00e1s all\u00e1!<\/p>\t\t\t\t\t\t\t\t<\/div>\n\t\t\t\t<\/div>\n\t\t\t\t\t<\/div>\n\t\t<\/div>\n\t\t\t\t\t<\/div>\n\t\t<\/section>\n\t\t\t\t\t<\/div>\n\t\t<\/div>\n\t\t\t\t<div class=\"elementor-column elementor-col-50 elementor-top-column elementor-element elementor-element-2461a1e\" data-id=\"2461a1e\" data-element_type=\"column\" data-e-type=\"column\">\n\t\t\t<div class=\"elementor-widget-wrap elementor-element-populated\">\n\t\t\t\t\t\t<section class=\"elementor-section elementor-inner-section elementor-element elementor-element-81b39c6 elementor-section-boxed elementor-section-height-default elementor-section-height-default\" data-id=\"81b39c6\" data-element_type=\"section\" data-e-type=\"section\">\n\t\t\t\t\t\t<div class=\"elementor-container elementor-column-gap-default\">\n\t\t\t\t\t<div class=\"elementor-column elementor-col-100 elementor-inner-column elementor-element elementor-element-15a0742c elementor-invisible\" data-id=\"15a0742c\" data-element_type=\"column\" data-e-type=\"column\" data-settings=\"{&quot;animation&quot;:&quot;fadeInRight&quot;,&quot;background_background&quot;:&quot;classic&quot;}\">\n\t\t\t<div class=\"elementor-widget-wrap elementor-element-populated\">\n\t\t\t\t\t\t<div class=\"elementor-element elementor-element-f211b16 elementor-widget elementor-widget-heading\" data-id=\"f211b16\" data-element_type=\"widget\" data-e-type=\"widget\" data-widget_type=\"heading.default\">\n\t\t\t\t<div class=\"elementor-widget-container\">\n\t\t\t\t\t<h3 class=\"elementor-heading-title elementor-size-default\">P\u00f3ngase en contacto con nosotros<\/h3>\t\t\t\t<\/div>\n\t\t\t\t<\/div>\n\t\t\t\t<div class=\"elementor-element elementor-element-025291a elementor-widget-divider--view-line elementor-widget elementor-widget-divider\" data-id=\"025291a\" data-element_type=\"widget\" data-e-type=\"widget\" data-widget_type=\"divider.default\">\n\t\t\t\t<div class=\"elementor-widget-container\">\n\t\t\t\t\t\t\t<div class=\"elementor-divider\">\n\t\t\t<span class=\"elementor-divider-separator\">\n\t\t\t\t\t\t<\/span>\n\t\t<\/div>\n\t\t\t\t\t\t<\/div>\n\t\t\t\t<\/div>\n\t\t\t\t<div class=\"elementor-element elementor-element-6fe87dc7 elementor-button-align-start elementor-mobile-button-align-stretch elementor-widget elementor-widget-form\" data-id=\"6fe87dc7\" data-element_type=\"widget\" data-e-type=\"widget\" data-settings=\"{&quot;step_next_label&quot;:&quot;Next&quot;,&quot;step_previous_label&quot;:&quot;Previous&quot;,&quot;button_width&quot;:&quot;100&quot;,&quot;step_type&quot;:&quot;number_text&quot;,&quot;step_icon_shape&quot;:&quot;circle&quot;}\" data-widget_type=\"form.default\">\n\t\t\t\t<div class=\"elementor-widget-container\">\n\t\t\t\t\t\t\t<form class=\"elementor-form\" method=\"post\" name=\"New Form\" aria-label=\"New Form\" action=\"\">\r\n\t\t\t<input type=\"hidden\" name=\"post_id\" value=\"1092\"\/>\r\n\t\t\t<input type=\"hidden\" name=\"form_id\" value=\"6fe87dc7\"\/>\r\n\t\t\t<input type=\"hidden\" name=\"referer_title\" value=\"Empresa de reformas de cocinas en Sabadell - Digesco | Empresa de Reformas\" \/>\r\n\r\n\t\t\t\t\t\t\t<input type=\"hidden\" name=\"queried_id\" value=\"1092\"\/>\r\n\t\t\t\r\n\t\t\t<div class=\"elementor-form-fields-wrapper elementor-labels-above\">\r\n\t\t\t\t\t\t\t\t<div class=\"elementor-field-type-text elementor-field-group elementor-column elementor-field-group-name elementor-col-100 elementor-field-required\">\r\n\t\t\t\t\t\t\t\t\t\t\t\t<label for=\"form-field-name\" class=\"elementor-field-label\">\r\n\t\t\t\t\t\t\t\tNombre\t\t\t\t\t\t\t<\/label>\r\n\t\t\t\t\t\t\t\t\t\t\t\t\t\t<input size=\"1\" type=\"text\" name=\"form_fields[name]\" id=\"form-field-name\" class=\"elementor-field elementor-size-md  elementor-field-textual\" placeholder=\"Nombre\" required=\"required\">\r\n\t\t\t\t\t\t\t\t\t\t\t<\/div>\r\n\t\t\t\t\t\t\t\t<div class=\"elementor-field-type-email elementor-field-group elementor-column elementor-field-group-email elementor-col-100 elementor-field-required\">\r\n\t\t\t\t\t\t\t\t\t\t\t\t<label for=\"form-field-email\" class=\"elementor-field-label\">\r\n\t\t\t\t\t\t\t\tCorreo electr\u00f3nico\t\t\t\t\t\t\t<\/label>\r\n\t\t\t\t\t\t\t\t\t\t\t\t\t\t<input size=\"1\" type=\"email\" name=\"form_fields[email]\" id=\"form-field-email\" class=\"elementor-field elementor-size-md  elementor-field-textual\" placeholder=\"Correo electr\u00f3nico\" required=\"required\">\r\n\t\t\t\t\t\t\t\t\t\t\t<\/div>\r\n\t\t\t\t\t\t\t\t<div class=\"elementor-field-type-text elementor-field-group elementor-column elementor-field-group-field_29a6e76 elementor-col-100\">\r\n\t\t\t\t\t\t\t\t\t\t\t\t<label for=\"form-field-field_29a6e76\" class=\"elementor-field-label\">\r\n\t\t\t\t\t\t\t\tAsunto\t\t\t\t\t\t\t<\/label>\r\n\t\t\t\t\t\t\t\t\t\t\t\t\t\t<input size=\"1\" type=\"text\" name=\"form_fields[field_29a6e76]\" id=\"form-field-field_29a6e76\" class=\"elementor-field elementor-size-md  elementor-field-textual\" placeholder=\"Asunto\">\r\n\t\t\t\t\t\t\t\t\t\t\t<\/div>\r\n\t\t\t\t\t\t\t\t<div class=\"elementor-field-type-textarea elementor-field-group elementor-column elementor-field-group-message elementor-col-100 elementor-field-required\">\r\n\t\t\t\t\t\t\t\t\t\t\t\t<label for=\"form-field-message\" class=\"elementor-field-label\">\r\n\t\t\t\t\t\t\t\tMensaje\t\t\t\t\t\t\t<\/label>\r\n\t\t\t\t\t\t<textarea class=\"elementor-field-textual elementor-field  elementor-size-md\" name=\"form_fields[message]\" id=\"form-field-message\" rows=\"4\" placeholder=\"Mensaje\" required=\"required\"><\/textarea>\t\t\t\t<\/div>\r\n\t\t\t\t\t\t\t\t<div class=\"elementor-field-type-acceptance elementor-field-group elementor-column elementor-field-group-field_2b576c2 elementor-col-100 elementor-field-required\">\r\n\t\t\t\t\t\t\t<div class=\"elementor-field-subgroup\">\r\n\t\t\t<span class=\"elementor-field-option\">\r\n\t\t\t\t<input type=\"checkbox\" name=\"form_fields[field_2b576c2]\" id=\"form-field-field_2b576c2\" class=\"elementor-field elementor-size-md  elementor-acceptance-field\" required=\"required\">\r\n\t\t\t\t<label for=\"form-field-field_2b576c2\">He le\u00eddo y acepto la <a href=\"https:\/\/digesco.com\/es\/politica-de-proteccio-de-dades\/\">pol\u00edtica de privacidad.<\/a><\/label>\t\t\t<\/span>\r\n\t\t<\/div>\r\n\t\t\t\t\t\t<\/div>\r\n\t\t\t\t\t\t\t\t<div class=\"elementor-field-type-text\">\r\n\t\t\t\t\t<input size=\"1\" type=\"text\" name=\"form_fields[field_a82c3cd]\" id=\"form-field-field_a82c3cd\" class=\"elementor-field elementor-size-md\" style=\"display:none !important;\">\t\t\t\t<\/div>\r\n\t\t\t\t\t\t\t\t<div class=\"elementor-field-type-recaptcha_v3 elementor-field-group elementor-column elementor-field-group-field_83e9da5 elementor-col-100 recaptcha_v3-bottomleft\">\r\n\t\t\t\t\t<div class=\"elementor-field\" id=\"form-field-field_83e9da5\"><div class=\"elementor-g-recaptcha\" data-sitekey=\"6Lf7Mx4pAAAAAMhxv999UsnPMn1aPXRQv2xwdd1X\" data-type=\"v3\" data-action=\"Form\" data-badge=\"bottomleft\" data-size=\"invisible\"><\/div><\/div>\t\t\t\t<\/div>\r\n\t\t\t\t\t\t\t\t<div class=\"elementor-field-group elementor-column elementor-field-type-submit elementor-col-100 e-form__buttons\">\r\n\t\t\t\t\t<button class=\"elementor-button elementor-size-md\" type=\"submit\">\r\n\t\t\t\t\t\t<span class=\"elementor-button-content-wrapper\">\r\n\t\t\t\t\t\t\t\t\t\t\t\t\t\t\t\t\t\t\t\t\t\t<span class=\"elementor-button-text\">ENVIAR<\/span>\r\n\t\t\t\t\t\t\t\t\t\t\t\t\t<\/span>\r\n\t\t\t\t\t<\/button>\r\n\t\t\t\t<\/div>\r\n\t\t\t<\/div>\r\n\t\t<input type=\"hidden\" name=\"trp-form-language\" value=\"es\"\/><\/form>\r\n\t\t\t\t\t\t<\/div>\n\t\t\t\t<\/div>\n\t\t\t\t\t<\/div>\n\t\t<\/div>\n\t\t\t\t\t<\/div>\n\t\t<\/section>\n\t\t\t\t\t<\/div>\n\t\t<\/div>\n\t\t\t\t\t<\/div>\n\t\t<\/section>\n\t\t\t\t<\/div>","protected":false},"excerpt":{"rendered":"<p>Empresa de reformas de cocinas en Sabadell \u00a1Digesco, tu empresa de reformas de cocinas en Sabadell de confianza! Aqu\u00ed en Digesco, nos enorgullece enormemente ofrecer nuestra vasta experiencia y dedicaci\u00f3n en el \u00e1mbito de las reformas de cocinas. Desde el momento en que nos eliges como tu socio en este emocionante viaje de transformaci\u00f3n, te&hellip;&nbsp;<a href=\"https:\/\/digesco.com\/es\/empresa-de-reformas-de-cocinas-en-sabadell\/\" rel=\"bookmark\"><span class=\"screen-reader-text\">Empresa de reformas de cocinas en Sabadell<\/span><\/a><\/p>","protected":false},"author":2,"featured_media":0,"parent":0,"menu_order":0,"comment_status":"closed","ping_status":"closed","template":"page-templates\/template-pagebuilder-full-width.php","meta":{"neve_meta_sidebar":"","neve_meta_container":"","neve_meta_enable_content_width":"off","neve_meta_content_width":100,"neve_meta_title_alignment":"","neve_meta_author_avatar":"","neve_post_elements_order":"","neve_meta_disable_header":"","neve_meta_disable_footer":"","neve_meta_disable_title":"","_joinchat":[],"footnotes":""},"class_list":["post-1092","page","type-page","status-publish","hentry"],"yoast_head":"<!-- This site is optimized with the Yoast SEO plugin v26.9 - https:\/\/yoast.com\/product\/yoast-seo-wordpress\/ -->\n<title>Empresa de reformas de cocinas en Sabadell - Digesco | Empresa de Reformas<\/title>\n<meta name=\"robots\" content=\"index, follow, max-snippet:-1, max-image-preview:large, max-video-preview:-1\" \/>\n<link rel=\"canonical\" href=\"https:\/\/digesco.com\/es\/empresa-de-reformas-de-cocinas-en-sabadell\/\" \/>\n<meta property=\"og:locale\" content=\"es_ES\" \/>\n<meta property=\"og:type\" content=\"article\" \/>\n<meta property=\"og:title\" content=\"Empresa de reformas de cocinas en Sabadell - Digesco | Empresa de Reformas\" \/>\n<meta property=\"og:description\" content=\"Empresa de reformas de cocinas en Sabadell \u00a1Digesco, tu empresa de reformas de cocinas en Sabadell de confianza! Aqu\u00ed en Digesco, nos enorgullece enormemente ofrecer nuestra vasta experiencia y dedicaci\u00f3n en el \u00e1mbito de las reformas de cocinas. Desde el momento en que nos eliges como tu socio en este emocionante viaje de transformaci\u00f3n, te&hellip;&nbsp;Empresa de reformas de cocinas en Sabadell\" \/>\n<meta property=\"og:url\" content=\"https:\/\/digesco.com\/es\/empresa-de-reformas-de-cocinas-en-sabadell\/\" \/>\n<meta property=\"og:site_name\" content=\"Digesco | Empresa de Reformas\" \/>\n<meta property=\"article:modified_time\" content=\"2024-03-28T08:45:53+00:00\" \/>\n<meta name=\"twitter:card\" content=\"summary_large_image\" \/>\n<meta name=\"twitter:label1\" content=\"Tiempo de lectura\" \/>\n\t<meta name=\"twitter:data1\" content=\"3 minutos\" \/>\n<script type=\"application\/ld+json\" class=\"yoast-schema-graph\">{\"@context\":\"https:\/\/schema.org\",\"@graph\":[{\"@type\":\"WebPage\",\"@id\":\"https:\/\/digesco.com\/empresa-de-reformas-de-cocinas-en-sabadell\/\",\"url\":\"https:\/\/digesco.com\/empresa-de-reformas-de-cocinas-en-sabadell\/\",\"name\":\"Empresa de reformas de cocinas en Sabadell - Digesco | Empresa de Reformas\",\"isPartOf\":{\"@id\":\"https:\/\/digesco.com\/es\/#website\"},\"datePublished\":\"2024-03-28T08:34:16+00:00\",\"dateModified\":\"2024-03-28T08:45:53+00:00\",\"breadcrumb\":{\"@id\":\"https:\/\/digesco.com\/empresa-de-reformas-de-cocinas-en-sabadell\/#breadcrumb\"},\"inLanguage\":\"es\",\"potentialAction\":[{\"@type\":\"ReadAction\",\"target\":[\"https:\/\/digesco.com\/empresa-de-reformas-de-cocinas-en-sabadell\/\"]}]},{\"@type\":\"BreadcrumbList\",\"@id\":\"https:\/\/digesco.com\/empresa-de-reformas-de-cocinas-en-sabadell\/#breadcrumb\",\"itemListElement\":[{\"@type\":\"ListItem\",\"position\":1,\"name\":\"Portada\",\"item\":\"https:\/\/digesco.com\/es\/\"},{\"@type\":\"ListItem\",\"position\":2,\"name\":\"Empresa de reformas de cocinas en Sabadell\"}]},{\"@type\":\"WebSite\",\"@id\":\"https:\/\/digesco.com\/es\/#website\",\"url\":\"https:\/\/digesco.com\/es\/\",\"name\":\"Digesco | Empresa de Reformas\",\"description\":\"Empresa especializada y dedicada al mundo de la construcci\u00f3n, con trabajos tanto en el \u00e1mbito p\u00fablico como privado. En digesco ofrecemos un servicio integral para la construcci\u00f3n\",\"potentialAction\":[{\"@type\":\"SearchAction\",\"target\":{\"@type\":\"EntryPoint\",\"urlTemplate\":\"https:\/\/digesco.com\/es\/?s={search_term_string}\"},\"query-input\":{\"@type\":\"PropertyValueSpecification\",\"valueRequired\":true,\"valueName\":\"search_term_string\"}}],\"inLanguage\":\"es\"}]}<\/script>\n<!-- \/ Yoast SEO plugin. -->","yoast_head_json":{"title":"Empresa de reformas de cocinas en Sabadell - Digesco | Empresa de Reformas","robots":{"index":"index","follow":"follow","max-snippet":"max-snippet:-1","max-image-preview":"max-image-preview:large","max-video-preview":"max-video-preview:-1"},"canonical":"https:\/\/digesco.com\/es\/empresa-de-reformas-de-cocinas-en-sabadell\/","og_locale":"es_ES","og_type":"article","og_title":"Empresa de reformas de cocinas en Sabadell - Digesco | Empresa de Reformas","og_description":"Empresa de reformas de cocinas en Sabadell \u00a1Digesco, tu empresa de reformas de cocinas en Sabadell de confianza! Aqu\u00ed en Digesco, nos enorgullece enormemente ofrecer nuestra vasta experiencia y dedicaci\u00f3n en el \u00e1mbito de las reformas de cocinas. Desde el momento en que nos eliges como tu socio en este emocionante viaje de transformaci\u00f3n, te&hellip;&nbsp;Empresa de reformas de cocinas en Sabadell","og_url":"https:\/\/digesco.com\/es\/empresa-de-reformas-de-cocinas-en-sabadell\/","og_site_name":"Digesco | Empresa de Reformas","article_modified_time":"2024-03-28T08:45:53+00:00","twitter_card":"summary_large_image","twitter_misc":{"Tiempo de lectura":"3 minutos"},"schema":{"@context":"https:\/\/schema.org","@graph":[{"@type":"WebPage","@id":"https:\/\/digesco.com\/empresa-de-reformas-de-cocinas-en-sabadell\/","url":"https:\/\/digesco.com\/empresa-de-reformas-de-cocinas-en-sabadell\/","name":"Empresa de reformas de cocinas en Sabadell - Digesco | Empresa de Reformas","isPartOf":{"@id":"https:\/\/digesco.com\/es\/#website"},"datePublished":"2024-03-28T08:34:16+00:00","dateModified":"2024-03-28T08:45:53+00:00","breadcrumb":{"@id":"https:\/\/digesco.com\/empresa-de-reformas-de-cocinas-en-sabadell\/#breadcrumb"},"inLanguage":"es","potentialAction":[{"@type":"ReadAction","target":["https:\/\/digesco.com\/empresa-de-reformas-de-cocinas-en-sabadell\/"]}]},{"@type":"BreadcrumbList","@id":"https:\/\/digesco.com\/empresa-de-reformas-de-cocinas-en-sabadell\/#breadcrumb","itemListElement":[{"@type":"ListItem","position":1,"name":"Portada","item":"https:\/\/digesco.com\/es\/"},{"@type":"ListItem","position":2,"name":"Empresa de reformas de cocinas en Sabadell"}]},{"@type":"WebSite","@id":"https:\/\/digesco.com\/es\/#website","url":"https:\/\/digesco.com\/es\/","name":"Digesco | Empresa de Reformas","description":"Empresa especializada y dedicada al mundo de la construcci\u00f3n, con trabajos tanto en el \u00e1mbito p\u00fablico como privado. En digesco ofrecemos un servicio integral para la construcci\u00f3n","potentialAction":[{"@type":"SearchAction","target":{"@type":"EntryPoint","urlTemplate":"https:\/\/digesco.com\/es\/?s={search_term_string}"},"query-input":{"@type":"PropertyValueSpecification","valueRequired":true,"valueName":"search_term_string"}}],"inLanguage":"es"}]}},"_links":{"self":[{"href":"https:\/\/digesco.com\/es\/wp-json\/wp\/v2\/pages\/1092","targetHints":{"allow":["GET"]}}],"collection":[{"href":"https:\/\/digesco.com\/es\/wp-json\/wp\/v2\/pages"}],"about":[{"href":"https:\/\/digesco.com\/es\/wp-json\/wp\/v2\/types\/page"}],"author":[{"embeddable":true,"href":"https:\/\/digesco.com\/es\/wp-json\/wp\/v2\/users\/2"}],"replies":[{"embeddable":true,"href":"https:\/\/digesco.com\/es\/wp-json\/wp\/v2\/comments?post=1092"}],"version-history":[{"count":10,"href":"https:\/\/digesco.com\/es\/wp-json\/wp\/v2\/pages\/1092\/revisions"}],"predecessor-version":[{"id":1107,"href":"https:\/\/digesco.com\/es\/wp-json\/wp\/v2\/pages\/1092\/revisions\/1107"}],"wp:attachment":[{"href":"https:\/\/digesco.com\/es\/wp-json\/wp\/v2\/media?parent=1092"}],"curies":[{"name":"wp","href":"https:\/\/api.w.org\/{rel}","templated":true}]}}