{"id":1090,"date":"2024-07-04T10:06:04","date_gmt":"2024-07-04T10:06:04","guid":{"rendered":"https:\/\/digesco.com\/?page_id=1090"},"modified":"2024-07-04T10:27:54","modified_gmt":"2024-07-04T10:27:54","slug":"reformas-integrales-sant-cugat","status":"publish","type":"page","link":"https:\/\/digesco.com\/es\/reformas-integrales-sant-cugat\/","title":{"rendered":"Reformas integrales Sant Cugat"},"content":{"rendered":"<div data-elementor-type=\"wp-page\" data-elementor-id=\"1090\" class=\"elementor elementor-1090\" data-elementor-post-type=\"page\">\n\t\t\t\t\t\t<section class=\"elementor-section elementor-top-section elementor-element elementor-element-5eb36b22 elementor-section-boxed elementor-section-height-default elementor-section-height-default\" data-id=\"5eb36b22\" data-element_type=\"section\" data-e-type=\"section\">\n\t\t\t\t\t\t<div class=\"elementor-container elementor-column-gap-default\">\n\t\t\t\t\t<div class=\"elementor-column elementor-col-50 elementor-top-column elementor-element elementor-element-20b07713\" data-id=\"20b07713\" data-element_type=\"column\" data-e-type=\"column\">\n\t\t\t<div class=\"elementor-widget-wrap elementor-element-populated\">\n\t\t\t\t\t\t<section class=\"elementor-section elementor-inner-section elementor-element elementor-element-2b4bc00f elementor-section-boxed elementor-section-height-default elementor-section-height-default\" data-id=\"2b4bc00f\" data-element_type=\"section\" data-e-type=\"section\">\n\t\t\t\t\t\t<div class=\"elementor-container elementor-column-gap-default\">\n\t\t\t\t\t<div class=\"elementor-column elementor-col-100 elementor-inner-column elementor-element elementor-element-2c71c917 elementor-invisible\" data-id=\"2c71c917\" data-element_type=\"column\" data-e-type=\"column\" data-settings=\"{&quot;animation&quot;:&quot;fadeInUp&quot;}\">\n\t\t\t<div class=\"elementor-widget-wrap elementor-element-populated\">\n\t\t\t\t\t\t<div class=\"elementor-element elementor-element-331a93e1 elementor-widget elementor-widget-heading\" data-id=\"331a93e1\" data-element_type=\"widget\" data-e-type=\"widget\" data-widget_type=\"heading.default\">\n\t\t\t\t<div class=\"elementor-widget-container\">\n\t\t\t\t\t<h2 class=\"elementor-heading-title elementor-size-default\">Reformas integrales Sant Cugat<\/h2>\t\t\t\t<\/div>\n\t\t\t\t<\/div>\n\t\t\t\t<div class=\"elementor-element elementor-element-70cd8a3a elementor-widget elementor-widget-text-editor\" data-id=\"70cd8a3a\" data-element_type=\"widget\" data-e-type=\"widget\" data-widget_type=\"text-editor.default\">\n\t\t\t\t<div class=\"elementor-widget-container\">\n\t\t\t\t\t\t\t\t\t<h2><b>Reformas integrales en Sant Cugat: transformamos tu espacio<\/b><\/h2>\n<p><span style=\"font-weight: 400;\">En Digesco, somos expertos en <\/span><b>reformas integrales cerca de Sant Cugat<\/b><span style=\"font-weight: 400;\">, ofreciendo soluciones personalizadas y de alta calidad para renovar y mejorar tu hogar o negocio. Nuestro equipo de profesionales se dedica a cada proyecto con atenci\u00f3n al detalle y un compromiso inquebrantable con la satisfacci\u00f3n del cliente. Descubre c\u00f3mo podemos ayudarte a transformar tu espacio con nuestros servicios de reformas integrales.<\/span><\/p>\n<p><span style=\"font-weight: 400;\">Optar por <\/span><b>reformas integrales cerca de Sant Cugat<\/b><span style=\"font-weight: 400;\"> con Digesco significa aprovechar una serie de beneficios que van m\u00e1s all\u00e1 de la simple renovaci\u00f3n est\u00e9tica. Nuestras reformas est\u00e1n dise\u00f1adas para maximizar la funcionalidad y el confort de tu espacio, mejorando su valor y eficiencia energ\u00e9tica. Un proyecto de reforma integral puede modernizar tu hogar, adapt\u00e1ndolo a las necesidades actuales y futuras de tu familia o negocio.<\/span><\/p>\n<p><span style=\"font-weight: 400;\">Adem\u00e1s, nuestras <\/span><b>reformas integrales cerca de Sant Cugat<\/b><span style=\"font-weight: 400;\"> incluyen una planificaci\u00f3n detallada y una ejecuci\u00f3n precisa, lo que garantiza que cada aspecto del proyecto se realice de acuerdo con tus especificaciones. Desde la renovaci\u00f3n de cocinas y ba\u00f1os hasta la remodelaci\u00f3n completa de viviendas y locales comerciales, nuestros servicios est\u00e1n pensados para ofrecer resultados duraderos y de alta calidad.<\/span><\/p>\n<h2><b>Servicios personalizados de reformas integrales en Sant Cugat<\/b><\/h2>\n<p><span style=\"font-weight: 400;\">En Digesco, comprendemos que cada cliente tiene necesidades y gustos \u00fanicos. Por ello, nuestras <\/span><b>reformas integrales cerca de Sant Cugat<\/b><span style=\"font-weight: 400;\"> son completamente personalizables. Trabajamos estrechamente contigo desde el dise\u00f1o inicial hasta la finalizaci\u00f3n del proyecto para asegurarnos de que el resultado final sea exactamente lo que hab\u00edas imaginado.<\/span><\/p>\n<p><span style=\"font-weight: 400;\">Ofrecemos una amplia gama de servicios de <\/span><b>reformas integrales cerca de&nbsp; Sant Cugat<\/b><span style=\"font-weight: 400;\">, que incluyen:<\/span><\/p>\n<ul>\n<li style=\"font-weight: 400;\" aria-level=\"1\"><b>Renovaci\u00f3n de cocinas:<\/b><span style=\"font-weight: 400;\"> Moderniza tu cocina con dise\u00f1os innovadores y materiales de alta calidad.<\/span><\/li>\n<li style=\"font-weight: 400;\" aria-level=\"1\"><b>Reformas de ba\u00f1os:<\/b><span style=\"font-weight: 400;\"> Crea un espacio de relajaci\u00f3n y confort con nuestros dise\u00f1os de ba\u00f1os personalizados.<\/span><\/li>\n<li style=\"font-weight: 400;\" aria-level=\"1\"><b>Remodelaci\u00f3n de interiores:<\/b><span style=\"font-weight: 400;\"> Transforma cualquier espacio de tu hogar o negocio para mejorar su funcionalidad y est\u00e9tica.<\/span><\/li>\n<li style=\"font-weight: 400;\" aria-level=\"1\"><b>Reformas de exteriores:<\/b><span style=\"font-weight: 400;\"> Embellece y optimiza el exterior de tu propiedad, desde fachadas hasta jardines y terrazas.<\/span><\/li>\n<\/ul>\n<h2><b>Compromiso con la calidad en reformas integrales en Sant Cugat<\/b><\/h2>\n<p><span style=\"font-weight: 400;\">En Digesco, nos enorgullecemos de nuestro compromiso con la excelencia y la satisfacci\u00f3n del cliente. Cada proyecto de <\/span><b>reformas integrales cerca de Sant Cugat<\/b><span style=\"font-weight: 400;\"> se aborda con un enfoque detallado y profesional para garantizar resultados que superen tus expectativas. Utilizamos materiales de alta calidad y t\u00e9cnicas de construcci\u00f3n avanzadas para asegurar la durabilidad y el atractivo est\u00e9tico de cada reforma.<\/span><\/p>\n<p><span style=\"font-weight: 400;\">Nuestro equipo de expertos est\u00e1 siempre disponible para asesorarte y brindarte el soporte necesario durante todo el proceso. Nos aseguramos de que cada paso del proyecto sea claro y transparente, manteni\u00e9ndote informado y satisfecho con el progreso de la reforma.<\/span><\/p>\n<p><span style=\"font-weight: 400;\">Si est\u00e1s considerando llevar a cabo <\/span><b>reformas integrales cerca de Sant Cugat<\/b><span style=\"font-weight: 400;\">, no dudes en ponerte en contacto con Digesco. Estamos aqu\u00ed para ayudarte a transformar tu espacio con soluciones personalizadas y de alta calidad que se adapten a tus necesidades y presupuesto. Con nuestra experiencia y dedicaci\u00f3n, garantizamos resultados excepcionales que a\u00f1adir\u00e1n valor y confort a tu hogar o negocio.<\/span><\/p>\t\t\t\t\t\t\t\t<\/div>\n\t\t\t\t<\/div>\n\t\t\t\t\t<\/div>\n\t\t<\/div>\n\t\t\t\t\t<\/div>\n\t\t<\/section>\n\t\t\t\t\t<\/div>\n\t\t<\/div>\n\t\t\t\t<div class=\"elementor-column elementor-col-50 elementor-top-column elementor-element elementor-element-2461a1e\" data-id=\"2461a1e\" data-element_type=\"column\" data-e-type=\"column\">\n\t\t\t<div class=\"elementor-widget-wrap elementor-element-populated\">\n\t\t\t\t\t\t<section class=\"elementor-section elementor-inner-section elementor-element elementor-element-81b39c6 elementor-section-boxed elementor-section-height-default elementor-section-height-default\" data-id=\"81b39c6\" data-element_type=\"section\" data-e-type=\"section\">\n\t\t\t\t\t\t<div class=\"elementor-container elementor-column-gap-default\">\n\t\t\t\t\t<div class=\"elementor-column elementor-col-100 elementor-inner-column elementor-element elementor-element-15a0742c elementor-invisible\" data-id=\"15a0742c\" data-element_type=\"column\" data-e-type=\"column\" data-settings=\"{&quot;animation&quot;:&quot;fadeInRight&quot;,&quot;background_background&quot;:&quot;classic&quot;}\">\n\t\t\t<div class=\"elementor-widget-wrap elementor-element-populated\">\n\t\t\t\t\t\t<div class=\"elementor-element elementor-element-f211b16 elementor-widget elementor-widget-heading\" data-id=\"f211b16\" data-element_type=\"widget\" data-e-type=\"widget\" data-widget_type=\"heading.default\">\n\t\t\t\t<div class=\"elementor-widget-container\">\n\t\t\t\t\t<h3 class=\"elementor-heading-title elementor-size-default\">Cont\u00e1ctanos<\/h3>\t\t\t\t<\/div>\n\t\t\t\t<\/div>\n\t\t\t\t<div class=\"elementor-element elementor-element-025291a elementor-widget-divider--view-line elementor-widget elementor-widget-divider\" data-id=\"025291a\" data-element_type=\"widget\" data-e-type=\"widget\" data-widget_type=\"divider.default\">\n\t\t\t\t<div class=\"elementor-widget-container\">\n\t\t\t\t\t\t\t<div class=\"elementor-divider\">\n\t\t\t<span class=\"elementor-divider-separator\">\n\t\t\t\t\t\t<\/span>\n\t\t<\/div>\n\t\t\t\t\t\t<\/div>\n\t\t\t\t<\/div>\n\t\t\t\t<div class=\"elementor-element elementor-element-6fe87dc7 elementor-button-align-start elementor-mobile-button-align-stretch elementor-widget elementor-widget-form\" data-id=\"6fe87dc7\" data-element_type=\"widget\" data-e-type=\"widget\" data-settings=\"{&quot;step_next_label&quot;:&quot;Next&quot;,&quot;step_previous_label&quot;:&quot;Previous&quot;,&quot;button_width&quot;:&quot;100&quot;,&quot;step_type&quot;:&quot;number_text&quot;,&quot;step_icon_shape&quot;:&quot;circle&quot;}\" data-widget_type=\"form.default\">\n\t\t\t\t<div class=\"elementor-widget-container\">\n\t\t\t\t\t\t\t<form class=\"elementor-form\" method=\"post\" name=\"New Form\" aria-label=\"New Form\" action=\"\">\r\n\t\t\t<input type=\"hidden\" name=\"post_id\" value=\"1090\"\/>\r\n\t\t\t<input type=\"hidden\" name=\"form_id\" value=\"6fe87dc7\"\/>\r\n\t\t\t<input type=\"hidden\" name=\"referer_title\" value=\"Reformas integrales Sant Cugat - Digesco | Empresa de Reformas\" \/>\r\n\r\n\t\t\t\t\t\t\t<input type=\"hidden\" name=\"queried_id\" value=\"1090\"\/>\r\n\t\t\t\r\n\t\t\t<div class=\"elementor-form-fields-wrapper elementor-labels-above\">\r\n\t\t\t\t\t\t\t\t<div class=\"elementor-field-type-text elementor-field-group elementor-column elementor-field-group-name elementor-col-100 elementor-field-required\">\r\n\t\t\t\t\t\t\t\t\t\t\t\t<label for=\"form-field-name\" class=\"elementor-field-label\">\r\n\t\t\t\t\t\t\t\tN\u00famero\t\t\t\t\t\t\t<\/label>\r\n\t\t\t\t\t\t\t\t\t\t\t\t\t\t<input size=\"1\" type=\"text\" name=\"form_fields[name]\" id=\"form-field-name\" class=\"elementor-field elementor-size-md  elementor-field-textual\" placeholder=\"N\u00famero\" required=\"required\">\r\n\t\t\t\t\t\t\t\t\t\t\t<\/div>\r\n\t\t\t\t\t\t\t\t<div class=\"elementor-field-type-email elementor-field-group elementor-column elementor-field-group-email elementor-col-100 elementor-field-required\">\r\n\t\t\t\t\t\t\t\t\t\t\t\t<label for=\"form-field-email\" class=\"elementor-field-label\">\r\n\t\t\t\t\t\t\t\tCorreo electr\u00f3nico\t\t\t\t\t\t\t<\/label>\r\n\t\t\t\t\t\t\t\t\t\t\t\t\t\t<input size=\"1\" type=\"email\" name=\"form_fields[email]\" id=\"form-field-email\" class=\"elementor-field elementor-size-md  elementor-field-textual\" placeholder=\"Correo electr\u00f3nico\" required=\"required\">\r\n\t\t\t\t\t\t\t\t\t\t\t<\/div>\r\n\t\t\t\t\t\t\t\t<div class=\"elementor-field-type-tel elementor-field-group elementor-column elementor-field-group-field_29a6e76 elementor-col-100 elementor-field-required\">\r\n\t\t\t\t\t\t\t\t\t\t\t\t<label for=\"form-field-field_29a6e76\" class=\"elementor-field-label\">\r\n\t\t\t\t\t\t\t\tTel\u00e9fono\t\t\t\t\t\t\t<\/label>\r\n\t\t\t\t\t\t\t\t<input size=\"1\" type=\"tel\" name=\"form_fields[field_29a6e76]\" id=\"form-field-field_29a6e76\" class=\"elementor-field elementor-size-md  elementor-field-textual\" placeholder=\"Tel\u00e9fono\" required=\"required\" pattern=\"[0-9()#&amp;+*-=.]+\" title=\"S\u00f3lo se aceptan n\u00fameros y caracteres de tel\u00e9fono (#, -, *, etc.).\" data-no-translation-title=\"\">\r\n\r\n\t\t\t\t\t\t<\/div>\r\n\t\t\t\t\t\t\t\t<div class=\"elementor-field-type-textarea elementor-field-group elementor-column elementor-field-group-message elementor-col-100 elementor-field-required\">\r\n\t\t\t\t\t\t\t\t\t\t\t\t<label for=\"form-field-message\" class=\"elementor-field-label\">\r\n\t\t\t\t\t\t\t\tMensaje\t\t\t\t\t\t\t<\/label>\r\n\t\t\t\t\t\t<textarea class=\"elementor-field-textual elementor-field  elementor-size-md\" name=\"form_fields[message]\" id=\"form-field-message\" rows=\"4\" placeholder=\"Mensaje\" required=\"required\"><\/textarea>\t\t\t\t<\/div>\r\n\t\t\t\t\t\t\t\t<div class=\"elementor-field-type-acceptance elementor-field-group elementor-column elementor-field-group-field_2b576c2 elementor-col-100 elementor-field-required\">\r\n\t\t\t\t\t\t\t<div class=\"elementor-field-subgroup\">\r\n\t\t\t<span class=\"elementor-field-option\">\r\n\t\t\t\t<input type=\"checkbox\" name=\"form_fields[field_2b576c2]\" id=\"form-field-field_2b576c2\" class=\"elementor-field elementor-size-md  elementor-acceptance-field\" required=\"required\">\r\n\t\t\t\t<label for=\"form-field-field_2b576c2\">He le\u00eddo y acepto la pol\u00edtica de privacidad.<\/label>\t\t\t<\/span>\r\n\t\t<\/div>\r\n\t\t\t\t\t\t<\/div>\r\n\t\t\t\t\t\t\t\t<div class=\"elementor-field-type-text\">\r\n\t\t\t\t\t<input size=\"1\" type=\"text\" name=\"form_fields[field_c554630]\" id=\"form-field-field_c554630\" class=\"elementor-field elementor-size-md\" style=\"display:none !important;\">\t\t\t\t<\/div>\r\n\t\t\t\t\t\t\t\t<div class=\"elementor-field-type-recaptcha_v3 elementor-field-group elementor-column elementor-field-group-field_ec7a482 elementor-col-100 recaptcha_v3-bottomleft\">\r\n\t\t\t\t\t<div class=\"elementor-field\" id=\"form-field-field_ec7a482\"><div class=\"elementor-g-recaptcha\" data-sitekey=\"6Lf7Mx4pAAAAAMhxv999UsnPMn1aPXRQv2xwdd1X\" data-type=\"v3\" data-action=\"Form\" data-badge=\"bottomleft\" data-size=\"invisible\"><\/div><\/div>\t\t\t\t<\/div>\r\n\t\t\t\t\t\t\t\t<div class=\"elementor-field-group elementor-column elementor-field-type-submit elementor-col-100 e-form__buttons\">\r\n\t\t\t\t\t<button class=\"elementor-button elementor-size-md\" type=\"submit\">\r\n\t\t\t\t\t\t<span class=\"elementor-button-content-wrapper\">\r\n\t\t\t\t\t\t\t\t\t\t\t\t\t\t\t\t\t\t\t\t\t\t<span class=\"elementor-button-text\">ENVIAR<\/span>\r\n\t\t\t\t\t\t\t\t\t\t\t\t\t<\/span>\r\n\t\t\t\t\t<\/button>\r\n\t\t\t\t<\/div>\r\n\t\t\t<\/div>\r\n\t\t<input type=\"hidden\" name=\"trp-form-language\" value=\"es\"\/><\/form>\r\n\t\t\t\t\t\t<\/div>\n\t\t\t\t<\/div>\n\t\t\t\t\t<\/div>\n\t\t<\/div>\n\t\t\t\t\t<\/div>\n\t\t<\/section>\n\t\t\t\t\t<\/div>\n\t\t<\/div>\n\t\t\t\t\t<\/div>\n\t\t<\/section>\n\t\t\t\t<\/div>","protected":false},"excerpt":{"rendered":"<p>Reformas integrales Sant Cugat Reformas integrales en Sant Cugat: transformamos tu espacio En Digesco, somos expertos en reformas integrales cerca de Sant Cugat, ofreciendo soluciones personalizadas y de alta calidad para renovar y mejorar tu hogar o negocio. Nuestro equipo de profesionales se dedica a cada proyecto con atenci\u00f3n al detalle y un compromiso inquebrantable&hellip;&nbsp;<a href=\"https:\/\/digesco.com\/es\/reformas-integrales-sant-cugat\/\" rel=\"bookmark\"><span class=\"screen-reader-text\">Reformas integrales Sant Cugat<\/span><\/a><\/p>","protected":false},"author":2,"featured_media":0,"parent":0,"menu_order":0,"comment_status":"closed","ping_status":"closed","template":"page-templates\/template-pagebuilder-full-width.php","meta":{"neve_meta_sidebar":"","neve_meta_container":"","neve_meta_enable_content_width":"off","neve_meta_content_width":100,"neve_meta_title_alignment":"","neve_meta_author_avatar":"","neve_post_elements_order":"","neve_meta_disable_header":"","neve_meta_disable_footer":"","neve_meta_disable_title":"","_joinchat":[],"footnotes":""},"class_list":["post-1090","page","type-page","status-publish","hentry"],"yoast_head":"<!-- This site is optimized with the Yoast SEO plugin v26.9 - https:\/\/yoast.com\/product\/yoast-seo-wordpress\/ -->\n<title>Reformas integrales Sant Cugat - Digesco | Empresa de Reformas<\/title>\n<meta name=\"robots\" content=\"index, follow, max-snippet:-1, max-image-preview:large, max-video-preview:-1\" \/>\n<link rel=\"canonical\" href=\"https:\/\/digesco.com\/es\/reformas-integrales-sant-cugat\/\" \/>\n<meta property=\"og:locale\" content=\"es_ES\" \/>\n<meta property=\"og:type\" content=\"article\" \/>\n<meta property=\"og:title\" content=\"Reformas integrales Sant Cugat - Digesco | Empresa de Reformas\" \/>\n<meta property=\"og:description\" content=\"Reformas integrales Sant Cugat Reformas integrales en Sant Cugat: transformamos tu espacio En Digesco, somos expertos en reformas integrales cerca de Sant Cugat, ofreciendo soluciones personalizadas y de alta calidad para renovar y mejorar tu hogar o negocio. Nuestro equipo de profesionales se dedica a cada proyecto con atenci\u00f3n al detalle y un compromiso inquebrantable&hellip;&nbsp;Reformas integrales Sant Cugat\" \/>\n<meta property=\"og:url\" content=\"https:\/\/digesco.com\/es\/reformas-integrales-sant-cugat\/\" \/>\n<meta property=\"og:site_name\" content=\"Digesco | Empresa de Reformas\" \/>\n<meta property=\"article:modified_time\" content=\"2024-07-04T10:27:54+00:00\" \/>\n<meta name=\"twitter:card\" content=\"summary_large_image\" \/>\n<meta name=\"twitter:label1\" content=\"Tiempo de lectura\" \/>\n\t<meta name=\"twitter:data1\" content=\"3 minutos\" \/>\n<script type=\"application\/ld+json\" class=\"yoast-schema-graph\">{\"@context\":\"https:\/\/schema.org\",\"@graph\":[{\"@type\":\"WebPage\",\"@id\":\"https:\/\/digesco.com\/reformas-integrales-sant-cugat\/\",\"url\":\"https:\/\/digesco.com\/reformas-integrales-sant-cugat\/\",\"name\":\"Reformas integrales Sant Cugat - Digesco | Empresa de Reformas\",\"isPartOf\":{\"@id\":\"https:\/\/digesco.com\/es\/#website\"},\"datePublished\":\"2024-07-04T10:06:04+00:00\",\"dateModified\":\"2024-07-04T10:27:54+00:00\",\"breadcrumb\":{\"@id\":\"https:\/\/digesco.com\/reformas-integrales-sant-cugat\/#breadcrumb\"},\"inLanguage\":\"es\",\"potentialAction\":[{\"@type\":\"ReadAction\",\"target\":[\"https:\/\/digesco.com\/reformas-integrales-sant-cugat\/\"]}]},{\"@type\":\"BreadcrumbList\",\"@id\":\"https:\/\/digesco.com\/reformas-integrales-sant-cugat\/#breadcrumb\",\"itemListElement\":[{\"@type\":\"ListItem\",\"position\":1,\"name\":\"Portada\",\"item\":\"https:\/\/digesco.com\/es\/\"},{\"@type\":\"ListItem\",\"position\":2,\"name\":\"Reformas integrales Sant Cugat\"}]},{\"@type\":\"WebSite\",\"@id\":\"https:\/\/digesco.com\/es\/#website\",\"url\":\"https:\/\/digesco.com\/es\/\",\"name\":\"Digesco | Empresa de Reformas\",\"description\":\"Empresa especializada y dedicada al mundo de la construcci\u00f3n, con trabajos tanto en el \u00e1mbito p\u00fablico como privado. En digesco ofrecemos un servicio integral para la construcci\u00f3n\",\"potentialAction\":[{\"@type\":\"SearchAction\",\"target\":{\"@type\":\"EntryPoint\",\"urlTemplate\":\"https:\/\/digesco.com\/es\/?s={search_term_string}\"},\"query-input\":{\"@type\":\"PropertyValueSpecification\",\"valueRequired\":true,\"valueName\":\"search_term_string\"}}],\"inLanguage\":\"es\"}]}<\/script>\n<!-- \/ Yoast SEO plugin. -->","yoast_head_json":{"title":"Reformas integrales Sant Cugat - Digesco | Empresa de Reformas","robots":{"index":"index","follow":"follow","max-snippet":"max-snippet:-1","max-image-preview":"max-image-preview:large","max-video-preview":"max-video-preview:-1"},"canonical":"https:\/\/digesco.com\/es\/reformas-integrales-sant-cugat\/","og_locale":"es_ES","og_type":"article","og_title":"Reformas integrales Sant Cugat - Digesco | Empresa de Reformas","og_description":"Reformas integrales Sant Cugat Reformas integrales en Sant Cugat: transformamos tu espacio En Digesco, somos expertos en reformas integrales cerca de Sant Cugat, ofreciendo soluciones personalizadas y de alta calidad para renovar y mejorar tu hogar o negocio. Nuestro equipo de profesionales se dedica a cada proyecto con atenci\u00f3n al detalle y un compromiso inquebrantable&hellip;&nbsp;Reformas integrales Sant Cugat","og_url":"https:\/\/digesco.com\/es\/reformas-integrales-sant-cugat\/","og_site_name":"Digesco | Empresa de Reformas","article_modified_time":"2024-07-04T10:27:54+00:00","twitter_card":"summary_large_image","twitter_misc":{"Tiempo de lectura":"3 minutos"},"schema":{"@context":"https:\/\/schema.org","@graph":[{"@type":"WebPage","@id":"https:\/\/digesco.com\/reformas-integrales-sant-cugat\/","url":"https:\/\/digesco.com\/reformas-integrales-sant-cugat\/","name":"Reformas integrales Sant Cugat - Digesco | Empresa de Reformas","isPartOf":{"@id":"https:\/\/digesco.com\/es\/#website"},"datePublished":"2024-07-04T10:06:04+00:00","dateModified":"2024-07-04T10:27:54+00:00","breadcrumb":{"@id":"https:\/\/digesco.com\/reformas-integrales-sant-cugat\/#breadcrumb"},"inLanguage":"es","potentialAction":[{"@type":"ReadAction","target":["https:\/\/digesco.com\/reformas-integrales-sant-cugat\/"]}]},{"@type":"BreadcrumbList","@id":"https:\/\/digesco.com\/reformas-integrales-sant-cugat\/#breadcrumb","itemListElement":[{"@type":"ListItem","position":1,"name":"Portada","item":"https:\/\/digesco.com\/es\/"},{"@type":"ListItem","position":2,"name":"Reformas integrales Sant Cugat"}]},{"@type":"WebSite","@id":"https:\/\/digesco.com\/es\/#website","url":"https:\/\/digesco.com\/es\/","name":"Digesco | Empresa de Reformas","description":"Empresa especializada y dedicada al mundo de la construcci\u00f3n, con trabajos tanto en el \u00e1mbito p\u00fablico como privado. En digesco ofrecemos un servicio integral para la construcci\u00f3n","potentialAction":[{"@type":"SearchAction","target":{"@type":"EntryPoint","urlTemplate":"https:\/\/digesco.com\/es\/?s={search_term_string}"},"query-input":{"@type":"PropertyValueSpecification","valueRequired":true,"valueName":"search_term_string"}}],"inLanguage":"es"}]}},"_links":{"self":[{"href":"https:\/\/digesco.com\/es\/wp-json\/wp\/v2\/pages\/1090","targetHints":{"allow":["GET"]}}],"collection":[{"href":"https:\/\/digesco.com\/es\/wp-json\/wp\/v2\/pages"}],"about":[{"href":"https:\/\/digesco.com\/es\/wp-json\/wp\/v2\/types\/page"}],"author":[{"embeddable":true,"href":"https:\/\/digesco.com\/es\/wp-json\/wp\/v2\/users\/2"}],"replies":[{"embeddable":true,"href":"https:\/\/digesco.com\/es\/wp-json\/wp\/v2\/comments?post=1090"}],"version-history":[{"count":8,"href":"https:\/\/digesco.com\/es\/wp-json\/wp\/v2\/pages\/1090\/revisions"}],"predecessor-version":[{"id":1191,"href":"https:\/\/digesco.com\/es\/wp-json\/wp\/v2\/pages\/1090\/revisions\/1191"}],"wp:attachment":[{"href":"https:\/\/digesco.com\/es\/wp-json\/wp\/v2\/media?parent=1090"}],"curies":[{"name":"wp","href":"https:\/\/api.w.org\/{rel}","templated":true}]}}